{"id":6362,"date":"2025-08-28T20:31:32","date_gmt":"2025-08-28T18:31:32","guid":{"rendered":"https:\/\/datteleria.de\/product\/tahini-sesampaste\/"},"modified":"2025-08-28T20:31:32","modified_gmt":"2025-08-28T18:31:32","slug":"tahini-sesampaste","status":"publish","type":"product","link":"https:\/\/datteleria.de\/de\/product\/tahini-sesampaste\/","title":{"rendered":"Tahini \u2013 Sesampaste"},"content":{"rendered":"<p>Tahini \u2013 Sesampaste<br \/>\nTahini ist eine cremige Paste aus schonend ger\u00f6steten und fein gemahlenen Sesamsamen. Sie ist reich an wertvollen N\u00e4hrstoffen, voller pflanzlicher Proteine, gesunder Fette, Mineralstoffe und Vitamine. Mit ihrem intensiven, nussigen Aroma ist sie vielseitig einsetzbar \u2013 als Basis f\u00fcr Hummus, Dressings und Saucen oder zum Verfeinern von s\u00fc\u00dfen und herzhaften Gerichten. Besonders k\u00f6stlich schmeckt Tahini zusammen mit frischen Datteln oder in Kombination mit Dattelsirup. 100 % nat\u00fcrlich, ohne Zusatzstoffe.<\/p>\n","protected":false},"excerpt":{"rendered":"<p>The price: 350 g : 5 \u20ac (1.42 \u20ac \/ 100g)<br \/>\nEnth\u00e4lt 7% MwSt.<br \/>\nzzgl. Versand (ab 45\u20ac versandkostenfrei)<br \/>\nLieferzeit: ca. 3-5 Werktage<\/p>\n","protected":false},"featured_media":6361,"comment_status":"open","ping_status":"closed","template":"","meta":[],"product_brand":[],"product_cat":[191,196],"product_tag":[],"class_list":{"0":"post-6362","1":"product","2":"type-product","3":"status-publish","4":"has-post-thumbnail","6":"product_cat-aufstrich","7":"product_cat-konfekt","9":"first","10":"instock","11":"shipping-taxable","12":"purchasable","13":"product-type-simple"},"_links":{"self":[{"href":"https:\/\/datteleria.de\/de\/wp-json\/wp\/v2\/product\/6362","targetHints":{"allow":["GET"]}}],"collection":[{"href":"https:\/\/datteleria.de\/de\/wp-json\/wp\/v2\/product"}],"about":[{"href":"https:\/\/datteleria.de\/de\/wp-json\/wp\/v2\/types\/product"}],"replies":[{"embeddable":true,"href":"https:\/\/datteleria.de\/de\/wp-json\/wp\/v2\/comments?post=6362"}],"wp:featuredmedia":[{"embeddable":true,"href":"https:\/\/datteleria.de\/de\/wp-json\/wp\/v2\/media\/6361"}],"wp:attachment":[{"href":"https:\/\/datteleria.de\/de\/wp-json\/wp\/v2\/media?parent=6362"}],"wp:term":[{"taxonomy":"product_brand","embeddable":true,"href":"https:\/\/datteleria.de\/de\/wp-json\/wp\/v2\/product_brand?post=6362"},{"taxonomy":"product_cat","embeddable":true,"href":"https:\/\/datteleria.de\/de\/wp-json\/wp\/v2\/product_cat?post=6362"},{"taxonomy":"product_tag","embeddable":true,"href":"https:\/\/datteleria.de\/de\/wp-json\/wp\/v2\/product_tag?post=6362"}],"curies":[{"name":"wp","href":"https:\/\/api.w.org\/{rel}","templated":true}]}}