{"id":6304,"date":"2025-06-02T17:26:55","date_gmt":"2025-06-02T15:26:55","guid":{"rendered":"https:\/\/datteleria.de\/product\/kalamanski\/"},"modified":"2026-04-08T02:44:25","modified_gmt":"2026-04-08T00:44:25","slug":"kalamanski","status":"publish","type":"product","link":"https:\/\/datteleria.de\/de\/product\/kalamanski\/","title":{"rendered":"Kalamanski"},"content":{"rendered":"<p>Die weltweit erste bewusste Luxusmarke zum Trinken.<br \/>\nKalamanski. Inspirierend anders.<\/p>\n<p>Kalamanski \u2013 eine wahre Geschmacksexplosion<br \/>\nBer\u00fchrt nicht nur den Gaumen, sondern auch die Seele.<\/p>\n<p>Pur oder als Mixgetr\u00e4nk wird Dich der Kalamanski auf jeden Fall \u00fcberraschen und inspirieren. Er basiert auf der einzigartigen Interpretation der philippinischen Zitrusfrucht Calamansi \u2013 nach einer geheimen Rezeptur von Philipp Kalamanski.<\/p>\n<p>Die Calamansifrucht ist in ihrer Urform eher sauer und dennoch verbindet sie s\u00fc\u00dfe Akzente der Mandarine, Maracuja und der Kumquat. Geschmacklich erinnert die Frucht an die sch\u00f6nen Zeiten der Kindheit, den unendlichen Sommer und das Gef\u00fchl, dass alles m\u00f6glich sei.<\/p>\n<p>Lass auch Du Dich von Kalamanski verzaubern.<\/p>\n<p>Kalamanski \u2013<br \/>\nBringt goldene Zeiten in dein Leben.<\/p>\n","protected":false},"excerpt":{"rendered":"<p>Prise: 16,5\u20ac<br \/>\nEnth\u00e4lt 7% MwSt.<br \/>\nzzgl. Versand (ab 45\u20ac versandkostenfrei)<br \/>\nLieferzeit: ca. 3-5 Werktage<\/p>\n","protected":false},"featured_media":6313,"comment_status":"open","ping_status":"closed","template":"","meta":[],"product_brand":[241],"product_cat":[243],"product_tag":[244],"class_list":{"0":"post-6304","1":"product","2":"type-product","3":"status-publish","4":"has-post-thumbnail","6":"product_brand-kalamanski","7":"product_cat-trinken","8":"product_tag-kalamanski-de","10":"first","11":"instock","12":"featured","13":"shipping-taxable","14":"purchasable","15":"product-type-simple"},"_links":{"self":[{"href":"https:\/\/datteleria.de\/de\/wp-json\/wp\/v2\/product\/6304","targetHints":{"allow":["GET"]}}],"collection":[{"href":"https:\/\/datteleria.de\/de\/wp-json\/wp\/v2\/product"}],"about":[{"href":"https:\/\/datteleria.de\/de\/wp-json\/wp\/v2\/types\/product"}],"replies":[{"embeddable":true,"href":"https:\/\/datteleria.de\/de\/wp-json\/wp\/v2\/comments?post=6304"}],"wp:featuredmedia":[{"embeddable":true,"href":"https:\/\/datteleria.de\/de\/wp-json\/wp\/v2\/media\/6313"}],"wp:attachment":[{"href":"https:\/\/datteleria.de\/de\/wp-json\/wp\/v2\/media?parent=6304"}],"wp:term":[{"taxonomy":"product_brand","embeddable":true,"href":"https:\/\/datteleria.de\/de\/wp-json\/wp\/v2\/product_brand?post=6304"},{"taxonomy":"product_cat","embeddable":true,"href":"https:\/\/datteleria.de\/de\/wp-json\/wp\/v2\/product_cat?post=6304"},{"taxonomy":"product_tag","embeddable":true,"href":"https:\/\/datteleria.de\/de\/wp-json\/wp\/v2\/product_tag?post=6304"}],"curies":[{"name":"wp","href":"https:\/\/api.w.org\/{rel}","templated":true}]}}