{"id":5910,"date":"2023-12-04T09:22:14","date_gmt":"2023-12-04T08:35:34","guid":{"rendered":"https:\/\/datteleria.de\/product\/munefi\/"},"modified":"2026-02-11T18:48:58","modified_gmt":"2026-02-11T17:48:58","slug":"munefi","status":"publish","type":"product","link":"https:\/\/datteleria.de\/de\/product\/munefi\/","title":{"rendered":"Munefi Large"},"content":{"rendered":"<p>Nehmen Sie sich Zeit f\u00fcr eine Gourmet-Pause und probieren Sie unsere <strong>Muneif-Datteln<\/strong> aus Anbau.<br \/>\nEs ist an der Zeit, eine seltene Dattel zu entdecken, die der breiten \u00d6ffentlichkeit kaum bekannt ist und von gro\u00dfer Geschmacksqualit\u00e4t ist, die au\u00dfergew\u00f6hnlichen Geschmack und eine einzigartige Konsistenz direkt aus Saudi-Arabien vereint.<\/p>\n<p>S\u00fc\u00df, zart und mit einem guten Honiggeschmack offenbart sich diese Sorte unter zartem und schmelzendem Fruchtfleisch.<\/p>\n<p>N\u00e4hrwerte pro 100g:<br \/>\nKalorien &#8211; 314 kcal<br \/>\nGesamtfett \u2013 0,2 g (1 % der empfohlenen Tagesdosis*)<br \/>\nGes\u00e4ttigte Fette \u2013 0 g<br \/>\nGesamtkohlenhydrate \u2013 75,4 g (26 % der empfohlenen Tagesdosis)<br \/>\nBallaststoffe \u2013 8,6 g (39 % der empfohlenen Tagesdosis)<br \/>\nGesamtzucker: 61 g<br \/>\nProtein \u2013 2,7 g (5,45 % der empfohlenen Tagesdosis)<br \/>\nKalzium \u2013 57,1 mg (0,3 % der empfohlenen Tagesdosis)<br \/>\nKalium \u2013 653 mg (20 % der empfohlenen Tagesdosis)<br \/>\nNatrium \u2013 1,6 mg (0,82 % der empfohlenen Tagesdosis)<br \/>\nEisen \u2013 0,82 mg (2 % der empfohlenen Tagesdosis)<\/p>\n<p>* RDA: Prozentsatz der empfohlenen Tagesdosis<\/p>\n","protected":false},"excerpt":{"rendered":"<p>11,65\u20ac \/ 450g (30\u20ac\/1kg)<br \/>\n75\u20ac \/ 3 kg (24\u20ac\/1kg)<br \/>\n90,65\u20ac \/ 5 kg (18,13\u20ac\/1kg)<br \/>\nEnth\u00e4lt 7% MwSt.<br \/>\nzzgl. Versand (ab 45\u20ac versandkostenfrei)<br \/>\nLieferzeit: ca. 3-5 Werktage<\/p>\n","protected":false},"featured_media":5905,"comment_status":"open","ping_status":"closed","template":"","meta":[],"product_brand":[],"product_cat":[101],"product_tag":[174],"class_list":{"0":"post-5910","1":"product","2":"type-product","3":"status-publish","4":"has-post-thumbnail","6":"product_cat-dattel","7":"product_tag-getrocknete-einfache-datteln","9":"first","10":"instock","11":"shipping-taxable","12":"purchasable","13":"product-type-variable"},"_links":{"self":[{"href":"https:\/\/datteleria.de\/de\/wp-json\/wp\/v2\/product\/5910","targetHints":{"allow":["GET"]}}],"collection":[{"href":"https:\/\/datteleria.de\/de\/wp-json\/wp\/v2\/product"}],"about":[{"href":"https:\/\/datteleria.de\/de\/wp-json\/wp\/v2\/types\/product"}],"replies":[{"embeddable":true,"href":"https:\/\/datteleria.de\/de\/wp-json\/wp\/v2\/comments?post=5910"}],"wp:featuredmedia":[{"embeddable":true,"href":"https:\/\/datteleria.de\/de\/wp-json\/wp\/v2\/media\/5905"}],"wp:attachment":[{"href":"https:\/\/datteleria.de\/de\/wp-json\/wp\/v2\/media?parent=5910"}],"wp:term":[{"taxonomy":"product_brand","embeddable":true,"href":"https:\/\/datteleria.de\/de\/wp-json\/wp\/v2\/product_brand?post=5910"},{"taxonomy":"product_cat","embeddable":true,"href":"https:\/\/datteleria.de\/de\/wp-json\/wp\/v2\/product_cat?post=5910"},{"taxonomy":"product_tag","embeddable":true,"href":"https:\/\/datteleria.de\/de\/wp-json\/wp\/v2\/product_tag?post=5910"}],"curies":[{"name":"wp","href":"https:\/\/api.w.org\/{rel}","templated":true}]}}