{"id":5851,"date":"2023-09-16T12:26:56","date_gmt":"2023-09-16T10:26:56","guid":{"rendered":"https:\/\/datteleria.de\/product\/tamrella-mit-kakao-400g\/"},"modified":"2025-08-21T18:02:06","modified_gmt":"2025-08-21T16:02:06","slug":"tamrella-mit-kakao-400g","status":"publish","type":"product","link":"https:\/\/datteleria.de\/de\/product\/tamrella-mit-kakao-400g\/","title":{"rendered":"Datteleria Creme mit Kakao und Haselnuss"},"content":{"rendered":"<p>Datteleria Creme mit Kakao und Haselnuss<br \/>\n, zuckerfreie Dattelpaste mit Kakaogeschmack und Haselnuss. Diese Paste wird aus Datteln hergestellt und mit Kakao und Haseln\u00fcssen vermischt, um eine cremige und k\u00f6stliche Aufstrichkonsistenz zu erhalten. Sie ist vegan Produkten und Zuckerfrei, was sie zu einer gesunden und zugleich k\u00f6stlichen Option f\u00fcr Naschkatzen und Gesundheitsbewusste macht.<\/p>\n<p><strong>Tamrella mit Kakoa<\/strong> eignet sich hervorragend als Aufstrich auf Brot, Cr\u00eapes oder Pfannkuchen oder als F\u00fcllung f\u00fcr Desserts und Geb\u00e4ck.<\/p>\n<p><img loading=\"lazy\" decoding=\"async\" class=\"size-full wp-image-5853\" src=\"https:\/\/datteleria.de\/wp-content\/uploads\/2023\/09\/Tamrella-with-cocoa-400g-Nutrition.jpg\" alt=\"Tamrella-with-cocoa-400g-Nutrition\" width=\"528\" height=\"534\" srcset=\"https:\/\/datteleria.de\/wp-content\/uploads\/2023\/09\/Tamrella-with-cocoa-400g-Nutrition.jpg 528w, https:\/\/datteleria.de\/wp-content\/uploads\/2023\/09\/Tamrella-with-cocoa-400g-Nutrition-297x300.jpg 297w, https:\/\/datteleria.de\/wp-content\/uploads\/2023\/09\/Tamrella-with-cocoa-400g-Nutrition-100x100.jpg 100w, https:\/\/datteleria.de\/wp-content\/uploads\/2023\/09\/Tamrella-with-cocoa-400g-Nutrition-59x60.jpg 59w, https:\/\/datteleria.de\/wp-content\/uploads\/2023\/09\/Tamrella-with-cocoa-400g-Nutrition-89x90.jpg 89w\" sizes=\"auto, (max-width: 528px) 100vw, 528px\" \/><\/p>\n","protected":false},"excerpt":{"rendered":"<p>Prise: \u20ac7.95 \/ 270g (\u20ac29.44 \/ 1kg)<br \/>\nEnth\u00e4lt 7% MwSt.<br \/>\nzzgl. Versand (ab 45\u20ac versandkostenfrei)<br \/>\nLieferzeit: ca. 3-5 Werktage<\/p>\n<p>\u00a0<\/p>\n","protected":false},"featured_media":6348,"comment_status":"open","ping_status":"closed","template":"","meta":[],"product_brand":[],"product_cat":[191],"product_tag":[],"class_list":{"0":"post-5851","1":"product","2":"type-product","3":"status-publish","4":"has-post-thumbnail","6":"product_cat-aufstrich","8":"first","9":"instock","10":"featured","11":"shipping-taxable","12":"purchasable","13":"product-type-simple"},"_links":{"self":[{"href":"https:\/\/datteleria.de\/de\/wp-json\/wp\/v2\/product\/5851","targetHints":{"allow":["GET"]}}],"collection":[{"href":"https:\/\/datteleria.de\/de\/wp-json\/wp\/v2\/product"}],"about":[{"href":"https:\/\/datteleria.de\/de\/wp-json\/wp\/v2\/types\/product"}],"replies":[{"embeddable":true,"href":"https:\/\/datteleria.de\/de\/wp-json\/wp\/v2\/comments?post=5851"}],"wp:featuredmedia":[{"embeddable":true,"href":"https:\/\/datteleria.de\/de\/wp-json\/wp\/v2\/media\/6348"}],"wp:attachment":[{"href":"https:\/\/datteleria.de\/de\/wp-json\/wp\/v2\/media?parent=5851"}],"wp:term":[{"taxonomy":"product_brand","embeddable":true,"href":"https:\/\/datteleria.de\/de\/wp-json\/wp\/v2\/product_brand?post=5851"},{"taxonomy":"product_cat","embeddable":true,"href":"https:\/\/datteleria.de\/de\/wp-json\/wp\/v2\/product_cat?post=5851"},{"taxonomy":"product_tag","embeddable":true,"href":"https:\/\/datteleria.de\/de\/wp-json\/wp\/v2\/product_tag?post=5851"}],"curies":[{"name":"wp","href":"https:\/\/api.w.org\/{rel}","templated":true}]}}