{"id":5834,"date":"2023-08-28T19:30:04","date_gmt":"2023-08-28T17:30:04","guid":{"rendered":"https:\/\/datteleria.de\/product\/amlo-mit-mandel\/"},"modified":"2023-09-16T12:51:34","modified_gmt":"2023-09-16T10:51:34","slug":"dattelaufstrich-mit-mandelcreme-250g","status":"publish","type":"product","link":"https:\/\/datteleria.de\/de\/product\/dattelaufstrich-mit-mandelcreme-250g\/","title":{"rendered":"Dattelaufstrich mit Mandelcreme 250g"},"content":{"rendered":"<p><strong>Zutaten :<\/strong> Dattelsirup, Oliven\u00f6l, Salz und Mandeln<\/p>\n<p>Der Geschmack von Dattelsirup mit Mandel ist eine k\u00f6stliche Kombination aus s\u00fc\u00dfen und nussigen Aromen.<\/p>\n<p><strong>S\u00fc\u00dfe:<\/strong> Die Dattelsirup ist von Natur aus s\u00fc\u00df, da sie aus Datteln hergestellt wird, die einen nat\u00fcrlichen Zuckergehalt haben. Diese S\u00fc\u00dfe ist reichhaltig und angenehm.<\/p>\n<p><strong>Nussigkeit:<\/strong> Das Mandelmus f\u00fcgt eine k\u00f6stliche nussige Note hinzu. Mandeln haben ein leicht s\u00fc\u00dfes und cremiges Aroma, das sich gut mit der nat\u00fcrlichen S\u00fc\u00dfe der Datteln kombiniert.<\/p>\n<p><strong>Cremigkeit:<\/strong> Die Textur dieser Kombination ist cremig und samtig. Das Mandelmus tr\u00e4gt zur cremigen Konsistenz bei und erg\u00e4nzt die s\u00fc\u00dfen und nussigen Aromen.<\/p>\n<p><strong>Ausgewogenheit:<\/strong> Die Mischung aus Datteln und Mandelmus ergibt ein ausgewogenes Geschmackserlebnis, bei dem die S\u00fc\u00dfe der Datteln und die Nussigkeit des Mandelmus gut harmonieren.<\/p>\n<p>Insgesamt ist der Geschmack von Dattel-Amlo eine leckere Kombination aus s\u00fc\u00dfen, nussigen und cremigen Elementen, die oft in Desserts oder als Aufstrich f\u00fcr Brot oder Geb\u00e4ck verwendet wird.<\/p>\n<p><img loading=\"lazy\" decoding=\"async\" class=\"alignnone size-full wp-image-5855\" src=\"https:\/\/datteleria.de\/wp-content\/uploads\/2023\/08\/Amlo-Dattel-mit-Mandel-Nutrition.jpg\" alt=\"\" width=\"517\" height=\"543\" srcset=\"https:\/\/datteleria.de\/wp-content\/uploads\/2023\/08\/Amlo-Dattel-mit-Mandel-Nutrition.jpg 517w, https:\/\/datteleria.de\/wp-content\/uploads\/2023\/08\/Amlo-Dattel-mit-Mandel-Nutrition-286x300.jpg 286w, https:\/\/datteleria.de\/wp-content\/uploads\/2023\/08\/Amlo-Dattel-mit-Mandel-Nutrition-57x60.jpg 57w, https:\/\/datteleria.de\/wp-content\/uploads\/2023\/08\/Amlo-Dattel-mit-Mandel-Nutrition-86x90.jpg 86w\" sizes=\"auto, (max-width: 517px) 100vw, 517px\" \/><\/p>\n","protected":false},"excerpt":{"rendered":"<p>Prise: 8\u20ac ( 100g  3,20\u20ac)<br \/>\nEnth\u00e4lt 7% MwSt.<br \/>\nzzgl. Versand (ab 45\u20ac versandkostenfrei)<br \/>\nLieferzeit: ca. 3-5 Werktage<\/p>\n<p>&nbsp;<\/p>\n","protected":false},"featured_media":6340,"comment_status":"open","ping_status":"closed","template":"","meta":[],"product_brand":[],"product_cat":[191],"product_tag":[],"class_list":{"0":"post-5834","1":"product","2":"type-product","3":"status-publish","4":"has-post-thumbnail","6":"product_cat-aufstrich","8":"first","9":"instock","10":"featured","11":"shipping-taxable","12":"purchasable","13":"product-type-simple"},"_links":{"self":[{"href":"https:\/\/datteleria.de\/de\/wp-json\/wp\/v2\/product\/5834","targetHints":{"allow":["GET"]}}],"collection":[{"href":"https:\/\/datteleria.de\/de\/wp-json\/wp\/v2\/product"}],"about":[{"href":"https:\/\/datteleria.de\/de\/wp-json\/wp\/v2\/types\/product"}],"replies":[{"embeddable":true,"href":"https:\/\/datteleria.de\/de\/wp-json\/wp\/v2\/comments?post=5834"}],"wp:featuredmedia":[{"embeddable":true,"href":"https:\/\/datteleria.de\/de\/wp-json\/wp\/v2\/media\/6340"}],"wp:attachment":[{"href":"https:\/\/datteleria.de\/de\/wp-json\/wp\/v2\/media?parent=5834"}],"wp:term":[{"taxonomy":"product_brand","embeddable":true,"href":"https:\/\/datteleria.de\/de\/wp-json\/wp\/v2\/product_brand?post=5834"},{"taxonomy":"product_cat","embeddable":true,"href":"https:\/\/datteleria.de\/de\/wp-json\/wp\/v2\/product_cat?post=5834"},{"taxonomy":"product_tag","embeddable":true,"href":"https:\/\/datteleria.de\/de\/wp-json\/wp\/v2\/product_tag?post=5834"}],"curies":[{"name":"wp","href":"https:\/\/api.w.org\/{rel}","templated":true}]}}