{"id":5490,"date":"2021-10-16T18:35:18","date_gmt":"2021-10-16T16:55:38","guid":{"rendered":"https:\/\/datteleria.de\/?post_type=product&#038;p=5490"},"modified":"2021-10-16T21:05:12","modified_gmt":"2021-10-16T19:05:12","slug":"gefuellte-safawi-datteln-mit-pistazien","status":"publish","type":"product","link":"https:\/\/datteleria.de\/de\/product\/gefuellte-safawi-datteln-mit-pistazien\/","title":{"rendered":"Gef\u00fcllte Safawi-Datteln mit pistazien"},"content":{"rendered":"<p>Safawi Datteln ist eine von besten Dattel-Sorten und sie f\u00fcr die Behandlung von An\u00e4mie und Intoxikationen bekannt.<br \/>\nPistazien sind ein leckerer und n\u00e4hrstoffreicher Snack, der mit mehr als 15 wichtigen N\u00e4hrstoffen, darunter Antioxidantien und Ballaststoffe, auch reichlich pflanzliche Proteine in sich tr\u00e4gt.<\/p>\n<ul>\n<li><strong>Dieses Produkt enth\u00e4lt Dattelkerne<\/strong><\/li>\n<li><strong>An einem k\u00fchlen und trockenen Platz aufbewahren<\/strong><\/li>\n<\/ul>\n","protected":false},"excerpt":{"rendered":"<p>Price: 1 Kg \/ 48 \u20ac<\/p>\n<p>Verpackungsgr\u00f6\u00dfe: 250g, 500 g und 1 Kg<br \/>\nEnth\u00e4lt 7% MwSt.<br \/>\nzzgl. Versand (ab 45\u20ac versandkostenfrei)<br \/>\nLieferzeit: ca. 3-5 Werktage<\/p>\n","protected":false},"featured_media":5488,"comment_status":"open","ping_status":"closed","template":"","meta":[],"product_brand":[],"product_cat":[104],"product_tag":[],"class_list":{"0":"post-5490","1":"product","2":"type-product","3":"status-publish","4":"has-post-thumbnail","6":"product_cat-gefuellte-datteln","8":"first","9":"instock","10":"shipping-taxable","11":"purchasable","12":"product-type-variable"},"_links":{"self":[{"href":"https:\/\/datteleria.de\/de\/wp-json\/wp\/v2\/product\/5490","targetHints":{"allow":["GET"]}}],"collection":[{"href":"https:\/\/datteleria.de\/de\/wp-json\/wp\/v2\/product"}],"about":[{"href":"https:\/\/datteleria.de\/de\/wp-json\/wp\/v2\/types\/product"}],"replies":[{"embeddable":true,"href":"https:\/\/datteleria.de\/de\/wp-json\/wp\/v2\/comments?post=5490"}],"wp:featuredmedia":[{"embeddable":true,"href":"https:\/\/datteleria.de\/de\/wp-json\/wp\/v2\/media\/5488"}],"wp:attachment":[{"href":"https:\/\/datteleria.de\/de\/wp-json\/wp\/v2\/media?parent=5490"}],"wp:term":[{"taxonomy":"product_brand","embeddable":true,"href":"https:\/\/datteleria.de\/de\/wp-json\/wp\/v2\/product_brand?post=5490"},{"taxonomy":"product_cat","embeddable":true,"href":"https:\/\/datteleria.de\/de\/wp-json\/wp\/v2\/product_cat?post=5490"},{"taxonomy":"product_tag","embeddable":true,"href":"https:\/\/datteleria.de\/de\/wp-json\/wp\/v2\/product_tag?post=5490"}],"curies":[{"name":"wp","href":"https:\/\/api.w.org\/{rel}","templated":true}]}}