{"id":5365,"date":"2021-05-01T14:47:06","date_gmt":"2021-05-01T12:47:06","guid":{"rendered":"https:\/\/datteleria.de\/product\/luxus-handgefertigte-geschenkbox\/"},"modified":"2025-03-13T07:48:28","modified_gmt":"2025-03-13T06:48:28","slug":"luxus-handgefertigte-geschenkbox","status":"publish","type":"product","link":"https:\/\/datteleria.de\/de\/product\/luxus-handgefertigte-geschenkbox\/","title":{"rendered":"Luxus handgefertigte Geschenkbox"},"content":{"rendered":"<p><span style=\"font-weight: 400;\">Luxus handgefertigte Holz- Premium Qualit\u00e4t. Perfekt, um Accessoires in einer unverwechselbaren Form zu halten. Passt f\u00fcr 7 &#8211; 14 St\u00fcck Schoko-Datteln.<\/span><\/p>\n","protected":false},"excerpt":{"rendered":"<p>Price: 12 \u20ac \/ 1 St\u00fcck<br \/>\nEnth\u00e4lt 7% MwSt.<br \/>\nzzgl. Versand (ab 45\u20ac versandkostenfrei)<br \/>\nLieferzeit: ca. 3-5 Werktage<\/p>\n","protected":false},"featured_media":5364,"comment_status":"open","ping_status":"closed","template":"","meta":[],"product_brand":[],"product_cat":[187],"product_tag":[185],"class_list":{"0":"post-5365","1":"product","2":"type-product","3":"status-publish","4":"has-post-thumbnail","6":"product_cat-geschenkbox","7":"product_tag-luxus-handgefertigte-geschenkbox","9":"first","10":"outofstock","11":"shipping-taxable","12":"purchasable","13":"product-type-simple"},"_links":{"self":[{"href":"https:\/\/datteleria.de\/de\/wp-json\/wp\/v2\/product\/5365","targetHints":{"allow":["GET"]}}],"collection":[{"href":"https:\/\/datteleria.de\/de\/wp-json\/wp\/v2\/product"}],"about":[{"href":"https:\/\/datteleria.de\/de\/wp-json\/wp\/v2\/types\/product"}],"replies":[{"embeddable":true,"href":"https:\/\/datteleria.de\/de\/wp-json\/wp\/v2\/comments?post=5365"}],"wp:featuredmedia":[{"embeddable":true,"href":"https:\/\/datteleria.de\/de\/wp-json\/wp\/v2\/media\/5364"}],"wp:attachment":[{"href":"https:\/\/datteleria.de\/de\/wp-json\/wp\/v2\/media?parent=5365"}],"wp:term":[{"taxonomy":"product_brand","embeddable":true,"href":"https:\/\/datteleria.de\/de\/wp-json\/wp\/v2\/product_brand?post=5365"},{"taxonomy":"product_cat","embeddable":true,"href":"https:\/\/datteleria.de\/de\/wp-json\/wp\/v2\/product_cat?post=5365"},{"taxonomy":"product_tag","embeddable":true,"href":"https:\/\/datteleria.de\/de\/wp-json\/wp\/v2\/product_tag?post=5365"}],"curies":[{"name":"wp","href":"https:\/\/api.w.org\/{rel}","templated":true}]}}