{"id":5354,"date":"2021-04-22T21:38:10","date_gmt":"2021-04-22T19:38:10","guid":{"rendered":"https:\/\/datteleria.de\/product\/dates-with-cocoa-200-gdatteln-mit-kakaomasse-200-g\/"},"modified":"2024-02-29T15:26:20","modified_gmt":"2024-02-29T14:26:20","slug":"datteln-mit-kakaomasse-200-g","status":"publish","type":"product","link":"https:\/\/datteleria.de\/de\/product\/datteln-mit-kakaomasse-200-g\/","title":{"rendered":"Datteln mit Kakaomasse 200 g"},"content":{"rendered":"<p>Majdool-Dattel in Premiumqualit\u00e4t Ohne Kerne, halb in Kakaomasse getaucht, versiegelt in einem hochwertigen, leicht zu \u00f6ffnenden PET-Gef\u00e4\u00df mit Deckelabdeckung.<br \/>\n\u2022 Vegan<br \/>\n\u2022 Ohne Zucker<\/p>\n<p><img loading=\"lazy\" decoding=\"async\" class=\"alignnone size-full wp-image-5353\" src=\"https:\/\/datteleria.de\/wp-content\/uploads\/2021\/04\/dates-cacao-nutrition.jpeg\" alt=\"\" width=\"516\" height=\"140\" srcset=\"https:\/\/datteleria.de\/wp-content\/uploads\/2021\/04\/dates-cacao-nutrition.jpeg 516w, https:\/\/datteleria.de\/wp-content\/uploads\/2021\/04\/dates-cacao-nutrition-300x81.jpeg 300w\" sizes=\"auto, (max-width: 516px) 100vw, 516px\" \/><\/p>\n","protected":false},"excerpt":{"rendered":"<p>Verpackungsgr\u00f6\u00dfe: (8 \u20ac \/ 200 g) (4 \u20ac \/ 100 g)<br \/>\nEnth\u00e4lt 7% MwSt.<br \/>\nzzgl.\u00a0<a href=\"https:\/\/datteleria.de\/de\/versandinformationen\/\" target=\"_blank\" rel=\"noopener noreferrer\">Versand<\/a>\u00a0(ab 45\u20ac versandkostenfrei)<br \/>\nLieferzeit: ca. 3-5 Werktage<\/p>\n","protected":false},"featured_media":6355,"comment_status":"open","ping_status":"closed","template":"","meta":[],"product_brand":[],"product_cat":[110],"product_tag":[],"class_list":{"0":"post-5354","1":"product","2":"type-product","3":"status-publish","4":"has-post-thumbnail","6":"product_cat-schokodatteln","8":"first","9":"outofstock","10":"shipping-taxable","11":"purchasable","12":"product-type-simple"},"_links":{"self":[{"href":"https:\/\/datteleria.de\/de\/wp-json\/wp\/v2\/product\/5354","targetHints":{"allow":["GET"]}}],"collection":[{"href":"https:\/\/datteleria.de\/de\/wp-json\/wp\/v2\/product"}],"about":[{"href":"https:\/\/datteleria.de\/de\/wp-json\/wp\/v2\/types\/product"}],"replies":[{"embeddable":true,"href":"https:\/\/datteleria.de\/de\/wp-json\/wp\/v2\/comments?post=5354"}],"wp:featuredmedia":[{"embeddable":true,"href":"https:\/\/datteleria.de\/de\/wp-json\/wp\/v2\/media\/6355"}],"wp:attachment":[{"href":"https:\/\/datteleria.de\/de\/wp-json\/wp\/v2\/media?parent=5354"}],"wp:term":[{"taxonomy":"product_brand","embeddable":true,"href":"https:\/\/datteleria.de\/de\/wp-json\/wp\/v2\/product_brand?post=5354"},{"taxonomy":"product_cat","embeddable":true,"href":"https:\/\/datteleria.de\/de\/wp-json\/wp\/v2\/product_cat?post=5354"},{"taxonomy":"product_tag","embeddable":true,"href":"https:\/\/datteleria.de\/de\/wp-json\/wp\/v2\/product_tag?post=5354"}],"curies":[{"name":"wp","href":"https:\/\/api.w.org\/{rel}","templated":true}]}}