{"id":5332,"date":"2021-03-25T09:05:02","date_gmt":"2021-03-25T08:06:44","guid":{"rendered":"https:\/\/datteleria.de\/?post_type=product&#038;p=5332"},"modified":"2025-08-21T17:52:56","modified_gmt":"2025-08-21T15:52:56","slug":"datteln-toffee-360g","status":"publish","type":"product","link":"https:\/\/datteleria.de\/de\/product\/datteln-toffee-360g\/","title":{"rendered":"Datteln Toffee 270g"},"content":{"rendered":"<p><span style=\"font-weight: 400;\">Ein reichhaltiges, fummeliges, dickes, cremiges und vielseitiges Produkt aus Dattelsirup, Milchcreme und Milchschokolade. K\u00f6stlich auf Pfannkuchen, bei Eis oder hei\u00dfem Toast, beim F\u00fcllen von Kuchen und Desserts oder direkt aus dem Glas.\u00a0<\/span><\/p>\n<figure id=\"attachment_5329\" aria-describedby=\"caption-attachment-5329\" style=\"width: 624px\" class=\"wp-caption alignnone\"><img loading=\"lazy\" decoding=\"async\" class=\"size-full wp-image-5328\" src=\"https:\/\/datteleria.de\/wp-content\/uploads\/2021\/03\/image002.png\" alt=\"Dates Toffee\" width=\"624\" height=\"680\" srcset=\"https:\/\/datteleria.de\/wp-content\/uploads\/2021\/03\/image002.png 624w, https:\/\/datteleria.de\/wp-content\/uploads\/2021\/03\/image002-275x300.png 275w, https:\/\/datteleria.de\/wp-content\/uploads\/2021\/03\/image002-600x654.png 600w\" sizes=\"auto, (max-width: 624px) 100vw, 624px\" \/><figcaption id=\"caption-attachment-5329\" class=\"wp-caption-text\">Dates Toffee<\/figcaption><\/figure>\n","protected":false},"excerpt":{"rendered":"<p>\u20ac7.95 \/ 270g (\u20ac29.44 \/ 1kg)<br \/>\nEnth\u00e4lt 7% MwSt.<br \/>\nzzgl. Versand (ab 45\u20ac versandkostenfrei)<br \/>\nLieferzeit: ca. 3-5 Werktage<\/p>\n","protected":false},"featured_media":6352,"comment_status":"open","ping_status":"closed","template":"","meta":[],"product_brand":[],"product_cat":[191],"product_tag":[],"class_list":{"0":"post-5332","1":"product","2":"type-product","3":"status-publish","4":"has-post-thumbnail","6":"product_cat-aufstrich","8":"first","9":"instock","10":"shipping-taxable","11":"purchasable","12":"product-type-simple"},"_links":{"self":[{"href":"https:\/\/datteleria.de\/de\/wp-json\/wp\/v2\/product\/5332","targetHints":{"allow":["GET"]}}],"collection":[{"href":"https:\/\/datteleria.de\/de\/wp-json\/wp\/v2\/product"}],"about":[{"href":"https:\/\/datteleria.de\/de\/wp-json\/wp\/v2\/types\/product"}],"replies":[{"embeddable":true,"href":"https:\/\/datteleria.de\/de\/wp-json\/wp\/v2\/comments?post=5332"}],"wp:featuredmedia":[{"embeddable":true,"href":"https:\/\/datteleria.de\/de\/wp-json\/wp\/v2\/media\/6352"}],"wp:attachment":[{"href":"https:\/\/datteleria.de\/de\/wp-json\/wp\/v2\/media?parent=5332"}],"wp:term":[{"taxonomy":"product_brand","embeddable":true,"href":"https:\/\/datteleria.de\/de\/wp-json\/wp\/v2\/product_brand?post=5332"},{"taxonomy":"product_cat","embeddable":true,"href":"https:\/\/datteleria.de\/de\/wp-json\/wp\/v2\/product_cat?post=5332"},{"taxonomy":"product_tag","embeddable":true,"href":"https:\/\/datteleria.de\/de\/wp-json\/wp\/v2\/product_tag?post=5332"}],"curies":[{"name":"wp","href":"https:\/\/api.w.org\/{rel}","templated":true}]}}