{"id":5130,"date":"2020-06-04T15:20:48","date_gmt":"2020-06-04T13:20:48","guid":{"rendered":"https:\/\/datteleria.de\/product\/bio-majdool-dattel\/"},"modified":"2026-02-11T18:52:10","modified_gmt":"2026-02-11T17:52:10","slug":"majdool-dattel","status":"publish","type":"product","link":"https:\/\/datteleria.de\/de\/product\/majdool-dattel\/","title":{"rendered":"Majdool-Datteln"},"content":{"rendered":"<p><strong>Majdool-Datteln<\/strong><\/p>\n<p>Die K\u00f6nigin der Datteln<\/p>\n<p>Medjool-Datteln haben einen reichen Geschmack und eine weiche, einzigartige Textur. Medjool-Datteln sind gro\u00df und l\u00e4nglich mit einer br\u00e4unlich-roten Schale.<\/p>\n<p>Zutaten: Majdool-Datteln (mit Kern)<\/p>\n<p>Allergie: Kein<br \/>\nHersteller: Saudi Arabia<\/p>\n<p>Durchschnittliche N\u00e4hrwerte je 100 g<\/p>\n<p>Energie 319 Kcal<br \/>\nZucker 73 %<br \/>\nFruktose\/Glukose 33\/40<br \/>\nGesamtfett 0,13 mg<br \/>\nGes\u00e4ttigte Fetts\u00e4uren 0<br \/>\nTrans Fett 0<br \/>\nCholesterin 0<br \/>\nKalium 656 mg<br \/>\nNatrium 16,08 mg<\/p>\n<p>Gesamte Kohlenhydrate 69,81 g<br \/>\nBallaststoffe 6,79 g<br \/>\nEiwei\u00df 2.57 g<br \/>\nKalzium 36,36 mg<br \/>\nMagnesium 64,73 mg<br \/>\nEisen 0,76 mg<br \/>\nPhosphor 42,04 mg<br \/>\nZink 0,47 mg<br \/>\nCopper 0,18 mg<br \/>\nManganerze 0,24 mg<br \/>\nKobalt 1,6 mg<br \/>\nPotassium 452,97 mg<\/p>\n","protected":false},"excerpt":{"rendered":"<p>Enth\u00e4lt 7% MwSt.<br \/>\nzzgl. Versand (ab 45\u20ac versandkostenfrei)<br \/>\nLieferzeit: ca. 3-5 Werktage<\/p>\n","protected":false},"featured_media":5127,"comment_status":"open","ping_status":"closed","template":"","meta":[],"product_brand":[],"product_cat":[101],"product_tag":[251],"class_list":{"0":"post-5130","1":"product","2":"type-product","3":"status-publish","4":"has-post-thumbnail","6":"product_cat-dattel","7":"product_tag-datteln-de","9":"first","10":"instock","11":"shipping-taxable","12":"purchasable","13":"product-type-variable"},"_links":{"self":[{"href":"https:\/\/datteleria.de\/de\/wp-json\/wp\/v2\/product\/5130","targetHints":{"allow":["GET"]}}],"collection":[{"href":"https:\/\/datteleria.de\/de\/wp-json\/wp\/v2\/product"}],"about":[{"href":"https:\/\/datteleria.de\/de\/wp-json\/wp\/v2\/types\/product"}],"replies":[{"embeddable":true,"href":"https:\/\/datteleria.de\/de\/wp-json\/wp\/v2\/comments?post=5130"}],"wp:featuredmedia":[{"embeddable":true,"href":"https:\/\/datteleria.de\/de\/wp-json\/wp\/v2\/media\/5127"}],"wp:attachment":[{"href":"https:\/\/datteleria.de\/de\/wp-json\/wp\/v2\/media?parent=5130"}],"wp:term":[{"taxonomy":"product_brand","embeddable":true,"href":"https:\/\/datteleria.de\/de\/wp-json\/wp\/v2\/product_brand?post=5130"},{"taxonomy":"product_cat","embeddable":true,"href":"https:\/\/datteleria.de\/de\/wp-json\/wp\/v2\/product_cat?post=5130"},{"taxonomy":"product_tag","embeddable":true,"href":"https:\/\/datteleria.de\/de\/wp-json\/wp\/v2\/product_tag?post=5130"}],"curies":[{"name":"wp","href":"https:\/\/api.w.org\/{rel}","templated":true}]}}