{"id":5124,"date":"2020-06-04T15:05:48","date_gmt":"2020-06-04T13:05:48","guid":{"rendered":"https:\/\/datteleria.de\/product\/eingelegte-datteln\/"},"modified":"2024-05-22T00:08:27","modified_gmt":"2024-05-21T22:08:27","slug":"eingelegte-datteln","status":"publish","type":"product","link":"https:\/\/datteleria.de\/de\/product\/eingelegte-datteln\/","title":{"rendered":"Eingelegte Datteln"},"content":{"rendered":"<p>Einlegen ist ein Konservierungsprozess der dem Produkt Haltbarkeit und Geschmack verleiht.<\/p>\n<p>Die Datteln werden gehackt und mit Zitronenst\u00fccken gemischt und mit Oliven\u00f6l in ein Glas gegeben. Der Geschmack kann mit destilliertem wei\u00dfem Essig und Salz verfeinert werden.<\/p>\n<p>Das Produkt hat einen herrlichen Geschmack und kann mit verschiedenen Mahlzeiten und Salaten konsumiert werden.<\/p>\n<p>Es ist eine reiche Quelle f\u00fcr Ballaststoffen, Eisen, Kalium, B- Vitamine und Antioxidantien.<\/p>\n<p><strong>Durchnittliche N\u00e4hrwerte je 30 g<\/strong><\/p>\n<p>Zutaten: Frische Datteln 55%, Oliven\u00f6l 43%, Zitrone 3%, Essig und Salz.<\/p>\n<p><img loading=\"lazy\" decoding=\"async\" class=\"size-full\" src=\"https:\/\/gm1.ggpht.com\/k0sHGCMi0Z_OvfFpypCbvn0WsW3JmxAEAxkOnCoeMm8FNPbbyu62BYW0il1dp-xZJ-pGXP8m87Z8z2sFUaStMjUozZMmZZr-ovD9wAUr6mSqo_RFtvLf7PNVPYQpqnO0edGT2NaRYNeSWrah36tyB2v3H9VB1Zw5_IVB8lnlUQHvnEe2KcuGJxku3wUUTRJdQ_ULn1Mt9BxczrLy8Ot-tut-zxSyh3SVYZ04Nj_2yIaybxk04HKJKIBTI8GJ8zu8auwOhQhcM-h3mcWiItp1mYFWoCEVWLmpeipK7rxkikcs0o7rNgKhEoN6qUpAH9mWBJO0eVwb4Gv-mLobwWdSFHSHZPs8lSzkv-kQIRn8dzCgzoOdv-eB8gqN106icmCpMLCrI0Lfe4jQyVJXTSSXS7ghQhnWI2zjaw9kNOvnn7SedFtsDvYVHnZuhbtREfz6SzoRhmypuE2DCbfEm1gUphfpFiLnPW_XD2CZGpXjxvQ1WNnWYUUAplgp9si-PCXdSLQKr4wTZeZAhO1ZSrx0ZqmnGunFk6wHRJG3vpuXU4h0s6S_i6_h_1OiXgeuivU67U7iLAq9rsGsJZ92vgX9fysAWPDs1VJlnPNKG790xesqGc8mryySwq8BC2QKLpuXb9E7sLiKcpLKIXC_qlLa1YQWHhvSWownx-sH4LtCxjDo-V2j4j0cz7prm5wv2Z32FrM2Y60BOvDsp6Sl79T1_3r95jSyGFq2MVf3k5E9LBp_6JO_zlBCXYaFORKCy8Ak9Ec=s0-l75-ft-l75-ft\" alt=\"Pickled Dates \" width=\"222\" height=\"214\" \/><\/p>\n","protected":false},"excerpt":{"rendered":"<p>Price: 300 g \/ 10 \u20ac (3.3\u20ac \/ 100g)<br \/>\nEnth\u00e4lt 7% MwSt.<br \/>\nzzgl. Versand (ab 45\u20ac versandkostenfrei)<br \/>\nLieferzeit: ca. 3-5 Werktage<\/p>\n","protected":false},"featured_media":5120,"comment_status":"open","ping_status":"closed","template":"","meta":[],"product_brand":[],"product_cat":[106],"product_tag":[176],"class_list":{"0":"post-5124","1":"product","2":"type-product","3":"status-publish","4":"has-post-thumbnail","6":"product_cat-ungesuesste-dattel-produkte","7":"product_tag-eingelegte-datteln","9":"first","10":"outofstock","11":"shipping-taxable","12":"purchasable","13":"product-type-simple"},"_links":{"self":[{"href":"https:\/\/datteleria.de\/de\/wp-json\/wp\/v2\/product\/5124","targetHints":{"allow":["GET"]}}],"collection":[{"href":"https:\/\/datteleria.de\/de\/wp-json\/wp\/v2\/product"}],"about":[{"href":"https:\/\/datteleria.de\/de\/wp-json\/wp\/v2\/types\/product"}],"replies":[{"embeddable":true,"href":"https:\/\/datteleria.de\/de\/wp-json\/wp\/v2\/comments?post=5124"}],"wp:featuredmedia":[{"embeddable":true,"href":"https:\/\/datteleria.de\/de\/wp-json\/wp\/v2\/media\/5120"}],"wp:attachment":[{"href":"https:\/\/datteleria.de\/de\/wp-json\/wp\/v2\/media?parent=5124"}],"wp:term":[{"taxonomy":"product_brand","embeddable":true,"href":"https:\/\/datteleria.de\/de\/wp-json\/wp\/v2\/product_brand?post=5124"},{"taxonomy":"product_cat","embeddable":true,"href":"https:\/\/datteleria.de\/de\/wp-json\/wp\/v2\/product_cat?post=5124"},{"taxonomy":"product_tag","embeddable":true,"href":"https:\/\/datteleria.de\/de\/wp-json\/wp\/v2\/product_tag?post=5124"}],"curies":[{"name":"wp","href":"https:\/\/api.w.org\/{rel}","templated":true}]}}