{"id":5117,"date":"2020-06-01T17:09:27","date_gmt":"2020-06-01T15:09:27","guid":{"rendered":"https:\/\/datteleria.de\/product\/barhi-datteln-1-kg\/"},"modified":"2026-01-22T18:35:35","modified_gmt":"2026-01-22T17:35:35","slug":"barhi-datteln-1-kg","status":"publish","type":"product","link":"https:\/\/datteleria.de\/de\/product\/barhi-datteln-1-kg\/","title":{"rendered":"Barhi Datteln"},"content":{"rendered":"<p>Barhi Datteln sind klein mit faltiger Haut, sehr weiche, \u00e4hnlich wie Sukari. Sie sind sehr weich, fast cremig, und zergehen so richtig auf der Zunge. Ihre mittlere S\u00fc\u00dfe hinterl\u00e4sst einen Geschmack nach Karamell.<\/p>\n","protected":false},"excerpt":{"rendered":"<p>1 Kg 15 \u20ac (1.5 \u20ac \/ 100g)<br \/>\nEnth\u00e4lt 7% MwSt.<br \/>\nzzgl. Versand (ab 45\u20ac versandkostenfrei)<br \/>\nLieferzeit: ca. 3-5 Werktage<\/p>\n","protected":false},"featured_media":5116,"comment_status":"open","ping_status":"closed","template":"","meta":[],"product_brand":[],"product_cat":[101],"product_tag":[173,174],"class_list":{"0":"post-5117","1":"product","2":"type-product","3":"status-publish","4":"has-post-thumbnail","6":"product_cat-dattel","7":"product_tag-barhi-datteln","8":"product_tag-getrocknete-einfache-datteln","10":"first","11":"instock","12":"shipping-taxable","13":"purchasable","14":"product-type-variable"},"_links":{"self":[{"href":"https:\/\/datteleria.de\/de\/wp-json\/wp\/v2\/product\/5117","targetHints":{"allow":["GET"]}}],"collection":[{"href":"https:\/\/datteleria.de\/de\/wp-json\/wp\/v2\/product"}],"about":[{"href":"https:\/\/datteleria.de\/de\/wp-json\/wp\/v2\/types\/product"}],"replies":[{"embeddable":true,"href":"https:\/\/datteleria.de\/de\/wp-json\/wp\/v2\/comments?post=5117"}],"wp:featuredmedia":[{"embeddable":true,"href":"https:\/\/datteleria.de\/de\/wp-json\/wp\/v2\/media\/5116"}],"wp:attachment":[{"href":"https:\/\/datteleria.de\/de\/wp-json\/wp\/v2\/media?parent=5117"}],"wp:term":[{"taxonomy":"product_brand","embeddable":true,"href":"https:\/\/datteleria.de\/de\/wp-json\/wp\/v2\/product_brand?post=5117"},{"taxonomy":"product_cat","embeddable":true,"href":"https:\/\/datteleria.de\/de\/wp-json\/wp\/v2\/product_cat?post=5117"},{"taxonomy":"product_tag","embeddable":true,"href":"https:\/\/datteleria.de\/de\/wp-json\/wp\/v2\/product_tag?post=5117"}],"curies":[{"name":"wp","href":"https:\/\/api.w.org\/{rel}","templated":true}]}}