{"id":5113,"date":"2020-06-01T16:51:21","date_gmt":"2020-06-01T14:51:21","guid":{"rendered":"https:\/\/datteleria.de\/product\/datteln-bbq-350-g\/"},"modified":"2023-07-01T01:24:33","modified_gmt":"2023-06-30T23:24:33","slug":"datteln-bbq-350-g","status":"publish","type":"product","link":"https:\/\/datteleria.de\/de\/product\/datteln-bbq-350-g\/","title":{"rendered":"Datteln BBQ 350 g"},"content":{"rendered":"<p>Dattel Barbecue So\u00dfe hat eine dicke Konsistenz er enth\u00e4lt keinen Zuckerzusatz!<\/p>\n<ul>\n<li>Nur mit Fr\u00fcchten ges\u00fc\u00dft (keine k\u00fcnstlichen oder nicht nahrhaften S\u00fc\u00dfstoffe).<\/li>\n<li>OHNE GESCHMACKSVERST\u00c4RKER: Keine unserer Saucen enthalten k\u00fcnstliche Aromastoffe, Geschmacksverst\u00e4rker oder tierische Zus\u00e4tze. Somit sind alle Saucen Vegan und das bei vollem Geschmack.<\/li>\n<li>Bei nur 29 kcal pro 32 g k\u00f6nnen Sie ab sofort Ihr Fleisch ohne Schuldgef\u00fchle mit leckeren, w\u00fcrzigen Grillsaucen verfeinern.<\/li>\n<li>Diabetiker freundlich<\/li>\n<li>Gluten frei<\/li>\n<li>Soja frei<\/li>\n<li>Milch frei<\/li>\n<\/ul>\n<p>Datteln BBQ 350 g<\/p>\n<p><strong>Durchnittliche N\u00e4hrwerte je 32 g<\/strong><\/p>\n<p>Zutaten: Wasser, Dattelpaste, Tomatenmark, Salz, Dattelsirup,<br \/>\nmodifizierte St\u00e4rke, Essigs\u00e4ure, Xanthangummi und at\u00fcrliche Aromen (Rauch, Lorbeer, Gew\u00fcrze und alle\u00a0 ew\u00fcrze)<\/p>\n<p><img loading=\"lazy\" decoding=\"async\" class=\"alignnone size-full\" src=\"https:\/\/gm1.ggpht.com\/kBAj-75Rkk-UitecAyV7mZge2TuF030Byf6qcv5wN9UsZjE3hY3Gi8bo_WWlg0wS3fCZ5kpDfUH2iwywpomg24FD8MUfNJVQxw_8iXrDDOEQ9OJVRyRqG5OEP2pzjI6-flHCYrScqAKk1B6vGE2x8X26ORFI91cdw5OqrTElQxe01_2sq-VlGAbvNPBGQkgaqHIFfAl_bSihavjuSld7EvRIXOiqD8LQKn99FOCcFL8Q-EihS8Cg-vVOzJ6HeU_xcVhsZlDRvLZH12obdGMImojG0O6r1FNCpCuNnh2EEWjB1tpDhJtTmtlfi4vlDKlhdKqk5Ydb7ZIOte5JoRz0LCdCOKQArxvc-Nqwy2iQRlGoN1u21j1JHDXc8UVN7YZNVnX1LzHROdmeyaBftdjQGvMAUaHndR0AycB6AqJfEmkloRHPZwYvLRSQyE4goYSbw69yGKp0yW8V1Ci6FpQePVGu1ZQQD4mGW6609z_PRYk_hYpjd6AhpHSFq8VRbOU0pvO7yN7h1VNQrGn1Z--knA71JGfGMd4BH25OU80P6NSW6GsVK9Cv_uPqiHEEfywQkkhXW9h6UxnFK_A4pXEaT8la5eeKOp_Z_xjHX5u60M4VleosXpBpvfGzWXN656hq8urwXXsEa-gBFFuN56DHGh1xWkjxFqtBTQQLSgU21S7FlfHN7QfMaq8jvR5ilZx8CI1zquAthV8oYUZYmIkZzD1bMs8TI_0jGYi_sivTxm2XP6PH1O2Pg4e-U1BeMiceizaU=s0-l75-ft-l75-ft\" width=\"158\" height=\"185\" \/><\/p>\n","protected":false},"excerpt":{"rendered":"<p>350 g : 6 \u20ac (1.71 \u20ac \/ 100g)<br \/>\nEnth\u00e4lt 7% MwSt.<br \/>\nzzgl. Versand (ab 45\u20ac versandkostenfrei)<br \/>\nLieferzeit: ca. 3-5 Werktage<\/p>\n","protected":false},"featured_media":5111,"comment_status":"open","ping_status":"closed","template":"","meta":[],"product_brand":[],"product_cat":[106],"product_tag":[170],"class_list":{"0":"post-5113","1":"product","2":"type-product","3":"status-publish","4":"has-post-thumbnail","6":"product_cat-ungesuesste-dattel-produkte","7":"product_tag-datteln-bbq","9":"first","10":"outofstock","11":"shipping-taxable","12":"purchasable","13":"product-type-simple"},"_links":{"self":[{"href":"https:\/\/datteleria.de\/de\/wp-json\/wp\/v2\/product\/5113","targetHints":{"allow":["GET"]}}],"collection":[{"href":"https:\/\/datteleria.de\/de\/wp-json\/wp\/v2\/product"}],"about":[{"href":"https:\/\/datteleria.de\/de\/wp-json\/wp\/v2\/types\/product"}],"replies":[{"embeddable":true,"href":"https:\/\/datteleria.de\/de\/wp-json\/wp\/v2\/comments?post=5113"}],"wp:featuredmedia":[{"embeddable":true,"href":"https:\/\/datteleria.de\/de\/wp-json\/wp\/v2\/media\/5111"}],"wp:attachment":[{"href":"https:\/\/datteleria.de\/de\/wp-json\/wp\/v2\/media?parent=5113"}],"wp:term":[{"taxonomy":"product_brand","embeddable":true,"href":"https:\/\/datteleria.de\/de\/wp-json\/wp\/v2\/product_brand?post=5113"},{"taxonomy":"product_cat","embeddable":true,"href":"https:\/\/datteleria.de\/de\/wp-json\/wp\/v2\/product_cat?post=5113"},{"taxonomy":"product_tag","embeddable":true,"href":"https:\/\/datteleria.de\/de\/wp-json\/wp\/v2\/product_tag?post=5113"}],"curies":[{"name":"wp","href":"https:\/\/api.w.org\/{rel}","templated":true}]}}