{"id":5108,"date":"2020-06-01T16:33:41","date_gmt":"2020-06-01T14:33:41","guid":{"rendered":"https:\/\/datteleria.de\/product\/dattel-ketchup\/"},"modified":"2023-07-01T01:24:33","modified_gmt":"2023-06-30T23:24:33","slug":"dattel-ketchup","status":"publish","type":"product","link":"https:\/\/datteleria.de\/de\/product\/dattel-ketchup\/","title":{"rendered":"Dattel Ketchup"},"content":{"rendered":"<p>Dattel Ketchup hat eine dicke Konsistenz er enth\u00e4lt keinen Zuckerzusatz!<\/p>\n<p>Nur mit Fr\u00fcchten ges\u00fc\u00dft (keine k\u00fcnstlichen oder nicht nahrhaften S\u00fc\u00dfstoffe).<\/p>\n<p>Wer sich also ein wenig um seine Gesundheit k\u00fcmmert und sich von ungesunden Gew\u00fcrzen distanziert, aber den Geschmack, die Konsistenz und die sch\u00f6ne Farbe von Ketchup liebt, kommt an diesem ideal gestalteten Produkt nicht vorbei.<\/p>\n<p>-Diabetiker freundlich<\/p>\n<p>-Gluten frei<\/p>\n<p>&#8211; Soja frei<\/p>\n<p>&#8211; Milch frei<\/p>\n<p>Passt hervorragend zu:<\/p>\n<p>Rindfleisch, Lamm, H\u00fchnchen, Pute, W\u00fcrstchen, Meeresfr\u00fcchten, Burger, Pommes und K\u00e4se<\/p>\n<p>Ideal zum Grillen, Braten, Glasieren und Dippen.<\/p>\n<p>Datteln Ketchup 350 g<\/p>\n<p>Durchnittliche N\u00e4hrwerte je 32 g<\/p>\n<p>Der prozentuale Tageswert basiert auf 2000 Kalorien<br \/>\nZutaten: Dattelpaste, Dattelsirup, Tomatenpaste, wei\u00dfer Essig,<br \/>\nDattelessig, Maisst\u00e4rke, Salz, Xanthan, nat\u00fcrliche Aromen<br \/>\n(Zwiebel &amp; Knoblauch), Zitronens\u00e4ure und Wasser.<\/p>\n<p><img loading=\"lazy\" decoding=\"async\" class=\"alignnone size-full\" src=\"https:\/\/gm1.ggpht.com\/4HczzXyM0luF7MS3ht31kV1ygAMwt9GvZfcpdoKWj6Nxqwgokss4GRyc7xGsQ4TMk1j7gpHoNcvvb1_9K-jQBFb1m498Q8diOBFpdTXxSttqR0lSD7sucH2oMO2qC1V9-b608E5oeHIbJGp9be6IOWOfWJtIKqZ8Uw4rf3d1tCpj-073CxM604Da-iT8SLGiQds2mymVP_PyQlWHKN6um2aWdCxTXu51Hykrp-a85fXOlmUt6UpvsgTgt5qA3oUBXDqh23HhubCbDrV997owrnEmYQVK4tKcXGsx53SuHsIXIJzI5f7SqEd6_2g1khnNp34wWSFCpryU6SoG8bXE3yKm95QS7rXDd6RYDGrLRbAJu7N-SVcJpYCIGiHMqhdCGJNf63Xdvh91qmCKuJ3QTGLSC7Vg-iiCUyRu7b6FXrSW2KQFm5V-j0QMqTgz409eKpx_97blHyNVxrt9_d5je5HsWUV6_VIvZxFd-3hD2SSeZUz-IzYNBhCeAUGp_z3dfeLTWu-54SvAkqfGsj12mv4bWi7QxUUqc2SiiGiPnPl2PSx2s32INulCX4_Vv268McvjFI5_2FRp5qRu_73nDQ92VWfZE7mY_k6VDXpSZ4UnvBzLLJIxZKU_JCSkEuZAgOVV5PQzURUk1RO5e49B9cHQ3uxO_MbP3zCcvQZjaLeGIPvEGpc4etXClLAwRMH0W8PHJPtC5BYkMd2XMTU4Uxd5-HbIEonnW13cGP1aN7kz8FkLQpo4ylaVDGNCH3SC2dU=s0-l75-ft-l75-ft\" width=\"147\" height=\"171\" \/><\/p>\n","protected":false},"excerpt":{"rendered":"<p>The price: 350 g : 5 \u20ac (1.42 \u20ac \/ 100g)<br \/>\nEnth\u00e4lt 7% MwSt.<br \/>\nzzgl. Versand (ab 45\u20ac versandkostenfrei)<br \/>\nLieferzeit: ca. 3-5 Werktage<\/p>\n","protected":false},"featured_media":5104,"comment_status":"open","ping_status":"closed","template":"","meta":[],"product_brand":[],"product_cat":[106],"product_tag":[168],"class_list":{"0":"post-5108","1":"product","2":"type-product","3":"status-publish","4":"has-post-thumbnail","6":"product_cat-ungesuesste-dattel-produkte","7":"product_tag-dattel-ketchup","9":"first","10":"outofstock","11":"shipping-taxable","12":"purchasable","13":"product-type-simple"},"_links":{"self":[{"href":"https:\/\/datteleria.de\/de\/wp-json\/wp\/v2\/product\/5108","targetHints":{"allow":["GET"]}}],"collection":[{"href":"https:\/\/datteleria.de\/de\/wp-json\/wp\/v2\/product"}],"about":[{"href":"https:\/\/datteleria.de\/de\/wp-json\/wp\/v2\/types\/product"}],"replies":[{"embeddable":true,"href":"https:\/\/datteleria.de\/de\/wp-json\/wp\/v2\/comments?post=5108"}],"wp:featuredmedia":[{"embeddable":true,"href":"https:\/\/datteleria.de\/de\/wp-json\/wp\/v2\/media\/5104"}],"wp:attachment":[{"href":"https:\/\/datteleria.de\/de\/wp-json\/wp\/v2\/media?parent=5108"}],"wp:term":[{"taxonomy":"product_brand","embeddable":true,"href":"https:\/\/datteleria.de\/de\/wp-json\/wp\/v2\/product_brand?post=5108"},{"taxonomy":"product_cat","embeddable":true,"href":"https:\/\/datteleria.de\/de\/wp-json\/wp\/v2\/product_cat?post=5108"},{"taxonomy":"product_tag","embeddable":true,"href":"https:\/\/datteleria.de\/de\/wp-json\/wp\/v2\/product_tag?post=5108"}],"curies":[{"name":"wp","href":"https:\/\/api.w.org\/{rel}","templated":true}]}}