{"id":4991,"date":"2019-11-19T17:37:48","date_gmt":"2019-11-19T16:37:48","guid":{"rendered":"https:\/\/datteleria.de\/product\/dattelplatzchen-no-sugar\/"},"modified":"2021-05-18T17:21:04","modified_gmt":"2021-05-18T15:21:04","slug":"dattelplatzchen-no-sugar","status":"publish","type":"product","link":"https:\/\/datteleria.de\/de\/product\/dattelplatzchen-no-sugar\/","title":{"rendered":"Dattelpl\u00e4tzchen NO SUGAR"},"content":{"rendered":"<p>Knuspriges Geb\u00e4ck mit Dattelf\u00fcllung und besonderen Geschmacksrichtungen<\/p>\n<p><b>Mamoul no sugar \u2013 500 g<\/b><\/p>\n<p><span style=\"font-weight: 400;\">Durchschnittliche N\u00e4hrwerte je 10 g\u00a0<\/span><\/p>\n<table>\n<tbody>\n<tr>\n<td><b>Energie \u00a0 428 Kcal<\/b><\/td>\n<\/tr>\n<tr>\n<td><b>Gesamtfett \u00a0 \u00a0 \u00a0 \u00a0 22 g\u00a0\u00a0\u00a0\u00a0\u00a0\u00a0\u00a0\u00a0\u00a0\u00a0\u00a0\u00a0\u00a0\u00a0\u00a0\u00a0\u00a0\u00a0\u00a0\u00a0\u00a0\u00a0\u00a0\u00a0\u00a0\u00a0<\/b><\/td>\n<\/tr>\n<tr>\n<td><b>Ges\u00e4ttigte Fetts\u00e4uren\u00a0 \u00a0 11 g<\/b><\/td>\n<\/tr>\n<tr>\n<td><b>Trans Fett\u00a0 \u00a0 0 g<\/b><\/td>\n<\/tr>\n<tr>\n<td><b>Cholesterin\u00a0 \u00a0 0<\/b><\/td>\n<\/tr>\n<tr>\n<td><b>Natrium \u00a0 \u00a0 2 mg<\/b><\/td>\n<\/tr>\n<tr>\n<td><b>Gesamte Kohlenhydrate\u00a0 \u00a0 55 g<\/b><\/td>\n<\/tr>\n<tr>\n<td><b>Ballaststoffe\u00a0 \u00a0 3 g<\/b><\/td>\n<\/tr>\n<tr>\n<td><b>Zucker\u00a0 \u00a0 \u00a0 26 g<\/b><\/td>\n<\/tr>\n<tr>\n<td><b>Eiwei\u00df\u00a0 \u00a0 5 g<\/b><\/td>\n<\/tr>\n<tr>\n<td><b>Kalzium\u00a0 \u00a0 14 %<\/b><\/td>\n<\/tr>\n<tr>\n<td><b>Eisen\u00a0 \u00a0 8.8 %\u00a0<\/b><\/td>\n<\/tr>\n<tr>\n<td><b>Vitamin A \u00a0 \u00a0 1.4 %<\/b><\/td>\n<\/tr>\n<\/tbody>\n<\/table>\n<p><span style=\"font-weight: 400;\">Der prozentuale Tageswert basiert auf 2000 Kalorien-Di\u00e4t<\/span><\/p>\n<p><span style=\"font-weight: 400;\">An einem k\u00fchlen und trockenen Platz aufbewahren<\/span><\/p>\n<p><b>Zutaten:<\/b><span style=\"font-weight: 400;\"> Zutaten: Dattelpaste, Mehl, Palm\u00f6l, Soja\u00f6l, Dattelpulver,\u00a0<\/span><\/p>\n<p><span style=\"font-weight: 400;\">Wasser, Glycerin, Kardamompulver, Vanillipulver und<\/span><\/p>\n<p><span style=\"font-weight: 400;\">Mahlabpulver.<\/span><\/p>\n","protected":false},"excerpt":{"rendered":"<p>Verpackungsgr\u00f6\u00dfe: 500g<br \/>\n15 \u20ac \/ 500g (30 \u20ac * \/ 1 Kilogramm)<br \/>\nEnth\u00e4lt 7% MwSt.<br \/>\nzzgl. Versand (ab 45\u20ac versandkostenfrei)<br \/>\nLieferzeit: ca. 3-5 Werktage<\/p>\n","protected":false},"featured_media":5157,"comment_status":"open","ping_status":"closed","template":"","meta":[],"product_brand":[],"product_cat":[161],"product_tag":[],"class_list":{"0":"post-4991","1":"product","2":"type-product","3":"status-publish","4":"has-post-thumbnail","6":"product_cat-datteln-kekse","8":"first","9":"instock","10":"shipping-taxable","11":"purchasable","12":"product-type-simple"},"_links":{"self":[{"href":"https:\/\/datteleria.de\/de\/wp-json\/wp\/v2\/product\/4991","targetHints":{"allow":["GET"]}}],"collection":[{"href":"https:\/\/datteleria.de\/de\/wp-json\/wp\/v2\/product"}],"about":[{"href":"https:\/\/datteleria.de\/de\/wp-json\/wp\/v2\/types\/product"}],"replies":[{"embeddable":true,"href":"https:\/\/datteleria.de\/de\/wp-json\/wp\/v2\/comments?post=4991"}],"wp:featuredmedia":[{"embeddable":true,"href":"https:\/\/datteleria.de\/de\/wp-json\/wp\/v2\/media\/5157"}],"wp:attachment":[{"href":"https:\/\/datteleria.de\/de\/wp-json\/wp\/v2\/media?parent=4991"}],"wp:term":[{"taxonomy":"product_brand","embeddable":true,"href":"https:\/\/datteleria.de\/de\/wp-json\/wp\/v2\/product_brand?post=4991"},{"taxonomy":"product_cat","embeddable":true,"href":"https:\/\/datteleria.de\/de\/wp-json\/wp\/v2\/product_cat?post=4991"},{"taxonomy":"product_tag","embeddable":true,"href":"https:\/\/datteleria.de\/de\/wp-json\/wp\/v2\/product_tag?post=4991"}],"curies":[{"name":"wp","href":"https:\/\/api.w.org\/{rel}","templated":true}]}}