{"id":4987,"date":"2019-11-19T17:29:48","date_gmt":"2019-11-19T16:29:48","guid":{"rendered":"https:\/\/datteleria.de\/product\/tamara\/"},"modified":"2024-05-22T00:08:27","modified_gmt":"2024-05-21T22:08:27","slug":"tamara","status":"publish","type":"product","link":"https:\/\/datteleria.de\/de\/product\/tamara\/","title":{"rendered":"Tamara"},"content":{"rendered":"<p>Unsere unvergleichliche Spezialit\u00e4t! Tamara ist die Dattelpaste mit etlichen, zus\u00e4tzlichen Geschmackskomponenten wie Sesam, Safran, Pistazie, Rose oder Oreo-Keksen. Diese Pr\u00e4sentation macht aus dem Verkosten einen Hochgenuss<\/p>\n<p><b>Tamara \u2013 200 g<\/b><\/p>\n<p><span style=\"font-weight: 400;\">Durchschnittliche N\u00e4hrwerte je 100 g\u00a0<\/span><\/p>\n<table>\n<tbody>\n<tr>\n<td><b>Energie \u00a0 396 Kcal<\/b><\/td>\n<\/tr>\n<tr>\n<td><b>Gesamtfett \u00a0 \u00a0 \u00a0 \u00a0 5 g\u00a0\u00a0\u00a0\u00a0\u00a0\u00a0\u00a0\u00a0\u00a0\u00a0\u00a0\u00a0\u00a0\u00a0\u00a0\u00a0\u00a0\u00a0\u00a0\u00a0\u00a0\u00a0\u00a0\u00a0\u00a0\u00a0<\/b><\/td>\n<\/tr>\n<tr>\n<td><b>Ges\u00e4ttigte Fetts\u00e4uren\u00a0 \u00a0 2 g<\/b><\/td>\n<\/tr>\n<tr>\n<td><b>Trans Fett\u00a0 \u00a0 0 g<\/b><\/td>\n<\/tr>\n<tr>\n<td><b>Cholesterin\u00a0 \u00a0 0<\/b><\/td>\n<\/tr>\n<tr>\n<td><b>Kalium\u00a0 \u00a0 0 mg<\/b><\/td>\n<\/tr>\n<tr>\n<td><b>Natrium \u00a0 \u00a0 15 mg<\/b><\/td>\n<\/tr>\n<tr>\n<td><b>Gesamte Kohlenhydrate\u00a0 \u00a0 79 g<\/b><\/td>\n<\/tr>\n<tr>\n<td><b>Ballaststoffe\u00a0 \u00a0 5 g<\/b><\/td>\n<\/tr>\n<tr>\n<td><b>Zucker\u00a0 \u00a0 \u00a0 51 g<\/b><\/td>\n<\/tr>\n<tr>\n<td><b>Eiwei\u00df\u00a0 \u00a0 2 g<\/b><\/td>\n<\/tr>\n<tr>\n<td><b>Kalzium\u00a0 \u00a0 12 %<\/b><\/td>\n<\/tr>\n<tr>\n<td><b>Eisen\u00a0 \u00a0 2 %\u00a0<\/b><\/td>\n<\/tr>\n<tr>\n<td><b>Vitamin A \u00a0 \u00a0 2 %<\/b><\/td>\n<\/tr>\n<\/tbody>\n<\/table>\n<p><span style=\"font-weight: 400;\">Der prozentuale Tageswert basiert auf 2000 Kalorien-Di\u00e4t<\/span><\/p>\n<p><span style=\"font-weight: 400;\">An einem k\u00fchlen und trockenen Platz aufbewahren<\/span><\/p>\n<p><b>Zutaten:<\/b><span style=\"font-weight: 400;\"> Zutaten: Dattelpaste, fl\u00fcssig Glucose, Verdauungskekse, Butter,<\/span><\/p>\n<p><span style=\"font-weight: 400;\">Maisstr\u00e4kepulve, Kardamom, Safran, Pistazie, Kokosnuss,\u00a0<\/span><\/p>\n<p><span style=\"font-weight: 400;\">Rosenbl\u00e4tter und Sesam<\/span><\/p>\n","protected":false},"excerpt":{"rendered":"<p>Verpackungsgr\u00f6\u00dfe: 200g<br \/>\n6 \u20ac \/ 100g (60 \u20ac * \/ 1 kg)<br \/>\nEnth\u00e4lt 7% MwSt.<br \/>\nzzgl. Versand (ab 45\u20ac versandkostenfrei)<br \/>\nLieferzeit: ca. 3-5 Werktage<\/p>\n","protected":false},"featured_media":4986,"comment_status":"open","ping_status":"closed","template":"","meta":[],"product_brand":[],"product_cat":[196],"product_tag":[],"class_list":{"0":"post-4987","1":"product","2":"type-product","3":"status-publish","4":"has-post-thumbnail","6":"product_cat-konfekt","8":"first","9":"instock","10":"shipping-taxable","11":"purchasable","12":"product-type-simple"},"_links":{"self":[{"href":"https:\/\/datteleria.de\/de\/wp-json\/wp\/v2\/product\/4987","targetHints":{"allow":["GET"]}}],"collection":[{"href":"https:\/\/datteleria.de\/de\/wp-json\/wp\/v2\/product"}],"about":[{"href":"https:\/\/datteleria.de\/de\/wp-json\/wp\/v2\/types\/product"}],"replies":[{"embeddable":true,"href":"https:\/\/datteleria.de\/de\/wp-json\/wp\/v2\/comments?post=4987"}],"wp:featuredmedia":[{"embeddable":true,"href":"https:\/\/datteleria.de\/de\/wp-json\/wp\/v2\/media\/4986"}],"wp:attachment":[{"href":"https:\/\/datteleria.de\/de\/wp-json\/wp\/v2\/media?parent=4987"}],"wp:term":[{"taxonomy":"product_brand","embeddable":true,"href":"https:\/\/datteleria.de\/de\/wp-json\/wp\/v2\/product_brand?post=4987"},{"taxonomy":"product_cat","embeddable":true,"href":"https:\/\/datteleria.de\/de\/wp-json\/wp\/v2\/product_cat?post=4987"},{"taxonomy":"product_tag","embeddable":true,"href":"https:\/\/datteleria.de\/de\/wp-json\/wp\/v2\/product_tag?post=4987"}],"curies":[{"name":"wp","href":"https:\/\/api.w.org\/{rel}","templated":true}]}}