{"id":4978,"date":"2019-11-18T19:25:36","date_gmt":"2019-11-18T18:25:36","guid":{"rendered":"https:\/\/datteleria.de\/product\/mabroom-datteln\/"},"modified":"2026-04-13T15:48:48","modified_gmt":"2026-04-13T13:48:48","slug":"mabroom-datteln","status":"publish","type":"product","link":"https:\/\/datteleria.de\/de\/product\/mabroom-datteln\/","title":{"rendered":"Mabroom Datteln"},"content":{"rendered":"<p>Der Mabroom hat eine dunkelbraune fast Kastanienartige Farbe mit einer l\u00e4nglichen schlanken Form.<br \/>\nMilde s\u00fc\u00dfe und z\u00e4hes Fleisch.<br \/>\nDas Fruchtfleisch hat geschmeidige Falten.<br \/>\nNach der Trocknung hat sie eine einzigartige Textur, die sowohl weich als auch fest ist und einen faserigen Geschmack hat.<br \/>\nSie \u00e4hnlich der Khudri Dattel, sind jedoch l\u00e4nger und kleiner.<\/p>\n<p><b>Mabroom Datteln \u2013 500 g<\/b><\/p>\n<p><span style=\"font-weight: 400;\">Durchschnittliche N\u00e4hrwerte je 100 g\u00a0<\/span><\/p>\n<table>\n<tbody>\n<tr>\n<td><b>Energie \u00a0 308 Kcal<\/b><\/td>\n<\/tr>\n<tr>\n<td><b>Gesamtfett \u00a0 \u00a0 \u00a0 \u00a0 0 g\u00a0\u00a0\u00a0\u00a0\u00a0\u00a0\u00a0\u00a0\u00a0\u00a0\u00a0\u00a0\u00a0\u00a0\u00a0\u00a0\u00a0\u00a0\u00a0\u00a0\u00a0\u00a0\u00a0\u00a0\u00a0\u00a0<\/b><\/td>\n<\/tr>\n<tr>\n<td><b>Ges\u00e4ttigte Fetts\u00e4uren\u00a0 \u00a0 0 g<\/b><\/td>\n<\/tr>\n<tr>\n<td><b>Trans Fett\u00a0 \u00a0 0 g<\/b><\/td>\n<\/tr>\n<tr>\n<td><b>Cholesterin\u00a0 \u00a0 0<\/b><\/td>\n<\/tr>\n<tr>\n<td><b>Natrium \u00a0 \u00a0 9 mg<\/b><\/td>\n<\/tr>\n<tr>\n<td><b>Gesamte Kohlenhydrate\u00a0 \u00a0 74 g<\/b><\/td>\n<\/tr>\n<tr>\n<td><b>Ballaststoffe\u00a0 \u00a0 8 g<\/b><\/td>\n<\/tr>\n<tr>\n<td><b>Zucker\u00a0 \u00a0 \u00a0 66 g<\/b><\/td>\n<\/tr>\n<tr>\n<td><b>Eiwei\u00df\u00a0 \u00a0 2 g<\/b><\/td>\n<\/tr>\n<tr>\n<td><b>Kalzium\u00a0 \u00a0 4 %<\/b><\/td>\n<\/tr>\n<tr>\n<td><b>Eisen\u00a0 \u00a0 6 %\u00a0<\/b><\/td>\n<\/tr>\n<tr>\n<td><b>Vitamin A \u00a0 \u00a0 3 %<\/b><\/td>\n<\/tr>\n<\/tbody>\n<\/table>\n<p><span style=\"font-weight: 400;\">Der prozentuale Tageswert basiert auf 2000 Kalorien-Di\u00e4t<\/span><\/p>\n<p><span style=\"font-weight: 400;\">An einem k\u00fchlen und trockenen Platz aufbewahren<\/span><\/p>\n<p><span style=\"font-weight: 400;\">Dieses Produkt enth\u00e4lt Datteln Kern<\/span><\/p>\n","protected":false},"excerpt":{"rendered":"<p>500 g \/ 12,95 \u20ac (25,90 \u20ac \/ 1KG)<br \/>\n5kg \/ 90,65\u20ac (18,13\u20ac \/ 1KG)<br \/>\nEnth\u00e4lt 7% MwSt.<br \/>\nzzgl. Versand (ab 45\u20ac versandkostenfrei)<br \/>\nLieferzeit: ca. 3-5 Werktage<\/p>\n","protected":false},"featured_media":4977,"comment_status":"open","ping_status":"closed","template":"","meta":[],"product_brand":[],"product_cat":[101],"product_tag":[],"class_list":{"0":"post-4978","1":"product","2":"type-product","3":"status-publish","4":"has-post-thumbnail","6":"product_cat-dattel","8":"first","9":"outofstock","10":"shipping-taxable","11":"purchasable","12":"product-type-variable"},"_links":{"self":[{"href":"https:\/\/datteleria.de\/de\/wp-json\/wp\/v2\/product\/4978","targetHints":{"allow":["GET"]}}],"collection":[{"href":"https:\/\/datteleria.de\/de\/wp-json\/wp\/v2\/product"}],"about":[{"href":"https:\/\/datteleria.de\/de\/wp-json\/wp\/v2\/types\/product"}],"replies":[{"embeddable":true,"href":"https:\/\/datteleria.de\/de\/wp-json\/wp\/v2\/comments?post=4978"}],"wp:featuredmedia":[{"embeddable":true,"href":"https:\/\/datteleria.de\/de\/wp-json\/wp\/v2\/media\/4977"}],"wp:attachment":[{"href":"https:\/\/datteleria.de\/de\/wp-json\/wp\/v2\/media?parent=4978"}],"wp:term":[{"taxonomy":"product_brand","embeddable":true,"href":"https:\/\/datteleria.de\/de\/wp-json\/wp\/v2\/product_brand?post=4978"},{"taxonomy":"product_cat","embeddable":true,"href":"https:\/\/datteleria.de\/de\/wp-json\/wp\/v2\/product_cat?post=4978"},{"taxonomy":"product_tag","embeddable":true,"href":"https:\/\/datteleria.de\/de\/wp-json\/wp\/v2\/product_tag?post=4978"}],"curies":[{"name":"wp","href":"https:\/\/api.w.org\/{rel}","templated":true}]}}