{"id":4791,"date":"2019-08-14T15:08:17","date_gmt":"2019-08-14T13:08:17","guid":{"rendered":"https:\/\/datteleria.de\/product\/khalas-datteln\/"},"modified":"2026-01-22T18:32:09","modified_gmt":"2026-01-22T17:32:09","slug":"khalas-datteln","status":"publish","type":"product","link":"https:\/\/datteleria.de\/de\/product\/khalas-datteln\/","title":{"rendered":"Khalas Datteln"},"content":{"rendered":"<p><strong>Khalas-Datteln<\/strong><\/p>\n<p>Buttery Sweet<\/p>\n<p>Die Sorte Khalas ist eine beliebte Dattel in der Region. Es hat einen milden, s\u00fc\u00dfen Geschmack, der bei jedem Bissen eine k\u00f6stliche Karamellnote hinterl\u00e4sst. Es hat eine aprikosengelbe Farbe und einen reichen, butters\u00fc\u00dfen Geschmack.<\/p>\n<p>Zutaten: Khalas-Datteln (mit Kern)<\/p>\n<p>Allergie: Kein<br \/>\nHersteller: Saudi Arabia<\/p>\n<p>Durchschnittliche N\u00e4hrwerte je 100 g<\/p>\n<p>Energie 333 Kcal<br \/>\nZucker 58 %<br \/>\nGesamtfett 0,13 mg<br \/>\nGes\u00e4ttigte Fetts\u00e4uren 0<br \/>\nTrans Fett 0<br \/>\nCholesterin 0<br \/>\nKalium 656 mg<br \/>\nNatrium 9,69 mg<\/p>\n<p>Gesamte Kohlenhydrate 69,89 g<\/p>\n<p>Ballaststoffe 7,6 g<br \/>\nEiwei\u00df 2.48 g<br \/>\nKalzium 41,91 mg<br \/>\nMagnesium 51 mg<br \/>\nEisen 1,75 mg<br \/>\nPhosphor 54,84 mg<br \/>\nZink 1,41 mg<br \/>\nCopper 0,28 mg<br \/>\nManganerze 0,3 mg<br \/>\nKobalt 2,55 mg<br \/>\nPotassium 407,8 mg<\/p>\n","protected":false},"excerpt":{"rendered":"<p>450 g \/ 10,50 \u20ac (23,10 \u20ac \/ 1KG)<br \/>\nEnth\u00e4lt 7% MwSt.<br \/>\nzzgl. Versand (ab 45\u20ac versandkostenfrei)<br \/>\nLieferzeit: ca. 3-5 Werktage<\/p>\n","protected":false},"featured_media":4790,"comment_status":"open","ping_status":"closed","template":"","meta":[],"product_brand":[],"product_cat":[101],"product_tag":[],"class_list":{"0":"post-4791","1":"product","2":"type-product","3":"status-publish","4":"has-post-thumbnail","6":"product_cat-dattel","8":"first","9":"instock","10":"shipping-taxable","11":"purchasable","12":"product-type-variable","13":"has-default-attributes"},"_links":{"self":[{"href":"https:\/\/datteleria.de\/de\/wp-json\/wp\/v2\/product\/4791","targetHints":{"allow":["GET"]}}],"collection":[{"href":"https:\/\/datteleria.de\/de\/wp-json\/wp\/v2\/product"}],"about":[{"href":"https:\/\/datteleria.de\/de\/wp-json\/wp\/v2\/types\/product"}],"replies":[{"embeddable":true,"href":"https:\/\/datteleria.de\/de\/wp-json\/wp\/v2\/comments?post=4791"}],"wp:featuredmedia":[{"embeddable":true,"href":"https:\/\/datteleria.de\/de\/wp-json\/wp\/v2\/media\/4790"}],"wp:attachment":[{"href":"https:\/\/datteleria.de\/de\/wp-json\/wp\/v2\/media?parent=4791"}],"wp:term":[{"taxonomy":"product_brand","embeddable":true,"href":"https:\/\/datteleria.de\/de\/wp-json\/wp\/v2\/product_brand?post=4791"},{"taxonomy":"product_cat","embeddable":true,"href":"https:\/\/datteleria.de\/de\/wp-json\/wp\/v2\/product_cat?post=4791"},{"taxonomy":"product_tag","embeddable":true,"href":"https:\/\/datteleria.de\/de\/wp-json\/wp\/v2\/product_tag?post=4791"}],"curies":[{"name":"wp","href":"https:\/\/api.w.org\/{rel}","templated":true}]}}