{"id":4781,"date":"2019-08-12T16:02:06","date_gmt":"2019-08-12T14:02:06","guid":{"rendered":"https:\/\/datteleria.de\/product\/dattelzucker-250-g\/"},"modified":"2023-07-01T01:24:30","modified_gmt":"2023-06-30T23:24:30","slug":"dattelzucker-250-g","status":"publish","type":"product","link":"https:\/\/datteleria.de\/de\/product\/dattelzucker-250-g\/","title":{"rendered":"Dattelzucker 250 g"},"content":{"rendered":"<p>Nat\u00fcrliche S\u00fc\u00dfkraft aus 100% vermahlenen Datteln.<br \/>\nEchte Alternative zum braunen Zucker.<br \/>\nAromatische Karamellnote.<\/p>\n<p><strong>Beschreibung:<\/strong><br \/>\nDie Datteln werden geerntet, sortiert, gewaschen und mit Wasserdampf erhitzt. Anschlie\u00dfend werden die Datteln getrocknet, fein vermahlen, abgef\u00fcllt und verpackt.<br \/>\nAlle Ballaststoffe, Mineralien und Vitamine der Dattelfrucht sind weiterhin enthalten.<br \/>\n<strong>Eigenschaften:<\/strong><\/p>\n<ul>\n<li>\u00a0Ohne jegliche S\u00fc\u00dfungsmittel<\/li>\n<li>Fettarm<\/li>\n<li>Hoher Ballaststoffgehalt und sehr natriumarm.<\/li>\n<li>Keine Verarbeitung in Hitze<\/li>\n<li>Ohne k\u00fcnstliche Aromen<\/li>\n<li>Ohne Konservierungsstoffe<\/li>\n<li>Ohne die Beigabe von Schwefel<\/li>\n<li>Keine Gentechnik<\/li>\n<li>Kein Farbstoffzusatz<\/li>\n<\/ul>\n<p><strong>Wie k\u00f6nne Sie den Dattelzucker verwenden? <\/strong><br \/>\nDen Dattelzucker k\u00f6nnen Sie als Ersatz zum herk\u00f6mmlichen Zucker verwenden. Das nat\u00fcrliche S\u00fc\u00dfungsmittel eignet sich hervorragend f\u00fcr Backwaren, Desserts und auch herzhafte Gerichte.<br \/>\nDattelzucker \u2013 250 g<br \/>\nDurchschnittliche N\u00e4hrwerte je 32 g<\/p>\n<table>\n<tbody>\n<tr>\n<td width=\"349\"><strong>Energie\u00a0\u00a0 108 Kcal<\/strong><\/td>\n<\/tr>\n<tr>\n<td width=\"349\"><strong>Gesamtfett\u00a0\u00a0\u00a0\u00a0\u00a0\u00a0\u00a0\u00a0 0 g\u00a0\u00a0\u00a0\u00a0\u00a0\u00a0\u00a0\u00a0\u00a0\u00a0\u00a0\u00a0\u00a0\u00a0\u00a0\u00a0\u00a0\u00a0\u00a0\u00a0\u00a0\u00a0\u00a0\u00a0\u00a0 <\/strong><\/td>\n<\/tr>\n<tr>\n<td width=\"349\"><strong>Ges\u00e4ttigte Fetts\u00e4uren\u00a0\u00a0\u00a0 0 g<\/strong><\/td>\n<\/tr>\n<tr>\n<td width=\"349\"><strong>Trans Fett\u00a0\u00a0\u00a0 0 g<\/strong><\/td>\n<\/tr>\n<tr>\n<td width=\"349\"><strong>Cholesterin\u00a0\u00a0\u00a0 0<\/strong><\/td>\n<\/tr>\n<tr>\n<td width=\"349\"><strong>Kalium\u00a0\u00a0\u00a0 0 mg<\/strong><\/td>\n<\/tr>\n<tr>\n<td width=\"349\"><strong>Natrium\u00a0\u00a0\u00a0\u00a0 3 mg<\/strong><\/td>\n<\/tr>\n<tr>\n<td width=\"349\"><strong>Gesamte Kohlenhydrate\u00a0\u00a0\u00a0 26 g<\/strong><\/td>\n<\/tr>\n<tr>\n<td width=\"349\"><strong>Ballaststoffe\u00a0\u00a0\u00a0 3 g<\/strong><\/td>\n<\/tr>\n<tr>\n<td width=\"349\"><strong>Zucker\u00a0\u00a0\u00a0\u00a0\u00a0 21 g<\/strong><\/td>\n<\/tr>\n<tr>\n<td width=\"349\"><strong>Eiwei\u00df\u00a0\u00a0\u00a0 1 g<\/strong><\/td>\n<\/tr>\n<tr>\n<td width=\"349\"><strong>Kalzium\u00a0\u00a0\u00a0 4 %<\/strong><\/td>\n<\/tr>\n<tr>\n<td width=\"349\"><strong>Eisen\u00a0\u00a0\u00a0 7.3 % <\/strong><\/td>\n<\/tr>\n<tr>\n<td width=\"349\"><strong>Vitamin A\u00a0\u00a0\u00a0\u00a0 2.2 %<\/strong><\/td>\n<\/tr>\n<\/tbody>\n<\/table>\n<p>Der prozentuale Tageswert basiert auf 2000 Kalorien-Di\u00e4t<\/p>\n<p>An einem k\u00fchlen und trockenen Platz aufbewahren<\/p>\n<p><strong><u>Zutaten:<\/u><\/strong> Nat\u00fcrliche S\u00fc\u00dfkraft aus 100% vermahlenen Datteln.<\/p>\n","protected":false},"excerpt":{"rendered":"<p>Verpackungsgr\u00f6\u00dfe: 250g<br \/>\n5 \u20ac \/ 250 g (20 \u20ac * \/ 1 Kilogramm)<br \/>\nEnth\u00e4lt 7% MwSt.<br \/>\nzzgl. Versand (ab 45\u20ac versandkostenfrei)<br \/>\nLieferzeit: ca. 3-5 Werktage<\/p>\n","protected":false},"featured_media":6357,"comment_status":"open","ping_status":"closed","template":"","meta":[],"product_brand":[],"product_cat":[198],"product_tag":[],"class_list":{"0":"post-4781","1":"product","2":"type-product","3":"status-publish","4":"has-post-thumbnail","6":"product_cat-zum-suessen","8":"first","9":"instock","10":"shipping-taxable","11":"purchasable","12":"product-type-simple"},"_links":{"self":[{"href":"https:\/\/datteleria.de\/de\/wp-json\/wp\/v2\/product\/4781","targetHints":{"allow":["GET"]}}],"collection":[{"href":"https:\/\/datteleria.de\/de\/wp-json\/wp\/v2\/product"}],"about":[{"href":"https:\/\/datteleria.de\/de\/wp-json\/wp\/v2\/types\/product"}],"replies":[{"embeddable":true,"href":"https:\/\/datteleria.de\/de\/wp-json\/wp\/v2\/comments?post=4781"}],"wp:featuredmedia":[{"embeddable":true,"href":"https:\/\/datteleria.de\/de\/wp-json\/wp\/v2\/media\/6357"}],"wp:attachment":[{"href":"https:\/\/datteleria.de\/de\/wp-json\/wp\/v2\/media?parent=4781"}],"wp:term":[{"taxonomy":"product_brand","embeddable":true,"href":"https:\/\/datteleria.de\/de\/wp-json\/wp\/v2\/product_brand?post=4781"},{"taxonomy":"product_cat","embeddable":true,"href":"https:\/\/datteleria.de\/de\/wp-json\/wp\/v2\/product_cat?post=4781"},{"taxonomy":"product_tag","embeddable":true,"href":"https:\/\/datteleria.de\/de\/wp-json\/wp\/v2\/product_tag?post=4781"}],"curies":[{"name":"wp","href":"https:\/\/api.w.org\/{rel}","templated":true}]}}