{"id":4481,"date":"2019-04-12T16:16:21","date_gmt":"2019-04-12T16:16:27","guid":{"rendered":"https:\/\/datteleria.de\/?post_type=product&#038;p=4481"},"modified":"2023-09-10T20:12:53","modified_gmt":"2023-09-10T18:12:53","slug":"schokodatteln","status":"publish","type":"product","link":"https:\/\/datteleria.de\/de\/product\/schokodatteln\/","title":{"rendered":"Schokodatteln"},"content":{"rendered":"<p>Trockendatteln in verschiedenen Geschmacksrichtungen mit delikatem \u00dcberzug aus Schokolade<\/p>\n<p>Erleben Sie die perfekte Balance von S\u00fc\u00dfe und Knusprigkeit mit Choco Dates, einem k\u00f6stlichen Genuss, der Ihre Geschmacksknospen nach mehr verlangen l\u00e4sst.<br \/>\nJede St\u00fcck enth\u00e4lt Premium-Datteln, die in reichhaltiger, dunkler Schokolade \u00fcberzogen und mit verschiedenen F\u00fcllungen wie Mokacreme, Haselnusscreme, Rosenbl\u00e4ttercreme, Orangenschale und Pistaziencreme gef\u00fcllt sind.<\/p>\n<p>Diese Datteln werden von Hand ausgew\u00e4hlt und sorgf\u00e4ltig f\u00fcr ihre nat\u00fcrliche S\u00fc\u00dfe und ihre weiche, z\u00e4he Textur ausgew\u00e4hlt, wodurch sie die perfekte Basis f\u00fcr die \u00fcppige Schokoladenh\u00fclle bilden.<\/p>\n<p>Choco Dates sind mehr als nur ein Snack &#8211; sie sind ein unvergleichliches Geschmackserlebnis, das s\u00fc\u00dfe Tr\u00e4ume wahr werden l\u00e4sst. Jeder Bissen ist eine Reise in die Welt des Genusses, bei der die perfekte Kombination von Datteln und Schokolade Ihre Sinne verzaubert. Tauchen Sie ein in diese k\u00f6stliche Versuchung und erleben Sie den Geschmack von Choco Dates!<\/p>\n<p>&nbsp;<\/p>\n<table width=\"537\">\n<tbody>\n<tr>\n<td colspan=\"6\" width=\"537\">\n<p style=\"text-align: center;\"><strong>Datteln mit Schokolade <\/strong><\/p>\n<\/td>\n<\/tr>\n<tr>\n<td colspan=\"3\" width=\"326\"><strong>Durchschnittliche N\u00e4hrwerte je 100 g <\/strong><\/td>\n<td width=\"136\"><\/td>\n<td width=\"37\"><\/td>\n<td width=\"39\"><\/td>\n<\/tr>\n<tr>\n<td width=\"196\">Energie<\/td>\n<td width=\"52\"><\/td>\n<td width=\"78\">294Kcal<\/td>\n<td width=\"136\">Kalorien von Fett<\/td>\n<td width=\"37\">108<\/td>\n<td width=\"39\">Kcal<\/td>\n<\/tr>\n<tr>\n<td width=\"196\"><\/td>\n<td width=\"52\"><\/td>\n<td width=\"78\"><\/td>\n<td width=\"136\"><\/td>\n<td width=\"37\"><\/td>\n<td width=\"39\"><\/td>\n<\/tr>\n<tr>\n<td width=\"196\"><\/td>\n<td width=\"52\"><\/td>\n<td width=\"78\"><\/td>\n<td width=\"136\">%T\u00e4glicher Wert<\/td>\n<td width=\"37\"><\/td>\n<td width=\"39\"><\/td>\n<\/tr>\n<tr>\n<td width=\"196\"><strong>Gesamtfett<\/strong><\/td>\n<td width=\"52\">12g<\/td>\n<td width=\"78\"><\/td>\n<td width=\"136\">18,46%<\/td>\n<td width=\"37\"><\/td>\n<td width=\"39\"><\/td>\n<\/tr>\n<tr>\n<td width=\"196\">Ges\u00e4ttigte Fetts\u00e4uren<\/td>\n<td width=\"52\">4g<\/td>\n<td width=\"78\"><\/td>\n<td width=\"136\">20,00%<\/td>\n<td width=\"37\"><\/td>\n<td width=\"39\"><\/td>\n<\/tr>\n<tr>\n<td width=\"196\">Trans Fett<\/td>\n<td width=\"52\">0g<\/td>\n<td width=\"78\"><\/td>\n<td width=\"136\"><\/td>\n<td width=\"37\"><\/td>\n<td width=\"39\"><\/td>\n<\/tr>\n<tr>\n<td width=\"196\"><strong>Cholesterin<\/strong><\/td>\n<td width=\"52\">4.6mg<\/td>\n<td width=\"78\"><\/td>\n<td width=\"136\">1,53%<\/td>\n<td width=\"37\"><\/td>\n<td width=\"39\"><\/td>\n<\/tr>\n<tr>\n<td width=\"196\"><strong>Natrium<\/strong><\/td>\n<td width=\"52\">17mg<\/td>\n<td width=\"78\"><\/td>\n<td width=\"136\">0,70%<\/td>\n<td width=\"37\"><\/td>\n<td width=\"39\"><\/td>\n<\/tr>\n<tr>\n<td width=\"196\"><strong>Gesamte Kohlenhydrate<\/strong><\/td>\n<td width=\"52\">67g<\/td>\n<td width=\"78\"><\/td>\n<td width=\"136\">22,33%<\/td>\n<td width=\"37\"><\/td>\n<td width=\"39\"><\/td>\n<\/tr>\n<tr>\n<td width=\"196\">Ballaststoffe<\/td>\n<td width=\"52\">7g<\/td>\n<td width=\"78\"><\/td>\n<td width=\"136\">28,00%<\/td>\n<td width=\"37\"><\/td>\n<td width=\"39\"><\/td>\n<\/tr>\n<tr>\n<td width=\"196\">Zucker<\/td>\n<td width=\"52\">54g<\/td>\n<td width=\"78\"><\/td>\n<td width=\"136\"><\/td>\n<td width=\"37\"><\/td>\n<td width=\"39\"><\/td>\n<\/tr>\n<tr>\n<td width=\"196\"><strong>Eiwei\u00df<\/strong><\/td>\n<td width=\"52\">5,5g<\/td>\n<td width=\"78\"><\/td>\n<td width=\"136\">11,00%<\/td>\n<td width=\"37\"><\/td>\n<td width=\"39\"><\/td>\n<\/tr>\n<tr>\n<td width=\"196\"><\/td>\n<td width=\"52\"><\/td>\n<td width=\"78\"><\/td>\n<td width=\"136\"><\/td>\n<td width=\"37\"><\/td>\n<td width=\"39\"><\/td>\n<\/tr>\n<tr>\n<td width=\"196\">Vitamin A<\/td>\n<td width=\"52\">300IU<\/td>\n<td width=\"78\">Vitamin C<\/td>\n<td width=\"136\">0mg<\/td>\n<td width=\"37\"><\/td>\n<td width=\"39\"><\/td>\n<\/tr>\n<tr>\n<td width=\"196\">Kalzium<\/td>\n<td width=\"52\">80mg<\/td>\n<td width=\"78\">Eisen<\/td>\n<td width=\"136\">1.4mg<\/td>\n<td width=\"37\"><\/td>\n<td width=\"39\"><\/td>\n<\/tr>\n<tr>\n<td colspan=\"6\" width=\"537\">Der prozentuale Tageswert basiert auf 2000 Kalorien-Di\u00e4t<\/td>\n<\/tr>\n<tr>\n<td colspan=\"4\" width=\"462\"><strong>An einem k\u00fchlen und trockenen Platz aufbewahren<\/strong><\/td>\n<td width=\"37\"><\/td>\n<td width=\"39\"><\/td>\n<\/tr>\n<tr>\n<td colspan=\"2\" width=\"248\"><strong>Warnung: Allergie: Schokolade<\/strong><\/td>\n<td width=\"78\"><\/td>\n<td width=\"136\"><\/td>\n<td width=\"37\"><\/td>\n<td width=\"39\"><\/td>\n<\/tr>\n<\/tbody>\n<\/table>\n<p><strong>Zutaten<\/strong>: Datteln, Zucker, hydriertes Palm- und Sojabohnen\u00f6l, Molkepulver, Magermilchpulver, mit Alkali behandeltes Kakaopulver, Stabilisator (Sorbitantristearat), Emulgator (Sojalecithin und Polyglycerolpolyricinoleat), nat\u00fcrliches identisches Aroma Vanillin und Mandel.<\/p>\n","protected":false},"excerpt":{"rendered":"<p>Verpackungsgr\u00f6\u00dfe: (70 \u20ac * \/ 1 Kilogramm)<br \/>\nEnth\u00e4lt 7% MwSt.<br \/>\nzzgl. <a href=\"https:\/\/datteleria.de\/de\/versandinformationen\/\" target=\"_blank\" rel=\"noopener noreferrer\">Versand <\/a>(ab 45\u20ac versandkostenfrei)<br \/>\nLieferzeit: ca. 3-5 Werktage<\/p>\n","protected":false},"featured_media":4487,"comment_status":"open","ping_status":"closed","template":"","meta":[],"product_brand":[],"product_cat":[110],"product_tag":[],"class_list":{"0":"post-4481","1":"product","2":"type-product","3":"status-publish","4":"has-post-thumbnail","6":"product_cat-schokodatteln","8":"first","9":"instock","10":"shipping-taxable","11":"purchasable","12":"product-type-variable","13":"has-default-attributes"},"_links":{"self":[{"href":"https:\/\/datteleria.de\/de\/wp-json\/wp\/v2\/product\/4481","targetHints":{"allow":["GET"]}}],"collection":[{"href":"https:\/\/datteleria.de\/de\/wp-json\/wp\/v2\/product"}],"about":[{"href":"https:\/\/datteleria.de\/de\/wp-json\/wp\/v2\/types\/product"}],"replies":[{"embeddable":true,"href":"https:\/\/datteleria.de\/de\/wp-json\/wp\/v2\/comments?post=4481"}],"wp:featuredmedia":[{"embeddable":true,"href":"https:\/\/datteleria.de\/de\/wp-json\/wp\/v2\/media\/4487"}],"wp:attachment":[{"href":"https:\/\/datteleria.de\/de\/wp-json\/wp\/v2\/media?parent=4481"}],"wp:term":[{"taxonomy":"product_brand","embeddable":true,"href":"https:\/\/datteleria.de\/de\/wp-json\/wp\/v2\/product_brand?post=4481"},{"taxonomy":"product_cat","embeddable":true,"href":"https:\/\/datteleria.de\/de\/wp-json\/wp\/v2\/product_cat?post=4481"},{"taxonomy":"product_tag","embeddable":true,"href":"https:\/\/datteleria.de\/de\/wp-json\/wp\/v2\/product_tag?post=4481"}],"curies":[{"name":"wp","href":"https:\/\/api.w.org\/{rel}","templated":true}]}}