{"id":4469,"date":"2019-04-12T16:07:19","date_gmt":"2019-04-12T16:07:24","guid":{"rendered":"https:\/\/datteleria.de\/?post_type=product&#038;p=4469"},"modified":"2025-08-21T17:34:27","modified_gmt":"2025-08-21T15:34:27","slug":"dattelmus-300g","status":"publish","type":"product","link":"https:\/\/datteleria.de\/de\/product\/dattelmus-300g\/","title":{"rendered":"Datteleria Creme 270g"},"content":{"rendered":"<p>Datteleria Creme. Gesunde Marmelade nach neuartigem Rezept.<\/p>\n<p>Dattelmus ist eine k\u00f6stliche Kreation, die aus frischen Datteln hergestellt wird und in der K\u00fcche vielseitig verwendet werden kann.<\/p>\n<p>Dattelmus, hergestellt aus hochwertigen Datteln, ist eine delikate Mischung aus nat\u00fcrlicher S\u00fc\u00dfe und samtiger Textur.<\/p>\n<p><strong>Nat\u00fcrliche S\u00fc\u00dfe:<\/strong> Das Mus zeichnet sich durch die nat\u00fcrliche S\u00fc\u00dfe der Datteln aus, die es zu einer wunderbaren Zutat f\u00fcr Desserts und S\u00fc\u00dfspeisen macht. Die Datteln bringen ein reiches, karamellartiges Aroma mit.<\/p>\n<p><strong>Vielseitige Verwendung:<\/strong> Dattelmus kann in einer Vielzahl von Gerichten verwendet werden. Es kann als s\u00fc\u00dfer Aufstrich auf Brot oder Toast genossen werden, als Zutat in Desserts wie Kuchen oder Keksen dienen und sogar als nat\u00fcrlicher S\u00fc\u00dfungsmittel in Smoothies und Joghurts verwendet werden.<\/p>\n<p><strong>Gesunde Eigenschaften:<\/strong> Dattelmus ist auch eine gesunde Option, da Datteln eine gute Quelle f\u00fcr Ballaststoffe, Vitamine und Mineralstoffe sind. Es kann eine nat\u00fcrliche Alternative zu raffiniertem Zucker in verschiedenen Rezepten sein.<\/p>\n","protected":false},"excerpt":{"rendered":"<p>Enth\u00e4lt 7% MwSt.<br \/>\nzzgl. <a href=\"https:\/\/datteleria.de\/de\/versandinformationen\/\" target=\"_blank\" rel=\"noopener noreferrer\">Versand<\/a> (ab 45\u20ac versandkostenfrei)<br \/>\nLieferzeit: ca. 3-5 Werktage<br \/>\n5,95\u20ac \/270g (22\u20ac \/ 1KG)<\/p>\n","protected":false},"featured_media":6344,"comment_status":"open","ping_status":"closed","template":"","meta":[],"product_brand":[],"product_cat":[191],"product_tag":[],"class_list":{"0":"post-4469","1":"product","2":"type-product","3":"status-publish","4":"has-post-thumbnail","6":"product_cat-aufstrich","8":"first","9":"instock","10":"shipping-taxable","11":"purchasable","12":"product-type-simple"},"_links":{"self":[{"href":"https:\/\/datteleria.de\/de\/wp-json\/wp\/v2\/product\/4469","targetHints":{"allow":["GET"]}}],"collection":[{"href":"https:\/\/datteleria.de\/de\/wp-json\/wp\/v2\/product"}],"about":[{"href":"https:\/\/datteleria.de\/de\/wp-json\/wp\/v2\/types\/product"}],"replies":[{"embeddable":true,"href":"https:\/\/datteleria.de\/de\/wp-json\/wp\/v2\/comments?post=4469"}],"wp:featuredmedia":[{"embeddable":true,"href":"https:\/\/datteleria.de\/de\/wp-json\/wp\/v2\/media\/6344"}],"wp:attachment":[{"href":"https:\/\/datteleria.de\/de\/wp-json\/wp\/v2\/media?parent=4469"}],"wp:term":[{"taxonomy":"product_brand","embeddable":true,"href":"https:\/\/datteleria.de\/de\/wp-json\/wp\/v2\/product_brand?post=4469"},{"taxonomy":"product_cat","embeddable":true,"href":"https:\/\/datteleria.de\/de\/wp-json\/wp\/v2\/product_cat?post=4469"},{"taxonomy":"product_tag","embeddable":true,"href":"https:\/\/datteleria.de\/de\/wp-json\/wp\/v2\/product_tag?post=4469"}],"curies":[{"name":"wp","href":"https:\/\/api.w.org\/{rel}","templated":true}]}}