{"id":4463,"date":"2019-04-12T16:01:47","date_gmt":"2019-04-12T16:01:47","guid":{"rendered":"https:\/\/datteleria.de\/product\/dattelmarmelade-mit-orangen\/"},"modified":"2025-08-21T17:42:08","modified_gmt":"2025-08-21T15:42:08","slug":"dattelmus-mit-orangenschale","status":"publish","type":"product","link":"https:\/\/datteleria.de\/de\/product\/dattelmus-mit-orangenschale\/","title":{"rendered":"Dattel Creme mit Orangenschale 270g"},"content":{"rendered":"<p>Dattel Creme mit Orangenschale ist eine k\u00f6stliche und aromatische Kreation, die Ihre Geschmacksknospen verw\u00f6hnt.<\/p>\n<p>Die Dattel Creme mit Orangenschale\u00a0 vereint die nat\u00fcrliche S\u00fc\u00dfe der Datteln mit der erfrischenden Zitrusnote der Orangenschalen zu einer unwiderstehlichen Kombination.<\/p>\n<p><strong>Datteln:<\/strong> Dattelmus basiert auf hochwertigen Datteln, die f\u00fcr ihre nat\u00fcrliche S\u00fc\u00dfe und samtige Konsistenz ausgew\u00e4hlt werden.<\/p>\n<p><strong>Frische Orangenschalen:<\/strong> Die fein gehackten Orangenschalen sorgen f\u00fcr eine erfrischende und leicht herbe Note, die perfekt mit der S\u00fc\u00dfe der Datteln kontrastiert. Sie verleihen der Marmelade einen Hauch von Zitrusfrische.<\/p>\n<p>Die Marmelade zeichnet sich durch eine glatte und leicht st\u00fcckige Textur aus, die sich hervorragend auf Brot, Br\u00f6tchen oder als Topping f\u00fcr Desserts und Joghurt eignet.<\/p>\n<p><strong>Vielseitige Verwendung:<\/strong> Diese Dattelmarmelade mit Orangenschalen kann auf verschiedene Arten genossen werden. Sie passt perfekt zu Fr\u00fchst\u00fccksoptionen wie Toast, Croissants oder Pfannkuchen und kann auch als s\u00fc\u00dfe Note in Desserts, Kuchen oder K\u00e4seplatten verwendet werden.<\/p>\n","protected":false},"excerpt":{"rendered":"<p>Enth\u00e4lt 5% MwSt.<br \/>\nzzgl. <a href=\"https:\/\/datteleria.de\/de\/versandinformationen\/\" target=\"_blank\" rel=\"noopener noreferrer\">Versand<\/a> (ab 45\u20ac versandkostenfrei)<br \/>\nLieferzeit: ca. 3-5 Werktage<br \/>\n(6,95 \u20ac \/ 270g) (25,74\u20ac \/ 1kg)<\/p>\n","protected":false},"featured_media":6346,"comment_status":"open","ping_status":"closed","template":"","meta":[],"product_brand":[],"product_cat":[191],"product_tag":[245],"class_list":{"0":"post-4463","1":"product","2":"type-product","3":"status-publish","4":"has-post-thumbnail","6":"product_cat-aufstrich","7":"product_tag-dattel-creme-mit-orangenschale","9":"first","10":"instock","11":"shipping-taxable","12":"purchasable","13":"product-type-simple"},"_links":{"self":[{"href":"https:\/\/datteleria.de\/de\/wp-json\/wp\/v2\/product\/4463","targetHints":{"allow":["GET"]}}],"collection":[{"href":"https:\/\/datteleria.de\/de\/wp-json\/wp\/v2\/product"}],"about":[{"href":"https:\/\/datteleria.de\/de\/wp-json\/wp\/v2\/types\/product"}],"replies":[{"embeddable":true,"href":"https:\/\/datteleria.de\/de\/wp-json\/wp\/v2\/comments?post=4463"}],"wp:featuredmedia":[{"embeddable":true,"href":"https:\/\/datteleria.de\/de\/wp-json\/wp\/v2\/media\/6346"}],"wp:attachment":[{"href":"https:\/\/datteleria.de\/de\/wp-json\/wp\/v2\/media?parent=4463"}],"wp:term":[{"taxonomy":"product_brand","embeddable":true,"href":"https:\/\/datteleria.de\/de\/wp-json\/wp\/v2\/product_brand?post=4463"},{"taxonomy":"product_cat","embeddable":true,"href":"https:\/\/datteleria.de\/de\/wp-json\/wp\/v2\/product_cat?post=4463"},{"taxonomy":"product_tag","embeddable":true,"href":"https:\/\/datteleria.de\/de\/wp-json\/wp\/v2\/product_tag?post=4463"}],"curies":[{"name":"wp","href":"https:\/\/api.w.org\/{rel}","templated":true}]}}