{"id":4399,"date":"2019-04-12T14:36:03","date_gmt":"2019-04-12T14:36:03","guid":{"rendered":"https:\/\/datteleria.de\/product\/gefullte-trockendatteln\/"},"modified":"2023-07-01T01:24:36","modified_gmt":"2023-06-30T23:24:36","slug":"gefuellte-datteln-mit-haselnuss","status":"publish","type":"product","link":"https:\/\/datteleria.de\/de\/product\/gefuellte-datteln-mit-haselnuss\/","title":{"rendered":"Gef\u00fcllte Datteln mit Haselnuss"},"content":{"rendered":"<p>W\u00e4hlen Sie Ihre Lieblingsf\u00fcllung aus unserem breiten Angebot, z. B. Haselnuss, Mandel, Walnuss oder Orangenschale.<\/p>\n","protected":false},"excerpt":{"rendered":"<p>Price: 1 Kg \/ 42 \u20ac<br \/>\nVerpackungsgr\u00f6\u00dfe: 250g, 500 g und 1 Kg<br \/>\nEnth\u00e4lt 7% MwSt.<br \/>\nzzgl. Versand (ab 45\u20ac versandkostenfrei)<br \/>\nLieferzeit: ca. 3-5 Werktage<\/p>\n","protected":false},"featured_media":4394,"comment_status":"open","ping_status":"closed","template":"","meta":[],"product_brand":[],"product_cat":[104],"product_tag":[],"class_list":{"0":"post-4399","1":"product","2":"type-product","3":"status-publish","4":"has-post-thumbnail","6":"product_cat-gefuellte-datteln","8":"first","9":"instock","10":"shipping-taxable","11":"purchasable","12":"product-type-variable","13":"has-default-attributes"},"_links":{"self":[{"href":"https:\/\/datteleria.de\/de\/wp-json\/wp\/v2\/product\/4399","targetHints":{"allow":["GET"]}}],"collection":[{"href":"https:\/\/datteleria.de\/de\/wp-json\/wp\/v2\/product"}],"about":[{"href":"https:\/\/datteleria.de\/de\/wp-json\/wp\/v2\/types\/product"}],"replies":[{"embeddable":true,"href":"https:\/\/datteleria.de\/de\/wp-json\/wp\/v2\/comments?post=4399"}],"wp:featuredmedia":[{"embeddable":true,"href":"https:\/\/datteleria.de\/de\/wp-json\/wp\/v2\/media\/4394"}],"wp:attachment":[{"href":"https:\/\/datteleria.de\/de\/wp-json\/wp\/v2\/media?parent=4399"}],"wp:term":[{"taxonomy":"product_brand","embeddable":true,"href":"https:\/\/datteleria.de\/de\/wp-json\/wp\/v2\/product_brand?post=4399"},{"taxonomy":"product_cat","embeddable":true,"href":"https:\/\/datteleria.de\/de\/wp-json\/wp\/v2\/product_cat?post=4399"},{"taxonomy":"product_tag","embeddable":true,"href":"https:\/\/datteleria.de\/de\/wp-json\/wp\/v2\/product_tag?post=4399"}],"curies":[{"name":"wp","href":"https:\/\/api.w.org\/{rel}","templated":true}]}}