{"id":4366,"date":"2019-03-28T16:17:20","date_gmt":"2019-03-28T16:17:20","guid":{"rendered":"https:\/\/datteleria.de\/product\/sagie-dattelsorten\/"},"modified":"2026-02-11T19:02:33","modified_gmt":"2026-02-11T18:02:33","slug":"bio-sagie-dattelsorten","status":"publish","type":"product","link":"https:\/\/datteleria.de\/de\/product\/bio-sagie-dattelsorten\/","title":{"rendered":"Sagie Large"},"content":{"rendered":"<p>Sagie-Datteln<\/p>\n<p>Die gelbe Krone<\/p>\n<p>Sagie-Datteln haben eine s\u00fc\u00dfe gelbe Farbe und einen mild s\u00fc\u00dfen Geschmack. Sie sind z\u00e4h und bekannt f\u00fcr ihre Textur und zweifarbige Farbe. Die Oberseite der Sagie-Dattel ist golden und leicht trocken, w\u00e4hrend der Rest rotbraun, weich und leicht s\u00fc\u00dflich ist.<\/p>\n<p>Zutaten: Sagie-Datteln (mit Kern)<\/p>\n<p>Allergie: Kein<br \/>\nHersteller: Saudi Arabia<\/p>\n<p>Durchschnittliche N\u00e4hrwerte je 100 g<\/p>\n<p>Energie 307 Kcal<br \/>\nZucker 53 %<br \/>\nFruktose\/Glukose 25\/28<br \/>\nGesamtfett 0,1 mg<br \/>\nGes\u00e4ttigte Fetts\u00e4uren 0<br \/>\nTrans Fett 0<br \/>\nCholesterin 0<\/p>\n<p>Kalium 656 mg<br \/>\nNatrium 13,65 mg<br \/>\nGesamte Kohlenhydrate 67,33 g<br \/>\nBallaststoffe 8,27 g<br \/>\nEiwei\u00df 2.41 g<br \/>\nKalzium 37,07 mg<br \/>\nMagnesium 52,56 mg<br \/>\nEisen 1,07 mg<br \/>\nPhosphor 66,07 mg<br \/>\nZink 0,35 mg<br \/>\nCopper 0,2 mg<br \/>\nManganerze 0,28 mg<br \/>\nKobalt 2,3 mg<br \/>\nPotassium 478,08 mg<br \/>\nVitamin B3 0,175 mg<br \/>\nVitamin B2 0,475 mg<\/p>\n<p>&nbsp;<\/p>\n","protected":false},"excerpt":{"rendered":"<p>Enth\u00e4lt 7% MwSt.<br \/>\nzzgl. <a href=\"https:\/\/datteleria.de\/de\/versandinformationen\/\" target=\"_blank\" rel=\"noopener noreferrer\">Versand<\/a> (ab 45\u20ac versandkostenfrei)<br \/>\nLieferzeit: ca. 3-5 Werktage<\/p>\n","protected":false},"featured_media":4621,"comment_status":"open","ping_status":"closed","template":"","meta":[],"product_brand":[],"product_cat":[101],"product_tag":[],"class_list":{"0":"post-4366","1":"product","2":"type-product","3":"status-publish","4":"has-post-thumbnail","6":"product_cat-dattel","8":"first","9":"instock","10":"shipping-taxable","11":"purchasable","12":"product-type-variable"},"_links":{"self":[{"href":"https:\/\/datteleria.de\/de\/wp-json\/wp\/v2\/product\/4366","targetHints":{"allow":["GET"]}}],"collection":[{"href":"https:\/\/datteleria.de\/de\/wp-json\/wp\/v2\/product"}],"about":[{"href":"https:\/\/datteleria.de\/de\/wp-json\/wp\/v2\/types\/product"}],"replies":[{"embeddable":true,"href":"https:\/\/datteleria.de\/de\/wp-json\/wp\/v2\/comments?post=4366"}],"wp:featuredmedia":[{"embeddable":true,"href":"https:\/\/datteleria.de\/de\/wp-json\/wp\/v2\/media\/4621"}],"wp:attachment":[{"href":"https:\/\/datteleria.de\/de\/wp-json\/wp\/v2\/media?parent=4366"}],"wp:term":[{"taxonomy":"product_brand","embeddable":true,"href":"https:\/\/datteleria.de\/de\/wp-json\/wp\/v2\/product_brand?post=4366"},{"taxonomy":"product_cat","embeddable":true,"href":"https:\/\/datteleria.de\/de\/wp-json\/wp\/v2\/product_cat?post=4366"},{"taxonomy":"product_tag","embeddable":true,"href":"https:\/\/datteleria.de\/de\/wp-json\/wp\/v2\/product_tag?post=4366"}],"curies":[{"name":"wp","href":"https:\/\/api.w.org\/{rel}","templated":true}]}}