{"id":4354,"date":"2019-03-28T15:44:03","date_gmt":"2019-03-28T15:44:03","guid":{"rendered":"https:\/\/datteleria.de\/product\/safawi\/"},"modified":"2026-02-11T19:04:14","modified_gmt":"2026-02-11T18:04:14","slug":"safawi","status":"publish","type":"product","link":"https:\/\/datteleria.de\/de\/product\/safawi\/","title":{"rendered":"Safawi Large"},"content":{"rendered":"<p>Eine der delikatesten Dattelsorten mit weicher Schale, die sich leicht vom Fruchtfleisch l\u00f6sen l\u00e4sst. Die Safwi Dates sind vor allem f\u00fcr die Behandlung von An\u00e4mie und Intoxikationen bekannt.<\/p>\n<p>&nbsp;<\/p>\n<table width=\"621\">\n<tbody>\n<tr>\n<td colspan=\"6\" width=\"621\">\n<p style=\"text-align: center;\"><strong>Safawi Datteln getrocknet<\/strong><\/p>\n<\/td>\n<\/tr>\n<tr>\n<td colspan=\"3\" width=\"418\"><strong>Durchschnittliche N\u00e4hrwerte je 100 g <\/strong><\/td>\n<td width=\"104\"><\/td>\n<td width=\"72\"><\/td>\n<td width=\"27\"><\/td>\n<\/tr>\n<tr>\n<td width=\"315\">Energie<\/td>\n<td width=\"43\">294<\/td>\n<td width=\"60\">Kcal<\/td>\n<td width=\"104\">Kalorien von Fett<\/td>\n<td width=\"72\">0<\/td>\n<td width=\"27\">Kcal<\/td>\n<\/tr>\n<tr>\n<td width=\"315\"><\/td>\n<td width=\"43\"><\/td>\n<td width=\"60\"><\/td>\n<td width=\"104\"><\/td>\n<td width=\"72\"><\/td>\n<td width=\"27\"><\/td>\n<\/tr>\n<tr>\n<td width=\"315\"><\/td>\n<td width=\"43\"><\/td>\n<td width=\"60\"><\/td>\n<td width=\"104\">%T\u00e4glicher Wert<\/td>\n<td width=\"72\"><\/td>\n<td width=\"27\"><\/td>\n<\/tr>\n<tr>\n<td width=\"315\"><strong>Gesamtfett<\/strong><\/td>\n<td width=\"43\">0<\/td>\n<td width=\"60\"><\/td>\n<td width=\"104\">0%<\/td>\n<td width=\"72\"><\/td>\n<td width=\"27\"><\/td>\n<\/tr>\n<tr>\n<td width=\"315\">Ges\u00e4ttigte Fetts\u00e4uren<\/td>\n<td width=\"43\">0<\/td>\n<td width=\"60\"><\/td>\n<td width=\"104\">0<\/td>\n<td width=\"72\"><\/td>\n<td width=\"27\"><\/td>\n<\/tr>\n<tr>\n<td width=\"315\">Trans Fett<\/td>\n<td width=\"43\">0<\/td>\n<td width=\"60\"><\/td>\n<td width=\"104\">0<\/td>\n<td width=\"72\"><\/td>\n<td width=\"27\"><\/td>\n<\/tr>\n<tr>\n<td width=\"315\"><strong>Cholesterin<\/strong><\/td>\n<td width=\"43\">0<\/td>\n<td width=\"60\"><\/td>\n<td width=\"104\">0<\/td>\n<td width=\"72\"><\/td>\n<td width=\"27\"><\/td>\n<\/tr>\n<tr>\n<td width=\"315\"><strong>Kalium<\/strong><\/td>\n<td width=\"43\">656mg<\/td>\n<td width=\"60\"><\/td>\n<td width=\"104\"><\/td>\n<td width=\"72\"><\/td>\n<td width=\"27\"><\/td>\n<\/tr>\n<tr>\n<td width=\"315\"><strong>Natrium<\/strong><\/td>\n<td width=\"43\">2mg<\/td>\n<td width=\"60\"><\/td>\n<td width=\"104\">0%<\/td>\n<td width=\"72\"><\/td>\n<td width=\"27\"><\/td>\n<\/tr>\n<tr>\n<td width=\"315\"><strong>Gesamte Kohlenhydrate<\/strong><\/td>\n<td width=\"43\">71g<\/td>\n<td width=\"60\"><\/td>\n<td width=\"104\">24%<\/td>\n<td width=\"72\"><\/td>\n<td width=\"27\"><\/td>\n<\/tr>\n<tr>\n<td width=\"315\">Ballaststoffe<\/td>\n<td width=\"43\">7g<\/td>\n<td width=\"60\"><\/td>\n<td width=\"104\">28%<\/td>\n<td width=\"72\"><\/td>\n<td width=\"27\"><\/td>\n<\/tr>\n<tr>\n<td width=\"315\">Zucker<\/td>\n<td width=\"43\">63g<\/td>\n<td width=\"60\"><\/td>\n<td width=\"104\"><\/td>\n<td width=\"72\"><\/td>\n<td width=\"27\"><\/td>\n<\/tr>\n<tr>\n<td width=\"315\"><strong>Eiwei\u00df<\/strong><\/td>\n<td width=\"43\">2,5g<\/td>\n<td width=\"60\"><\/td>\n<td width=\"104\"><\/td>\n<td width=\"72\"><\/td>\n<td width=\"27\"><\/td>\n<\/tr>\n<tr>\n<td width=\"315\"><\/td>\n<td width=\"43\"><\/td>\n<td width=\"60\"><\/td>\n<td width=\"104\"><\/td>\n<td width=\"72\"><\/td>\n<td width=\"27\"><\/td>\n<\/tr>\n<tr>\n<td width=\"315\">Vitamin A<\/td>\n<td width=\"43\">0,00%<\/td>\n<td width=\"60\">Vitamin C<\/td>\n<td width=\"104\">0%<\/td>\n<td width=\"72\">Magnesium<\/td>\n<td width=\"27\">10%<\/td>\n<\/tr>\n<tr>\n<td width=\"315\">Kalzium<\/td>\n<td width=\"43\">3%<\/td>\n<td width=\"60\">Eisen<\/td>\n<td width=\"104\">5%<\/td>\n<td width=\"72\"><\/td>\n<td width=\"27\"><\/td>\n<\/tr>\n<tr>\n<td colspan=\"4\" width=\"521\">Der prozentuale Tageswert basiert auf 2000 Kalorien-Di\u00e4t<\/td>\n<td width=\"72\"><\/td>\n<td width=\"27\"><\/td>\n<\/tr>\n<tr>\n<td colspan=\"6\" width=\"621\"><strong>Dieses Produkt enth\u00e4lt Dattelkerne<\/strong><\/td>\n<\/tr>\n<tr>\n<td width=\"315\"><strong>An einem k\u00fchlen und trockenen Platz aufbewahren<\/strong><\/td>\n<td width=\"43\"><\/td>\n<td width=\"60\"><\/td>\n<td width=\"104\"><\/td>\n<td width=\"72\"><\/td>\n<td width=\"27\"><\/td>\n<\/tr>\n<\/tbody>\n<\/table>\n<p>&nbsp;<\/p>\n","protected":false},"excerpt":{"rendered":"<p>Enth\u00e4lt 7% MwSt.<br \/>\nzzgl. <a href=\"https:\/\/datteleria.de\/de\/versandinformationen\/\" target=\"_blank\" rel=\"noopener noreferrer\">Versand<\/a> (ab 45\u20ac versandkostenfrei)<br \/>\nLieferzeit: ca. 3-5 Werktage<\/p>\n","protected":false},"featured_media":4349,"comment_status":"open","ping_status":"closed","template":"","meta":[],"product_brand":[],"product_cat":[101],"product_tag":[],"class_list":{"0":"post-4354","1":"product","2":"type-product","3":"status-publish","4":"has-post-thumbnail","6":"product_cat-dattel","8":"first","9":"instock","10":"shipping-taxable","11":"purchasable","12":"product-type-variable"},"_links":{"self":[{"href":"https:\/\/datteleria.de\/de\/wp-json\/wp\/v2\/product\/4354","targetHints":{"allow":["GET"]}}],"collection":[{"href":"https:\/\/datteleria.de\/de\/wp-json\/wp\/v2\/product"}],"about":[{"href":"https:\/\/datteleria.de\/de\/wp-json\/wp\/v2\/types\/product"}],"replies":[{"embeddable":true,"href":"https:\/\/datteleria.de\/de\/wp-json\/wp\/v2\/comments?post=4354"}],"wp:featuredmedia":[{"embeddable":true,"href":"https:\/\/datteleria.de\/de\/wp-json\/wp\/v2\/media\/4349"}],"wp:attachment":[{"href":"https:\/\/datteleria.de\/de\/wp-json\/wp\/v2\/media?parent=4354"}],"wp:term":[{"taxonomy":"product_brand","embeddable":true,"href":"https:\/\/datteleria.de\/de\/wp-json\/wp\/v2\/product_brand?post=4354"},{"taxonomy":"product_cat","embeddable":true,"href":"https:\/\/datteleria.de\/de\/wp-json\/wp\/v2\/product_cat?post=4354"},{"taxonomy":"product_tag","embeddable":true,"href":"https:\/\/datteleria.de\/de\/wp-json\/wp\/v2\/product_tag?post=4354"}],"curies":[{"name":"wp","href":"https:\/\/api.w.org\/{rel}","templated":true}]}}