{"id":4340,"date":"2019-03-28T15:25:45","date_gmt":"2019-03-28T15:25:45","guid":{"rendered":"https:\/\/datteleria.de\/product\/sukkari\/"},"modified":"2026-02-11T19:05:48","modified_gmt":"2026-02-11T18:05:48","slug":"sukkari","status":"publish","type":"product","link":"https:\/\/datteleria.de\/de\/product\/sukkari\/","title":{"rendered":"Sukkari Jumbo"},"content":{"rendered":"<p><strong>Sukkari-Datteln<\/strong><\/p>\n<p>Sugary Sweet<\/p>\n<p>Sukkari, was auf Arabisch \u201ezuckerhaltig\u201c bedeutet, wird wegen seines s\u00fc\u00dfen und zucker\u00e4hnlichen Geschmacks so genannt.<br \/>\nSein weiches Fleisch und die goldbraune Schale sorgen f\u00fcr ein<\/p>\n<p>ganz besonderes Erlebnis.<\/p>\n<p>Zutaten: Sukkari-Datteln (mit Kern)<\/p>\n<p>Allergie: Kein<br \/>\nHersteller: Saudi Arabia<\/p>\n<p>Durchschnittliche N\u00e4hrwerte je 100 g<\/p>\n<p>Energie 325 Kcal<br \/>\nZucker 68 %<br \/>\nFruktose\/Glukose 9\/10<br \/>\nGesamtfett 0,19 mg<br \/>\nGes\u00e4ttigte Fetts\u00e4uren 0<br \/>\nTrans Fett 0<br \/>\nCholesterin 0<br \/>\nKalium 656 mg<br \/>\nNatrium 8,97 mg<\/p>\n<p>Gesamte Kohlenhydrate 70,68 g<br \/>\nBallaststoffe 9,11 g<br \/>\nEiwei\u00df 2.51 g<br \/>\nKalzium 35,04 mg<br \/>\nMagnesium 64,35 mg<br \/>\nEisen 1,16 mg<br \/>\nPhosphor 69,38 mg<br \/>\nZink 0,79 mg<br \/>\nCopper 0,19 mg<br \/>\nManganerze 0,34 mg<br \/>\nKobalt 2,1 mg<br \/>\nPotassium 433,58 mg<br \/>\nVitamin B3 0,3 mg<br \/>\nVitamin B2 0,66 mg<br \/>\nVitamin B7 3,56 ug<\/p>\n<p>&nbsp;<\/p>\n","protected":false},"excerpt":{"rendered":"<p>Enth\u00e4lt 7% MwSt.<br \/>\nzzgl. <a href=\"https:\/\/datteleria.de\/de\/versandinformationen\/\" target=\"_blank\" rel=\"noopener noreferrer\">Versand<\/a> (ab 45\u20ac versandkostenfrei)<br \/>\nLieferzeit: ca. 3-5 Werktage<\/p>\n","protected":false},"featured_media":5916,"comment_status":"open","ping_status":"closed","template":"","meta":[],"product_brand":[],"product_cat":[101],"product_tag":[],"class_list":{"0":"post-4340","1":"product","2":"type-product","3":"status-publish","4":"has-post-thumbnail","6":"product_cat-dattel","8":"first","9":"instock","10":"shipping-taxable","11":"purchasable","12":"product-type-variable"},"_links":{"self":[{"href":"https:\/\/datteleria.de\/de\/wp-json\/wp\/v2\/product\/4340","targetHints":{"allow":["GET"]}}],"collection":[{"href":"https:\/\/datteleria.de\/de\/wp-json\/wp\/v2\/product"}],"about":[{"href":"https:\/\/datteleria.de\/de\/wp-json\/wp\/v2\/types\/product"}],"replies":[{"embeddable":true,"href":"https:\/\/datteleria.de\/de\/wp-json\/wp\/v2\/comments?post=4340"}],"wp:featuredmedia":[{"embeddable":true,"href":"https:\/\/datteleria.de\/de\/wp-json\/wp\/v2\/media\/5916"}],"wp:attachment":[{"href":"https:\/\/datteleria.de\/de\/wp-json\/wp\/v2\/media?parent=4340"}],"wp:term":[{"taxonomy":"product_brand","embeddable":true,"href":"https:\/\/datteleria.de\/de\/wp-json\/wp\/v2\/product_brand?post=4340"},{"taxonomy":"product_cat","embeddable":true,"href":"https:\/\/datteleria.de\/de\/wp-json\/wp\/v2\/product_cat?post=4340"},{"taxonomy":"product_tag","embeddable":true,"href":"https:\/\/datteleria.de\/de\/wp-json\/wp\/v2\/product_tag?post=4340"}],"curies":[{"name":"wp","href":"https:\/\/api.w.org\/{rel}","templated":true}]}}