{"id":4799,"date":"2019-08-15T13:00:23","date_gmt":"2019-08-15T11:00:23","guid":{"rendered":"https:\/\/datteleria.de\/?page_id=4799"},"modified":"2019-08-15T13:43:51","modified_gmt":"2019-08-15T11:43:51","slug":"dattelplaetzchen","status":"publish","type":"page","link":"https:\/\/datteleria.de\/de\/dattelplaetzchen\/","title":{"rendered":"Dattelpl\u00e4tzchen"},"content":{"rendered":"\n<div class=\"wp-block-image\"><figure class=\"aligncenter is-resized\"><img loading=\"lazy\" decoding=\"async\" src=\"https:\/\/datteleria.de\/wp-content\/uploads\/2019\/08\/mamoul-1-1024x732.jpg\" alt=\"Dattelpl\u00e4tzchen\" class=\"wp-image-4801\" width=\"349\" height=\"249\" srcset=\"https:\/\/datteleria.de\/wp-content\/uploads\/2019\/08\/mamoul-1-1024x732.jpg 1024w, https:\/\/datteleria.de\/wp-content\/uploads\/2019\/08\/mamoul-1-300x214.jpg 300w, https:\/\/datteleria.de\/wp-content\/uploads\/2019\/08\/mamoul-1-768x549.jpg 768w, https:\/\/datteleria.de\/wp-content\/uploads\/2019\/08\/mamoul-1-600x429.jpg 600w, https:\/\/datteleria.de\/wp-content\/uploads\/2019\/08\/mamoul-1.jpg 1600w\" sizes=\"auto, (max-width: 349px) 100vw, 349px\" \/><figcaption>Dattelpl\u00e4tzchen <\/figcaption><\/figure><\/div>\n\n\n\n<p><strong>Zutaten<\/strong><\/p>\n\n\n\n<p><br>&#8211;  F\u00fcr den Teig:<br>&#8211;  500 g Mehl <br>&#8211;  150 g fein Grie\u00df<br>&#8211;  150 g weiche Butter<br>&#8211;  150 ml Oliven\u00f6l<br>&#8211;  100 ml Milch<br>&#8211;  1 TL Hefe<br>&#8211;  50 ml Warmes Wasser <br>&#8211;  1 TL Zucker<br>&#8211;  1 TL Anis<br>&#8211;  F\u00fcr die F\u00fcllung:<br>&#8211;  250 g Datteln ohne Kerne<br>&#8211;  50 g Butter<br>&#8211;  1 TL Anis<br> 1 TL Zimt<\/p>\n\n\n\n<p><strong>Zubereitung<\/strong><br> F\u00fcr den Teig das Mehl durchsieben, den Grie\u00df, Anis, Milch, Butter, Oliven\u00f6l hinzuf\u00fcgen. Den Teig nun mit der Hand oder mit den Knethaken kneten.<br> In einer Tasse, die Hefe, Zucker und Warmes Wasser hinzuf\u00fcgen, 3 Minuten lassen, anschlie\u00dfend zu dem Teig hinzuf\u00fcgen.<br> Lass den Teig eine Stunde ruhen.<br> F\u00fcr die Dattelf\u00fcllung die Datteln entkernen und mit Butter in einer Mikrowelle (ca., 5 Minuten) erw\u00e4rmen, die Anis und Zimt hinzuf\u00fcgen.<\/p>\n\n\n\n<p>Der Teig mit dem Nudelholz d\u00fcnn ausrollen. Die Dattelmasse darauf mit einem L\u00f6ffel gleichm\u00e4\u00dfig verteilen. Den Teig wie eine Biskuitrolle einrollen und diese mit einem Messer in 2 Zentimeter Abst\u00e4nden in Scheiben schneiden. Die Pl\u00e4tzchen auf ein mit Backpapier ausgelegtes Backblech legen.<\/p>\n\n\n\n<p>Bei 180\u00b0C im Ofen 15-20 Minuten backen.<\/p>\n","protected":false},"excerpt":{"rendered":"<p>Zutaten &#8211; F\u00fcr den Teig:&#8211; 500 g Mehl &#8211; 150 g fein Grie\u00df&#8211; 150 g weiche Butter&#8211; 150 ml Oliven\u00f6l&#8211; 100 ml Milch&#8211; 1 TL Hefe&#8211; 50 ml Warmes Wasser &#8211; 1 TL Zucker&#8211; 1 TL Anis&#8211; F\u00fcr die F\u00fcllung:&#8211; 250 g Datteln ohne Kerne&#8211; 50 g Butter&#8211; 1 TL Anis 1 TL Zimt Zubereitung [&hellip;]<\/p>\n","protected":false},"author":1,"featured_media":4801,"parent":0,"menu_order":0,"comment_status":"closed","ping_status":"closed","template":"","meta":{"footnotes":""},"class_list":["post-4799","page","type-page","status-publish","has-post-thumbnail","hentry"],"_links":{"self":[{"href":"https:\/\/datteleria.de\/de\/wp-json\/wp\/v2\/pages\/4799","targetHints":{"allow":["GET"]}}],"collection":[{"href":"https:\/\/datteleria.de\/de\/wp-json\/wp\/v2\/pages"}],"about":[{"href":"https:\/\/datteleria.de\/de\/wp-json\/wp\/v2\/types\/page"}],"author":[{"embeddable":true,"href":"https:\/\/datteleria.de\/de\/wp-json\/wp\/v2\/users\/1"}],"replies":[{"embeddable":true,"href":"https:\/\/datteleria.de\/de\/wp-json\/wp\/v2\/comments?post=4799"}],"version-history":[{"count":5,"href":"https:\/\/datteleria.de\/de\/wp-json\/wp\/v2\/pages\/4799\/revisions"}],"predecessor-version":[{"id":4807,"href":"https:\/\/datteleria.de\/de\/wp-json\/wp\/v2\/pages\/4799\/revisions\/4807"}],"wp:featuredmedia":[{"embeddable":true,"href":"https:\/\/datteleria.de\/de\/wp-json\/wp\/v2\/media\/4801"}],"wp:attachment":[{"href":"https:\/\/datteleria.de\/de\/wp-json\/wp\/v2\/media?parent=4799"}],"curies":[{"name":"wp","href":"https:\/\/api.w.org\/{rel}","templated":true}]}}