{"id":4539,"date":"2019-04-16T18:19:52","date_gmt":"2019-04-16T16:19:52","guid":{"rendered":"https:\/\/datteleria.de\/?page_id=4539"},"modified":"2019-05-05T15:49:22","modified_gmt":"2019-05-05T13:49:22","slug":"dattel-mandel-shake-rezepte","status":"publish","type":"page","link":"https:\/\/datteleria.de\/de\/dattel-mandel-shake-rezepte\/","title":{"rendered":"Dattel Mandel Shake Rezepte"},"content":{"rendered":"<div class=\"wpb-content-wrapper\"><p>[vc_row][vc_column width=&#8221;1\/2&#8243;][vc_text_separator title=&#8221;Dattel Mandel Shake Rezepte&#8221;][vc_column_text]<\/p>\n<p>Ideal als Fr\u00fchst\u00fcck<\/p>\n<p><strong>ZUTATEN:<\/strong><\/p>\n<ul>\n<li>5 Datteln, entsteint<\/li>\n<li>1 reife Banane, in St\u00fccke geschnitten<\/li>\n<li>1 TL Honig<\/li>\n<li>400 ml Mandelmilch<\/li>\n<li>1 Messerspitze Zimt<\/li>\n<\/ul>\n<p><strong>ANLEITUNG:<\/strong><\/p>\n<p>Alle Zutaten in den Mixer geben und zu einem leckeren Shake mixen.<\/p>\n<p>[\/vc_column_text][\/vc_column][vc_column width=&#8221;1\/2&#8243;][vc_separator][vc_single_image image=&#8221;4703&#8243; img_size=&#8221;medium&#8221; alignment=&#8221;center&#8221;][\/vc_column][\/vc_row][vc_row][vc_column][vc_column_text]<!-- \/wp:post-content --><\/p>\n<p><!-- wp:paragraph -->[\/vc_column_text][\/vc_column][\/vc_row]<\/p>\n<\/div>","protected":false},"excerpt":{"rendered":"<p>[vc_row][vc_column width=&#8221;1\/2&#8243;][vc_text_separator title=&#8221;Dattel Mandel Shake Rezepte&#8221;][vc_column_text] Ideal als Fr\u00fchst\u00fcck ZUTATEN: 5 Datteln, entsteint 1 reife Banane, in St\u00fccke geschnitten 1 TL Honig 400 ml Mandelmilch 1 Messerspitze Zimt ANLEITUNG: Alle Zutaten in den Mixer geben und zu einem leckeren Shake mixen. [\/vc_column_text][\/vc_column][vc_column width=&#8221;1\/2&#8243;][vc_separator][vc_single_image image=&#8221;4703&#8243; img_size=&#8221;medium&#8221; alignment=&#8221;center&#8221;][\/vc_column][\/vc_row][vc_row][vc_column][vc_column_text] [\/vc_column_text][\/vc_column][\/vc_row]<\/p>\n","protected":false},"author":1,"featured_media":0,"parent":0,"menu_order":0,"comment_status":"closed","ping_status":"closed","template":"","meta":{"footnotes":""},"class_list":["post-4539","page","type-page","status-publish","hentry"],"_links":{"self":[{"href":"https:\/\/datteleria.de\/de\/wp-json\/wp\/v2\/pages\/4539","targetHints":{"allow":["GET"]}}],"collection":[{"href":"https:\/\/datteleria.de\/de\/wp-json\/wp\/v2\/pages"}],"about":[{"href":"https:\/\/datteleria.de\/de\/wp-json\/wp\/v2\/types\/page"}],"author":[{"embeddable":true,"href":"https:\/\/datteleria.de\/de\/wp-json\/wp\/v2\/users\/1"}],"replies":[{"embeddable":true,"href":"https:\/\/datteleria.de\/de\/wp-json\/wp\/v2\/comments?post=4539"}],"version-history":[{"count":5,"href":"https:\/\/datteleria.de\/de\/wp-json\/wp\/v2\/pages\/4539\/revisions"}],"predecessor-version":[{"id":4706,"href":"https:\/\/datteleria.de\/de\/wp-json\/wp\/v2\/pages\/4539\/revisions\/4706"}],"wp:attachment":[{"href":"https:\/\/datteleria.de\/de\/wp-json\/wp\/v2\/media?parent=4539"}],"curies":[{"name":"wp","href":"https:\/\/api.w.org\/{rel}","templated":true}]}}