{"id":4530,"date":"2019-04-16T17:40:40","date_gmt":"2019-04-16T15:40:40","guid":{"rendered":"https:\/\/datteleria.de\/?page_id=4530"},"modified":"2019-05-05T15:40:32","modified_gmt":"2019-05-05T13:40:32","slug":"datteln-muffins-rezepte","status":"publish","type":"page","link":"https:\/\/datteleria.de\/de\/datteln-muffins-rezepte\/","title":{"rendered":"Datteln-Muffins Rezepte"},"content":{"rendered":"<div class=\"wpb-content-wrapper\"><p>[vc_row][vc_column width=&#8221;1\/2&#8243;][vc_text_separator title=&#8221;Datteln-Muffins Rezepte&#8221;][vc_column_text]Zutaten f\u00fcr 12 St\u00fcck oder 24 Mini-Muffins:<br \/>\n<strong>ZUTATEN:<\/strong><\/p>\n<ul>\n<li>100 g Datteln, entsteint<\/li>\n<li>200 g Mehl<\/li>\n<li>1 Vanilleschote<\/li>\n<li>50 g gehackte Mandeln<\/li>\n<li>1 1\/2 TL Backpulver<\/li>\n<li>1\/2 TL Natron<\/li>\n<li>1 Ei<\/li>\n<li>60 ml \u00d6l<\/li>\n<li>250 g Joghurt oder Sauerrahm<\/li>\n<li>1 Msp. geriebene Orangenschale<\/li>\n<\/ul>\n<p><strong>ANLEITUNG:<\/strong><\/p>\n<ol>\n<li>Den Backofen auf 175 Grad vorheizen (Umluft 160 Grad). Die Vertiefungen eines Muffin-Blechs einfetten oder Papier-Backf\u00f6rmchen hineinsetzen.<\/li>\n<li>Die Datteln klein schneiden. Vanilleschote l\u00e4ngs aufschlitzen, das Mark herausschaben. Mehl in einer Sch\u00fcssel mit Vanillemark, Mandeln, Backpulver und Natron mischen.<\/li>\n<li>In einer zweiten Sch\u00fcssel das Ei, \u00d6l, Joghurt oder Rahm und Orangenschale kr\u00e4ftig verr\u00fchren. Mehlmischung unterr\u00fchren. Datteln zuf\u00fcgen und alles nur solange verr\u00fchren, bis auch die trockenen Zutaten feucht sind.<\/li>\n<li>Den Teig in das Blech oder die Backf\u00f6rmchen f\u00fcllen. Im Ofen auf mittlerer Schiene etwa 15 Minuten backen. Die Muffins im Blech etwa 5 Minuten ruhen lassen, dann herausl\u00f6sen und auf einem Kuchengitter abk\u00fchlen lassen.<\/li>\n<\/ol>\n<p>[\/vc_column_text][\/vc_column][vc_column width=&#8221;1\/2&#8243;][vc_separator][vc_single_image image=&#8221;4532&#8243; img_size=&#8221;full&#8221; alignment=&#8221;center&#8221;][\/vc_column][\/vc_row]<\/p>\n<\/div>","protected":false},"excerpt":{"rendered":"<p>[vc_row][vc_column width=&#8221;1\/2&#8243;][vc_text_separator title=&#8221;Datteln-Muffins Rezepte&#8221;][vc_column_text]Zutaten f\u00fcr 12 St\u00fcck oder 24 Mini-Muffins: ZUTATEN: 100 g Datteln, entsteint 200 g Mehl 1 Vanilleschote 50 g gehackte Mandeln 1 1\/2 TL Backpulver 1\/2 TL Natron 1 Ei 60 ml \u00d6l 250 g Joghurt oder Sauerrahm 1 Msp. geriebene Orangenschale ANLEITUNG: Den Backofen auf 175 Grad vorheizen (Umluft 160 Grad). [&hellip;]<\/p>\n","protected":false},"author":1,"featured_media":0,"parent":0,"menu_order":0,"comment_status":"closed","ping_status":"closed","template":"","meta":{"footnotes":""},"class_list":["post-4530","page","type-page","status-publish","hentry"],"_links":{"self":[{"href":"https:\/\/datteleria.de\/de\/wp-json\/wp\/v2\/pages\/4530","targetHints":{"allow":["GET"]}}],"collection":[{"href":"https:\/\/datteleria.de\/de\/wp-json\/wp\/v2\/pages"}],"about":[{"href":"https:\/\/datteleria.de\/de\/wp-json\/wp\/v2\/types\/page"}],"author":[{"embeddable":true,"href":"https:\/\/datteleria.de\/de\/wp-json\/wp\/v2\/users\/1"}],"replies":[{"embeddable":true,"href":"https:\/\/datteleria.de\/de\/wp-json\/wp\/v2\/comments?post=4530"}],"version-history":[{"count":5,"href":"https:\/\/datteleria.de\/de\/wp-json\/wp\/v2\/pages\/4530\/revisions"}],"predecessor-version":[{"id":4702,"href":"https:\/\/datteleria.de\/de\/wp-json\/wp\/v2\/pages\/4530\/revisions\/4702"}],"wp:attachment":[{"href":"https:\/\/datteleria.de\/de\/wp-json\/wp\/v2\/media?parent=4530"}],"curies":[{"name":"wp","href":"https:\/\/api.w.org\/{rel}","templated":true}]}}