{"id":4517,"date":"2018-03-09T09:29:17","date_gmt":"2018-03-09T09:29:17","guid":{"rendered":"https:\/\/datteleria.de\/faq\/"},"modified":"2019-05-05T15:32:45","modified_gmt":"2019-05-05T13:32:45","slug":"faq","status":"publish","type":"page","link":"https:\/\/datteleria.de\/de\/faq\/","title":{"rendered":"Die Fragen, die h\u00e4ufig gestellt werden"},"content":{"rendered":"<div class=\"wpb-content-wrapper\"><p>[vc_row][vc_column][vc_tta_accordion][vc_tta_section title=&#8221;1- Ist es gesund, viele Datteln zu essen?&#8221; tab_id=&#8221;1555348477416-2bcae2d0-9660&#8243;][vc_column_text]Die Datteln sind von Natur aus reich an Zucker, Ballaststoffen, Vitaminen und Mineralstoffen. Die klebrigen, s\u00fc\u00dfen Fr\u00fcchte der Palme werden wegen ihres nat\u00fcrlichen Zucker-, Kohlenhydrat-, Eiwei\u00df- und N\u00e4hrstoffgehalts als traditionelle Nahrung gegessen. Sie sind gesunde Snacks, sind reich an Energie, Vitaminen und Mineralstoffen.[\/vc_column_text][\/vc_tta_section][vc_tta_section title=&#8221;2- Welche Reifegrade haben Datteln?&#8221; tab_id=&#8221;1555348477416-762ac98d-2def&#8221;][vc_column_text]Datteln reifen in vier Stufen, die auf der ganzen Welt unter ihren arabischen Namen kimri (unreif), khlal (reif, knackig), rutab (reif, weich), tamr (reif, sonnengetrocknet) bekannt sind.[\/vc_column_text][\/vc_tta_section][vc_tta_section title=&#8221;3- Wie lange halten sich die Datteln?&#8221; tab_id=&#8221;1555348632121-6701b7fc-4c8c&#8221;][vc_column_text]Datteln haben ein Mindesthaltbarkeitsdatum von 1-2 Jahren ab Ernte.<br \/>\nLagern Sie die Datteln an einem k\u00fchlen (10\u00b0C) Ort.<br \/>\nEntnehmen Sie die Fr\u00fcchte nicht mit den Fingern, sondern mit einer Gabel oder Zange. Damit haben Ihre Datteln die besten Chancen lange frisch zu bleiben.[\/vc_column_text][\/vc_tta_section][vc_tta_section title=&#8221;4- Machen Datteln dick?&#8221; tab_id=&#8221;1555348692214-1c4b29d1-cb28&#8243;][vc_column_text]Wenn Sie 10 g Datteln essen, nehmen Sie 23 Kalorien mit vielen Ballaststoffen zu sich. Kontrollieren Sie also Ihren Dattelkonsum! Essen Sie mit Genuss! Menschen, die unter Diabetes leiden, insbesondere solche mit Typ-2-Diabetes, sollten Datteln wissen, dass Datteln Kohlenhydrate enthalten.[\/vc_column_text][\/vc_tta_section][\/vc_tta_accordion][\/vc_column][\/vc_row]<\/p>\n<\/div>","protected":false},"excerpt":{"rendered":"<p>[vc_row][vc_column][vc_tta_accordion][vc_tta_section title=&#8221;1- Ist es gesund, viele Datteln zu essen?&#8221; tab_id=&#8221;1555348477416-2bcae2d0-9660&#8243;][vc_column_text]Die Datteln sind von Natur aus reich an Zucker, Ballaststoffen, Vitaminen und Mineralstoffen. Die klebrigen, s\u00fc\u00dfen Fr\u00fcchte der Palme werden wegen ihres nat\u00fcrlichen Zucker-, Kohlenhydrat-, Eiwei\u00df- und N\u00e4hrstoffgehalts als traditionelle Nahrung gegessen. Sie sind gesunde Snacks, sind reich an Energie, Vitaminen und Mineralstoffen.[\/vc_column_text][\/vc_tta_section][vc_tta_section title=&#8221;2- Welche Reifegrade [&hellip;]<\/p>\n","protected":false},"author":1,"featured_media":0,"parent":0,"menu_order":0,"comment_status":"closed","ping_status":"closed","template":"","meta":{"footnotes":""},"class_list":["post-4517","page","type-page","status-publish","hentry"],"_links":{"self":[{"href":"https:\/\/datteleria.de\/de\/wp-json\/wp\/v2\/pages\/4517","targetHints":{"allow":["GET"]}}],"collection":[{"href":"https:\/\/datteleria.de\/de\/wp-json\/wp\/v2\/pages"}],"about":[{"href":"https:\/\/datteleria.de\/de\/wp-json\/wp\/v2\/types\/page"}],"author":[{"embeddable":true,"href":"https:\/\/datteleria.de\/de\/wp-json\/wp\/v2\/users\/1"}],"replies":[{"embeddable":true,"href":"https:\/\/datteleria.de\/de\/wp-json\/wp\/v2\/comments?post=4517"}],"version-history":[{"count":5,"href":"https:\/\/datteleria.de\/de\/wp-json\/wp\/v2\/pages\/4517\/revisions"}],"predecessor-version":[{"id":4701,"href":"https:\/\/datteleria.de\/de\/wp-json\/wp\/v2\/pages\/4517\/revisions\/4701"}],"wp:attachment":[{"href":"https:\/\/datteleria.de\/de\/wp-json\/wp\/v2\/media?parent=4517"}],"curies":[{"name":"wp","href":"https:\/\/api.w.org\/{rel}","templated":true}]}}