{"id":4385,"date":"2019-04-10T15:11:25","date_gmt":"2019-04-10T15:11:25","guid":{"rendered":"https:\/\/datteleria.de\/?page_id=4385"},"modified":"2019-04-10T15:11:30","modified_gmt":"2019-04-10T15:11:30","slug":"zahlung","status":"publish","type":"page","link":"https:\/\/datteleria.de\/de\/zahlung\/","title":{"rendered":"Zahlung"},"content":{"rendered":"\n<p><br> Folgende Zahlungsm\u00f6glichkeiten sind m\u00f6glich:<br> Sofort \u00dcberweisung <br> Giropay<br> Zahlung mit Kreditkarte (MasterCard und Visa)<br> Paydirekt <br> Paypal<br> Vorkasse<br> Bitte \u00fcberweisen Sie den Gesamtbetrag Ihrer Bestellung auf unser Konto:<br> Kontoinhaber: Datteleria, Hadil Khalili<br> Konto Nr. 0022 584023<br> BLZ 700 520 60<br> SPARKASSE Landsberg-Die\u00dfen<br> BIC:  BYLADEM1LLD<br> IBAN : DE41 7005 2060 0022 5840 23<\/p>\n\n\n\n<p>f\u00fcr weitere Zahlungsm\u00f6glichkeiten kontaktieren Sie uns bitte unter info@datteleria.de<\/p>\n","protected":false},"excerpt":{"rendered":"<p>Folgende Zahlungsm\u00f6glichkeiten sind m\u00f6glich: Sofort \u00dcberweisung Giropay Zahlung mit Kreditkarte (MasterCard und Visa) Paydirekt Paypal Vorkasse Bitte \u00fcberweisen Sie den Gesamtbetrag Ihrer Bestellung auf unser Konto: Kontoinhaber: Datteleria, Hadil Khalili Konto Nr. 0022 584023 BLZ 700 520 60 SPARKASSE Landsberg-Die\u00dfen BIC: BYLADEM1LLD IBAN : DE41 7005 2060 0022 5840 23 f\u00fcr weitere Zahlungsm\u00f6glichkeiten kontaktieren Sie [&hellip;]<\/p>\n","protected":false},"author":1,"featured_media":0,"parent":0,"menu_order":0,"comment_status":"closed","ping_status":"closed","template":"","meta":{"footnotes":""},"class_list":["post-4385","page","type-page","status-publish","hentry"],"_links":{"self":[{"href":"https:\/\/datteleria.de\/de\/wp-json\/wp\/v2\/pages\/4385","targetHints":{"allow":["GET"]}}],"collection":[{"href":"https:\/\/datteleria.de\/de\/wp-json\/wp\/v2\/pages"}],"about":[{"href":"https:\/\/datteleria.de\/de\/wp-json\/wp\/v2\/types\/page"}],"author":[{"embeddable":true,"href":"https:\/\/datteleria.de\/de\/wp-json\/wp\/v2\/users\/1"}],"replies":[{"embeddable":true,"href":"https:\/\/datteleria.de\/de\/wp-json\/wp\/v2\/comments?post=4385"}],"version-history":[{"count":1,"href":"https:\/\/datteleria.de\/de\/wp-json\/wp\/v2\/pages\/4385\/revisions"}],"predecessor-version":[{"id":4386,"href":"https:\/\/datteleria.de\/de\/wp-json\/wp\/v2\/pages\/4385\/revisions\/4386"}],"wp:attachment":[{"href":"https:\/\/datteleria.de\/de\/wp-json\/wp\/v2\/media?parent=4385"}],"curies":[{"name":"wp","href":"https:\/\/api.w.org\/{rel}","templated":true}]}}