{"id":4290,"date":"2019-03-25T16:11:40","date_gmt":"2019-03-25T16:11:40","guid":{"rendered":"https:\/\/datteleria.de\/?page_id=4290"},"modified":"2019-05-05T16:14:04","modified_gmt":"2019-05-05T14:14:04","slug":"das-wunder-der-datteln","status":"publish","type":"page","link":"https:\/\/datteleria.de\/de\/das-wunder-der-datteln\/","title":{"rendered":"Das Wunder der Datteln"},"content":{"rendered":"<div class=\"wpb-content-wrapper\"><p>[vc_row][vc_column][vc_column_text]<\/p>\n\n<p><strong>Geschichte der Dattel<\/strong><\/p>\n\n<p>Die Echte Dattelpalme (Phoenix dactylifera) geh\u00f6rt zur Familie der Palmengew\u00e4chse, deren urspr\u00fcngliche Vertreter sich in der Kreidezeit vor etwa 70 Millionen Jahren nachweisen lassen. Anbau und menschliche Verwendung der Dattelfrucht sind bereits in den fr\u00fchesten Hochkulturen der Menschheitsgeschichte bis ca. 5.000 v.Chr. belegt. In Mesopotamien, \u00c4gypten und dem Indus-Tal wurden Datteln somit schon vor Jahrtausenden als Nahrungsmittel oder zur Herstellung von Dattelwein verwendet.<\/p>\n<p>Durch Handel verbreitete sich die Dattelfrucht zu den Bl\u00fctezeiten der fr\u00fchen Hochkulturen \u00fcber den gesamten Mittelmeerraum und gelangte mit den Spaniern sp\u00e4ter auch \u00fcber den Atlantik bis nach Kalifornien und Mexiko. Die heutigen Hauptproduktionsl\u00e4nder sind \u00c4gypten, Saudi-Arabien und Iran, den h\u00f6chsten Zuwachs im Dattelanbau verzeichnen die Vereinigten Arabischen Emirate, wo sich die Produktionsmengen in den letzten vierzig Jahren mehr als verdrei\u00dfigfacht hat.<\/p>\n<p><strong><em>Naschvergn\u00fcgen mit hohem N\u00e4hrwert<\/em><\/strong><\/p>\n<p>Dank ihres hohen Gehalts an nat\u00fcrlichen Kohlehydraten sind Datteln kalorienreich und ein ausgezeichneter Energielieferant (daher auch ihr Beiname \u201eBrot der W\u00fcste\u201c). Neben Mineralien und Spurenelementen wie Magnesium, Kalium und Kalzium, wertvollen Ballaststoffen und Vitaminen (besonders der lebenswichtigen B-Vitamingruppe) enthalten Datteln hohe Mengen der Aminos\u00e4ure Tryptophan. Diese hat gro\u00dfen Einfluss auf den Hormonhaushalt und steuert im Zusammenspiel mit dem Hormon Melatonin den Tag-Nacht-Rhythmus des menschlichen K\u00f6rpers. Neueste Studien beweisen zudem die Wirksamkeit des in Datteln enthaltenen Tryptophan bei der Therapie von seelischen Verstimmungen bis hin zur Behandlung von Depressionen.<\/p>\n<p>Schon wenige Datteln pro Tag verbessern somit das Allgemeinbefinden, versorgen den K\u00f6rper mit wichtigen N\u00e4hrstoffen und unterst\u00fctzen einen erholsamen Schlaf.<\/p>\n<p><strong><em>Verdauungsf\u00f6rdernd und leistungssteigernd<\/em><\/strong><\/p>\n<p>Durch den Reichtum an Ballaststoffen und verschiedenen Aminos\u00e4uren besitzen Datteln eine hervorragende, verdauungsf\u00f6rdernde Wirkung. Sie leisten au\u00dferdem einen wichtigen Beitrag f\u00fcr eine ausgeglichene Darmflora, indem sie die Vermehrung gesunder Darmbakterien anregen. Dar\u00fcber hinaus liefert das in hoher Dosierung enthaltene Kalium einen wichtigen Baustein f\u00fcr den Muskelaufbau und f\u00f6rdert somit jegliche k\u00f6rperliche Bet\u00e4tigung, sowohl bei der Arbeit als auch bei allen sportlichen Freizeitaktivit\u00e4ten.<\/p>\n\n\n<div class=\"wp-block-image\">\n<figure class=\"aligncenter\"><img loading=\"lazy\" decoding=\"async\" width=\"737\" height=\"475\" class=\"wp-image-4291\" src=\"https:\/\/datteleria.de\/wp-content\/uploads\/2019\/03\/Das-Wunder-der-Datteln.jpg\" alt=\"\" srcset=\"https:\/\/datteleria.de\/wp-content\/uploads\/2019\/03\/Das-Wunder-der-Datteln.jpg 737w, https:\/\/datteleria.de\/wp-content\/uploads\/2019\/03\/Das-Wunder-der-Datteln-300x193.jpg 300w, https:\/\/datteleria.de\/wp-content\/uploads\/2019\/03\/Das-Wunder-der-Datteln-600x387.jpg 600w\" sizes=\"auto, (max-width: 737px) 100vw, 737px\" \/><\/figure>\n<\/div>\n\n<p><strong><em>Weitere gesundheitliche Vorz\u00fcge der Dattelfrucht<br \/><\/em><\/strong><br \/>Reichlich Ballaststoffe unterst\u00fctzen die Selbstreinigung des Darmes und helfen somit aktiv bei der Vorsorge gegen Verstopfung, Reizdarm und sogar als Darmkrebs-Pr\u00e4vention.<br \/>Mineralstoffe und Spurenelemente leisten einen wichtigen Beitrag zur Gesunderhaltung des Herz-Kreislauf-Systems.<br \/>Antioxidantien binden freie Radikale und bieten einen wirksamen Schutz vor Arterienverkalkung, Bluthochdruck, Herzinfarkt und Schlaganfall.<\/p>\n\n<p><strong><em>Gesunde S\u00fc\u00dfigkeit mit Abnehm-Effekt<\/em><\/strong><\/p>\n\n<p> Wir alle kennen den Hei\u00dfhunger auf S\u00fc\u00dfes, den wir gerne schnell mit industriell hergestellten S\u00fc\u00dfwaren (Schokolade, Gummib\u00e4rchen etc.) voller krank machendem, raffiniertem Zucker stillen. Datteln sind die gesunde Alternative dazu und die bekannte Dattel-Milch-Di\u00e4t eine bew\u00e4hrte Z\u00fcndung f\u00fcr die Fettverbrennung. <a href=\"https:\/\/datteleria.de\/de\/dattel-milch-shake-fuer-diaet\/\"><strong><em>Zu Rezept <\/em><\/strong><\/a><\/p>\n\n<p><br \/><strong>Dank gesunden, nat\u00fcrlichen Kohlehydraten, ohne Fett und gesundheitssch\u00e4dliches Cholesterin sind Datteln die ideale Leckerei mit vorz\u00fcglichem N\u00e4hrwert und herausragenden, gesundheitsf\u00f6rdernden Inhaltsstoffen.<\/strong><\/p>\n\n<p>&nbsp;<\/p>\n<p>[\/vc_column_text][\/vc_column][\/vc_row]<\/p>\n<\/div>","protected":false},"excerpt":{"rendered":"<p>[vc_row][vc_column][vc_column_text] Geschichte der Dattel Weitere gesundheitliche Vorz\u00fcge der DattelfruchtReichlich Ballaststoffe unterst\u00fctzen die Selbstreinigung des Darmes und helfen somit aktiv bei der Vorsorge gegen Verstopfung, Reizdarm und sogar als Darmkrebs-Pr\u00e4vention.Mineralstoffe und Spurenelemente leisten einen wichtigen Beitrag zur Gesunderhaltung des Herz-Kreislauf-Systems.Antioxidantien binden freie Radikale und bieten einen wirksamen Schutz vor Arterienverkalkung, Bluthochdruck, Herzinfarkt und Schlaganfall. Gesunde S\u00fc\u00dfigkeit [&hellip;]<\/p>\n","protected":false},"author":1,"featured_media":0,"parent":0,"menu_order":0,"comment_status":"closed","ping_status":"closed","template":"","meta":{"footnotes":""},"class_list":["post-4290","page","type-page","status-publish","hentry"],"_links":{"self":[{"href":"https:\/\/datteleria.de\/de\/wp-json\/wp\/v2\/pages\/4290","targetHints":{"allow":["GET"]}}],"collection":[{"href":"https:\/\/datteleria.de\/de\/wp-json\/wp\/v2\/pages"}],"about":[{"href":"https:\/\/datteleria.de\/de\/wp-json\/wp\/v2\/types\/page"}],"author":[{"embeddable":true,"href":"https:\/\/datteleria.de\/de\/wp-json\/wp\/v2\/users\/1"}],"replies":[{"embeddable":true,"href":"https:\/\/datteleria.de\/de\/wp-json\/wp\/v2\/comments?post=4290"}],"version-history":[{"count":5,"href":"https:\/\/datteleria.de\/de\/wp-json\/wp\/v2\/pages\/4290\/revisions"}],"predecessor-version":[{"id":4712,"href":"https:\/\/datteleria.de\/de\/wp-json\/wp\/v2\/pages\/4290\/revisions\/4712"}],"wp:attachment":[{"href":"https:\/\/datteleria.de\/de\/wp-json\/wp\/v2\/media?parent=4290"}],"curies":[{"name":"wp","href":"https:\/\/api.w.org\/{rel}","templated":true}]}}