{"id":4273,"date":"2019-03-25T15:41:04","date_gmt":"2019-03-25T15:41:04","guid":{"rendered":"https:\/\/datteleria.de\/?page_id=4273"},"modified":"2019-08-27T20:32:43","modified_gmt":"2019-08-27T18:32:43","slug":"datenschutzerklaerung","status":"publish","type":"page","link":"https:\/\/datteleria.de\/de\/datenschutzerklaerung\/","title":{"rendered":"Datenschutzerkl\u00e4rung"},"content":{"rendered":"\n<h1 class=\"wp-block-heading\"> <br> <\/h1>\n\n\n\n<p>Personenbezogene Daten (nachfolgend zumeist nur \u201eDaten\u201c\ngenannt) werden von uns nur im Rahmen der Erforderlichkeit sowie zum Zwecke der\nBereitstellung eines funktionsf\u00e4higen und nutzerfreundlichen Internetauftritts,\ninklusive seiner Inhalte und der dort angebotenen Leistungen, verarbeitet.<\/p>\n\n\n\n<p>Gem\u00e4\u00df Art. 4 Ziffer 1. der Verordnung (EU) 2016\/679, also\nder Datenschutz-Grundverordnung (nachfolgend nur \u201eDSGVO\u201c genannt), gilt als\n\u201eVerarbeitung\u201c jeder mit oder ohne Hilfe automatisierter Verfahren ausgef\u00fchrter\nVorgang oder jede solche Vorgangsreihe im Zusammenhang mit personenbezogenen\nDaten, wie das Erheben, das Erfassen, die Organisation, das Ordnen, die\nSpeicherung, die Anpassung oder Ver\u00e4nderung, das Auslesen, das Abfragen, die\nVerwendung, die Offenlegung durch \u00dcbermittlung, Verbreitung oder eine andere\nForm der Bereitstellung, den Abgleich oder die Verkn\u00fcpfung, die Einschr\u00e4nkung,\ndas L\u00f6schen oder die Vernichtung.<\/p>\n\n\n\n<p>Mit der nachfolgenden Datenschutzerkl\u00e4rung informieren wir\nSie insbesondere \u00fcber Art, Umfang, Zweck, Dauer und Rechtsgrundlage der\nVerarbeitung personenbezogener Daten, soweit wir entweder allein oder gemeinsam\nmit anderen \u00fcber die Zwecke und Mittel der Verarbeitung entscheiden. Zudem\ninformieren wir Sie nachfolgend \u00fcber die von uns zu Optimierungszwecken sowie\nzur Steigerung der Nutzungsqualit\u00e4t eingesetzten Fremdkomponenten, soweit\nhierdurch Dritte Daten in wiederum eigener Verantwortung verarbeiten.<\/p>\n\n\n\n<p>Unsere Datenschutzerkl\u00e4rung ist wie folgt gegliedert:<\/p>\n\n\n\n<p>I. Informationen \u00fcber uns als Verantwortliche<br>\nII. Rechte der Nutzer und Betroffenen<br>\nIII. Informationen zur Datenverarbeitung<\/p>\n\n\n\n<h3 class=\"wp-block-heading\">I. INFORMATIONEN \u00dcBER UNS\nALS VERANTWORTLICHE<\/h3>\n\n\n\n<p>Verantwortlicher Anbieter dieses Internetauftritts im\ndatenschutzrechtlichen Sinne ist:<\/p>\n\n\n\n<p>Frau Hadil Khalili<\/p>\n\n\n\n<p>Pfladergasse 5, 86150 Augsburg<\/p>\n\n\n\n<p>E-Mail: <a href=\"mailto:info@datteleria.de\">info@datteleria.de<\/a><\/p>\n\n\n\n<p>Datenschutzbeauftragte\/r beim Anbieter ist:<\/p>\n\n\n\n<p>Frau Hadil Khalili, Kontakt siehe oben <\/p>\n\n\n\n<h3 class=\"wp-block-heading\">II. RECHTE DER NUTZER UND\nBETROFFENEN<\/h3>\n\n\n\n<p>Mit Blick auf die nachfolgend noch n\u00e4her beschriebene\nDatenverarbeitung haben die Nutzer und Betroffenen das Recht<\/p>\n\n\n\n<ul class=\"wp-block-list\"><li>auf Best\u00e4tigung, ob sie betreffende Daten\n     verarbeitet werden, auf Auskunft \u00fcber die verarbeiteten Daten, auf weitere\n     Informationen \u00fcber die Datenverarbeitung sowie auf Kopien der Daten (vgl.\n     auch Art. 15 DSGVO);<\/li><li>auf Berichtigung oder Vervollst\u00e4ndigung\n     unrichtiger bzw. unvollst\u00e4ndiger Daten (vgl. auch Art. 16 DSGVO);<\/li><li>auf unverz\u00fcgliche L\u00f6schung der sie\n     betreffenden Daten (vgl. auch Art. 17 DSGVO), oder, alternativ, soweit\n     eine weitere Verarbeitung gem\u00e4\u00df Art. 17 Abs. 3 DSGVO erforderlich ist, auf\n     Einschr\u00e4nkung der Verarbeitung nach Ma\u00dfgabe von Art. 18 DSGVO;<\/li><li>auf Erhalt der sie betreffenden und von ihnen\n     bereitgestellten Daten und auf \u00dcbermittlung dieser Daten an andere\n     Anbieter\/Verantwortliche (vgl. auch Art. 20 DSGVO);<\/li><li>auf Beschwerde gegen\u00fcber der Aufsichtsbeh\u00f6rde,\n     sofern sie der Ansicht sind, dass die sie betreffenden Daten durch den\n     Anbieter unter Versto\u00df gegen datenschutzrechtliche Bestimmungen\n     verarbeitet werden (vgl. auch Art. 77 DSGVO).<\/li><\/ul>\n\n\n\n<p>Dar\u00fcber hinaus ist der Anbieter dazu verpflichtet, alle\nEmpf\u00e4nger, denen gegen\u00fcber Daten durch den Anbieter offengelegt worden sind,\n\u00fcber jedwede Berichtigung oder L\u00f6schung von Daten oder die Einschr\u00e4nkung der\nVerarbeitung, die aufgrund der Artikel 16, 17 Abs. 1, 18 DSGVO erfolgt, zu\nunterrichten. Diese Verpflichtung besteht jedoch nicht, soweit diese Mitteilung\nunm\u00f6glich oder mit einem unverh\u00e4ltnism\u00e4\u00dfigen Aufwand verbunden ist. Unbeschadet\ndessen hat der Nutzer ein Recht auf Auskunft \u00fcber diese Empf\u00e4nger.<\/p>\n\n\n\n<p><strong>Ebenfalls haben die Nutzer und Betroffenen nach Art. 21\nDSGVO das Recht auf Widerspruch gegen die k\u00fcnftige Verarbeitung der sie betreffenden\nDaten, sofern die Daten durch den Anbieter nach Ma\u00dfgabe von Art. 6 Abs. 1 lit.\nf) DSGVO verarbeitet werden. Insbesondere ist ein Widerspruch gegen die\nDatenverarbeitung zum Zwecke der Direktwerbung statthaft.<\/strong><\/p>\n\n\n\n<h3 class=\"wp-block-heading\">III. INFORMATIONEN ZUR\nDATENVERARBEITUNG<\/h3>\n\n\n\n<p>Ihre bei Nutzung unseres Internetauftritts verarbeiteten\nDaten werden gel\u00f6scht oder gesperrt, sobald der Zweck der Speicherung entf\u00e4llt,\nder L\u00f6schung der Daten keine gesetzlichen Aufbewahrungspflichten entgegenstehen\nund nachfolgend keine anderslautenden Angaben zu einzelnen\nVerarbeitungsverfahren gemacht werden.<\/p>\n\n\n\n<p><strong>Serverdaten<\/strong><\/p>\n\n\n\n<p>Aus technischen Gr\u00fcnden, insbesondere zur Gew\u00e4hrleistung\neines sicheren und stabilen Internetauftritts, werden Daten durch Ihren\nInternet-Browser an uns bzw. an unseren Webspace-Provider \u00fcbermittelt. Mit\ndiesen sog. Server-Logfiles werden u.a. Typ und Version Ihres Internetbrowsers,\ndas Betriebssystem, die Website, von der aus Sie auf unseren Internetauftritt\ngewechselt haben (Referrer URL), die Website(s) unseres Internetauftritts, die\nSie besuchen, Datum und Uhrzeit des jeweiligen Zugriffs sowie die IP-Adresse\ndes Internetanschlusses, von dem aus die Nutzung unseres Internetauftritts\nerfolgt, erhoben.<\/p>\n\n\n\n<p>Diese so erhobenen Daten werden vorr\u00fcbergehend\ngespeichert, dies jedoch nicht gemeinsam mit anderen Daten von Ihnen.<\/p>\n\n\n\n<p>Diese Speicherung erfolgt auf der Rechtsgrundlage von Art.\n6 Abs. 1 lit. f) DSGVO. Unser berechtigtes Interesse liegt in der Verbesserung,\nStabilit\u00e4t, Funktionalit\u00e4t und Sicherheit unseres Internetauftritts.<\/p>\n\n\n\n<p>Die Daten werden sp\u00e4testens nach sieben Tage wieder\ngel\u00f6scht, soweit keine weitere Aufbewahrung zu Beweiszwecken erforderlich ist.\nAndernfalls sind die Daten bis zur endg\u00fcltigen Kl\u00e4rung eines Vorfalls ganz oder\nteilweise von der L\u00f6schung ausgenommen.<\/p>\n\n\n\n<p>a) Sitzungs-Cookies\/Session-Cookies<\/p>\n\n\n\n<p>Wir verwenden mit unserem Internetauftritt sog. Cookies.\nCookies sind kleine Textdateien oder andere Speichertechnologien, die durch den\nvon Ihnen eingesetzten Internet-Browser auf Ihrem Endger\u00e4t ablegt und\ngespeichert werden. Durch diese Cookies werden im individuellen Umfang\nbestimmte Informationen von Ihnen, wie beispielsweise Ihre Browser- oder\nStandortdaten oder Ihre IP-Adresse, verarbeitet. &nbsp;<\/p>\n\n\n\n<p>Durch diese Verarbeitung wird unser Internetauftritt\nbenutzerfreundlicher, effektiver und sicherer, da die Verarbeitung bspw. die\nWiedergabe unseres Internetauftritts in unterschiedlichen Sprachen oder das\nAngebot einer Warenkorbfunktion erm\u00f6glicht.<\/p>\n\n\n\n<p>Rechtsgrundlage dieser Verarbeitung ist Art. 6 Abs. 1 lit\nb.) DSGVO, sofern diese Cookies Daten zur Vertragsanbahnung oder\nVertragsabwicklung verarbeitet werden.<\/p>\n\n\n\n<p>Falls die Verarbeitung nicht der Vertragsanbahnung oder\nVertragsabwicklung dient, liegt unser berechtigtes Interesse in der\nVerbesserung der Funktionalit\u00e4t unseres Internetauftritts. Rechtsgrundlage ist\nin dann Art. 6 Abs. 1 lit. f) DSGVO.<\/p>\n\n\n\n<p>Mit Schlie\u00dfen Ihres Internet-Browsers werden diese\nSession-Cookies gel\u00f6scht.<\/p>\n\n\n\n<p>b) Drittanbieter-Cookies<\/p>\n\n\n\n<p>Gegebenenfalls werden mit unserem Internetauftritt auch\nCookies von Partnerunternehmen, mit denen wir zum Zwecke der Werbung, der\nAnalyse oder der Funktionalit\u00e4ten unseres Internetauftritts zusammenarbeiten,\nverwendet.<\/p>\n\n\n\n<p>Die Einzelheiten hierzu, insbesondere zu den Zwecken und\nden Rechtsgrundlagen der Verarbeitung solcher Drittanbieter-Cookies, entnehmen\nSie bitte den nachfolgenden Informationen.<\/p>\n\n\n\n<p>c) Beseitigungsm\u00f6glichkeit<\/p>\n\n\n\n<p>Sie k\u00f6nnen die Installation der Cookies durch eine\nEinstellung Ihres Internet-Browsers verhindern oder einschr\u00e4nken. Ebenfalls\nk\u00f6nnen Sie bereits gespeicherte Cookies jederzeit l\u00f6schen. Die hierf\u00fcr\nerforderlichen Schritte und Ma\u00dfnahmen h\u00e4ngen jedoch von Ihrem konkret genutzten\nInternet-Browser ab. Bei Fragen benutzen Sie daher bitte die Hilfefunktion oder\nDokumentation Ihres Internet-Browsers oder wenden sich an dessen Hersteller\nbzw. Support. Bei sog. Flash-Cookies kann die Verarbeitung allerdings nicht\n\u00fcber die Einstellungen des Browsers unterbunden werden. Stattdessen m\u00fcssen Sie\ninsoweit die Einstellung Ihres Flash-Players \u00e4ndern. Auch die hierf\u00fcr\nerforderlichen Schritte und Ma\u00dfnahmen h\u00e4ngen von Ihrem konkret genutzten\nFlash-Player ab. Bei Fragen benutzen Sie daher bitte ebenso die Hilfefunktion\noder Dokumentation Ihres Flash-Players oder wenden sich an den Hersteller bzw.\nBenutzer-Support.<\/p>\n\n\n\n<p>Sollten Sie die Installation der Cookies verhindern oder\neinschr\u00e4nken, kann dies allerdings dazu f\u00fchren, dass nicht s\u00e4mtliche Funktionen\nunseres Internetauftritts vollumf\u00e4nglich nutzbar sind.<strong>ontaktanfragen \/ Kontaktm\u00f6glichkeit<\/strong><\/p>\n\n\n\n<p>Sofern Sie per Kontaktformular oder E-Mail mit uns in\nKontakt treten, werden die dabei von Ihnen angegebenen Daten zur Bearbeitung\nIhrer Anfrage genutzt. Die Angabe der Daten ist zur Bearbeitung und\nBeantwortung Ihre Anfrage erforderlich &#8211; ohne deren Bereitstellung k\u00f6nnen wir\nIhre Anfrage nicht oder allenfalls eingeschr\u00e4nkt beantworten.<\/p>\n\n\n\n<p>Rechtsgrundlage f\u00fcr diese Verarbeitung ist Art. 6 Abs. 1\nlit. b) DSGVO.<\/p>\n\n\n\n<p>Ihre Daten werden gel\u00f6scht, sofern Ihre Anfrage\nabschlie\u00dfend beantwortet worden ist und der L\u00f6schung keine gesetzlichen\nAufbewahrungspflichten entgegenstehen, wie bspw. bei einer sich etwaig\nanschlie\u00dfenden Vertragsabwicklung.<\/p>\n\n\n\n<p><strong>Google Analytics<\/strong><\/p>\n\n\n\n<p>In unserem Internetauftritt setzen wir Google Analytics\nein. Hierbei handelt es sich um einen Webanalysedienst der Google LLC, 1600\nAmphitheatre Parkway, Mountain View, CA 94043 USA, nachfolgend nur \u201eGoogle\u201c\ngenannt. <\/p>\n\n\n\n\n\n<p>Durch die Zertifizierung nach dem EU-US-Datenschutzschild (\u201eEU-US Privacy Shield\u201c)&nbsp;&nbsp; <\/p>\n\n\n\n<p><a href=\"https:\/\/www.privacyshield.gov\/participant?id=a2zt000000001L5AAI&amp;status=Active\" target=\"_blank\" rel=\"noreferrer noopener\">https:\/\/www.privacyshield.gov\/participant?id=a2zt000000001L5AAI&amp;status=Active<\/a> &nbsp;garantiert Google, dass die Datenschutzvorgaben der EU auch bei\nder Verarbeitung von Daten in den USA eingehalten werden.<\/p>\n\n\n\n<p>Der Dienst Google Analytics dient zur Analyse des\nNutzungsverhaltens unseres Internetauftritts. Rechtsgrundlage ist Art. 6 Abs. 1\nlit. f) DSGVO. Unser berechtigtes Interesse liegt in der Analyse, Optimierung und\ndem wirtschaftlichen Betrieb unseres Internetauftritts.<\/p>\n\n\n\n<p>Nutzungs- und nutzerbezogene Informationen, wie bspw.\nIP-Adresse, Ort, Zeit oder H\u00e4ufigkeit des Besuchs unseres Internetauftritts,\nwerden dabei an einen Server von Google in den USA \u00fcbertragen und dort\ngespeichert. Allerdings nutzen wir Google Analytics mit der sog.\nAnonymisierungsfunktion. Durch diese Funktion k\u00fcrzt Google die IP-Adresse schon\ninnerhalb der EU bzw. des EWR.<\/p>\n\n\n\n<p>Die so erhobenen Daten werden wiederum von Google genutzt,\num uns eine Auswertung \u00fcber den Besuch unseres Internetauftritts sowie \u00fcber die\ndortigen Nutzungsaktivit\u00e4ten zur Verf\u00fcgung zu stellen. Auch k\u00f6nnen diese Daten\ngenutzt werden, um weitere Dienstleistungen zu erbringen, die mit der Nutzung\nunseres Internetauftritts und der Nutzung des Internets zusammenh\u00e4ngen.<\/p>\n\n\n\n<p>Google gibt an, Ihre IP-Adresse nicht mit anderen Daten zu\nverbinden. Zudem h\u00e4lt Google unter<\/p>\n\n\n\n\n\n\n\n<p><a rel=\"noreferrer noopener\" href=\"https:\/\/www.google.com\/intl\/de\/policies\/privacy\/partners\" target=\"_blank\">https:\/\/www.google.com\/intl\/de\/policies\/privacy\/partners<\/a> weitere datenschutzrechtliche Informationen f\u00fcr Sie bereit, so bspw. auch zu den M\u00f6glichkeiten, die Datennutzung zu unterbinden.&nbsp;&nbsp;&nbsp;&nbsp;&nbsp;&nbsp;&nbsp; <\/p>\n\n\n\n<p>Zudem bietet Google unter <a href=\"https:\/\/tools.google.com\/dlpage\/gaoptout?hl=de\">https:\/\/tools.google.com\/dlpage\/gaoptout?hl=de<\/a> &nbsp;ein sog. Deaktivierungs-Add-on nebst weiteren Informationen\nhierzu an. Dieses Add-on l\u00e4sst sich mit den g\u00e4ngigen Internet-Browsern\ninstallieren und bietet Ihnen weitergehende Kontrollm\u00f6glichkeit \u00fcber die Daten,\ndie Google bei Aufruf unseres Internetauftritts erfasst. Dabei teilt das Add-on\ndem JavaScript (ga.js) von Google Analytics mit, dass Informationen zum Besuch\nunseres Internetauftritts nicht an Google Analytics \u00fcbermittelt werden sollen.\nDies verhindert aber nicht, dass Informationen an uns oder an andere\nWebanalysedienste \u00fcbermittelt werden. Ob und welche weiteren Webanalysedienste\nvon uns eingesetzt werden, erfahren Sie nat\u00fcrlich ebenfalls in dieser\nDatenschutzerkl\u00e4rung.<\/p>\n\n\n\n<p><strong>Google Maps <\/strong><\/p>\n\n\n\n<p><strong>If you use google map<\/strong> In unserem Internetauftritt setzen\nwir Google Maps zur Darstellung unseres Standorts sowie zur Erstellung einer\nAnfahrtsbeschreibung ein. Es handelt sich hierbei um einen Dienst der Google\nLLC, 1600 Amphitheatre Parkway, Mountain View, CA 94043 USA, nachfolgend nur\n\u201eGoogle\u201c genannt.<\/p>\n\n\n\n<p>Durch die Zertifizierung nach dem EU-US-Datenschutzschild\n(\u201eEU-US Privacy Shield\u201c)<\/p>\n\n\n\n<p><a rel=\"noreferrer noopener\" href=\"https:\/\/www.privacyshield.gov\/participant?id=a2zt000000001L5AAI&amp;status=Active\" target=\"_blank\">https:\/\/www.privacyshield.gov\/participant?id=a2zt000000001L5AAI&amp;status=Active<\/a> <\/p>\n\n\n\n<p>garantiert Google, dass die Datenschutzvorgaben der EU auch\nbei der Verarbeitung von Daten in den USA eingehalten werden.<\/p>\n\n\n\n<p>Um die Darstellung bestimmter Schriften in unserem\nInternetauftritt zu erm\u00f6glichen, wird bei Aufruf unseres Internetauftritts eine\nVerbindung zu dem Google-Server in den USA aufgebaut.<\/p>\n\n\n\n<p>Sofern Sie die in unseren Internetauftritt eingebundene\nKomponente Google Maps aufrufen, speichert <a>Google \u00fcber Ihren\nInternet-Browser ein Cookie auf Ihrem Endger\u00e4t. Um unseren Standort anzuzeigen <\/a>und\neine Anfahrtsbeschreibung zu erstellen, werden Ihre Nutzereinstellungen und\n-daten verarbeitet. Hierbei k\u00f6nnen wir nicht ausschlie\u00dfen, dass Google Server\nin den USA einsetzt.<\/p>\n\n\n\n<p>Rechtsgrundlage ist Art. 6 Abs. 1 lit. f) DSGVO. Unser\nberechtigtes Interesse liegt in der Optimierung der Funktionalit\u00e4t unseres\nInternetauftritts.<\/p>\n\n\n\n<p>Durch die so hergestellte Verbindung zu Google kann Google\nermitteln, von welcher Website Ihre Anfrage gesendet worden ist und an welche\nIP-Adresse die Anfahrtsbeschreibung zu \u00fcbermitteln ist.<\/p>\n\n\n\n<p>Sofern Sie mit dieser Verarbeitung nicht einverstanden sind,\nhaben Sie die M\u00f6glichkeit, die Installation der Cookies durch die\nentsprechenden Einstellungen in Ihrem Internet-Browser zu verhindern.\nEinzelheiten hierzu finden Sie vorstehend unter dem Punkt \u201eCookies\u201c.<\/p>\n\n\n\n<p>Zudem erfolgt die Nutzung von Google Maps sowie der \u00fcber Google Maps erlangten Informationen nach den<a href=\"Google-Nutzungsbedingungen\">Google-Nutzungsbedingungen<\/a> <a href=\"https:\/\/policies.google.com\/terms?gl=DE&amp;hl=de\">https:\/\/policies.google.com\/terms?gl=DE&amp;hl=de<\/a>  und den <a rel=\"noreferrer noopener\" href=\"http:\/\/www.google.com\/intl\/de_de\/help\/terms_maps.html\" target=\"_blank\">Gesch\u00e4ftsbedingungen f\u00fcr Google Maps<\/a> <a href=\"https:\/\/www.google.com\/intl\/de_de\/help\/terms_maps.html\">https:\/\/www.google.com\/intl\/de_de\/help\/terms_maps.html<\/a> <strong>c<\/strong><\/p>\n\n\n\n<p>\u00dcberdies bietet Google unter<\/p>\n\n\n\n<p><a rel=\"noreferrer noopener\" href=\"https:\/\/adssettings.google.com\/authenticated\" target=\"_blank\">https:\/\/adssettings.google.com\/authenticated<\/a> und <a href=\"https:\/\/policies.google.com\/privacy\">https:\/\/policies.google.com\/privacy<\/a>  weitergehende Informationen an.<\/p>\n\n\n\n<p><strong>Google reCAPTCHA<\/strong><\/p>\n\n\n\n<p><strong>If you use reCAPTCHA<\/strong> In unserem Internetauftritt setzen\nwir Google reCAPTCHA zur \u00dcberpr\u00fcfung und Vermeidung von Interaktionen auf\nunserer Internetseite durch automatisierte Zugriffe, bspw. durch sog. Bots,\nein. Es handelt sich hierbei um einen Dienst der Google LLC, 1600 Amphitheatre\nParkway, Mountain View, CA 94043 USA, nachfolgend nur \u201eGoogle\u201c genannt.<\/p>\n\n\n\n<p>Durch die Zertifizierung nach dem EU-US-Datenschutzschild\n(\u201eEU-US Privacy Shield\u201c)<\/p>\n\n\n\n<p><a rel=\"noreferrer noopener\" href=\"https:\/\/www.privacyshield.gov\/participant?id=a2zt000000001L5AAI&amp;status=Active\" target=\"_blank\">https:\/\/www.privacyshield.gov\/participant?id=a2zt000000001L5AAI&amp;status=Active<\/a> <\/p>\n\n\n\n<p>garantiert Google, dass die Datenschutzvorgaben der EU\nauch bei der Verarbeitung von Daten in den USA eingehalten werden.<\/p>\n\n\n\n<p>Durch diesen Dienst kann Google ermitteln, von welcher\nWebseite eine Anfrage gesendet wird sowie von welcher IP-Adresse aus Sie die\nsog. reCAPTCHA-Eingabebox verwenden. Neben Ihrer IP-Adresse werden wom\u00f6glich\nnoch weitere Informationen durch Google erfasst, die f\u00fcr das Angebot und die\nGew\u00e4hrleistung dieses Dienstes notwendig sind.&nbsp;&nbsp;&nbsp;<\/p>\n\n\n\n<p>Rechtsgrundlage ist Art. 6 Abs. 1 lit. f) DSGVO. Unser\nberechtigtes Interesse liegt in der Sicherheit unseres Internetauftritts sowie\nin der Abwehr unerw\u00fcnschter, automatisierter Zugriffe in Form von Spam o.\u00e4..<\/p>\n\n\n\n<p>Google bietet unter <a href=\"https:\/\/policies.google.com\/privacy\">https:\/\/policies.google.com\/privacy<\/a> weitergehende Informationen zu dem allgemeinen Umgang mit Ihren\nNutzerdaten an.<\/p>\n\n\n\n<p><strong>Nutzung von Social-Media-Plugins von Facebook <\/strong><\/p>\n\n\n\n<p>Aufgrund unseres berechtigten Interesses an der\nAnalyse, Optimierung und dem Betrieb unseres Online-Angebotes (im Sinne des\nArt. 6 Abs. 1 lit. f. DSGVO), verwendet diese Website das\nFacebook-Social-Plugin, welches von der Facebook Inc. (1 Hacker Way, Menlo\nPark, California 94025, USA) betrieben wird. Erkennbar sind die Einbindungen an\ndem Facebook-Logo bzw. an den Begriffen \u201eLike\u201c, \u201eGef\u00e4llt mir\u201c, \u201eTeilen\u201c in den\nFarben Facebooks (Blau und Wei\u00df). Informationen zu allen Facebook-Plugins\nfinden Sie \u00fcber den folgenden Link: <a href=\"https:\/\/developers.facebook.com\/docs\/plugins\/\">https:\/\/developers.facebook.com\/docs\/plugins\/<\/a><\/p>\n\n\n\n<p>Facebook Inc. h\u00e4lt das europ\u00e4ische\nDatenschutzrecht ein und ist unter dem Privacy-Shield-Abkommen zertifiziert: <a href=\"https:\/\/www.privacyshield.gov\/participant?id=a2zt0000000GnywAAC&amp;status=Active\">https:\/\/www.privacyshield.gov\/participant?id=a2zt0000000GnywAAC&amp;status=Active<\/a><\/p>\n\n\n\n<p>Das Plugin stellt eine direkte Verbindung\nzwischen Ihrem Browser und den Facebook-Servern her. Der Websitebetreiber hat\nkeinerlei Einfluss auf die Natur und den Umfang der Daten, welche das Plugin an\ndie Server der Facebook Inc. \u00fcbermittelt. Informationen dazu finden Sie hier: <a href=\"https:\/\/www.facebook.com\/help\/186325668085084\">https:\/\/www.facebook.com\/help\/186325668085084<\/a><\/p>\n\n\n\n<p>Das Plugin informiert die Facebook Inc.\ndar\u00fcber, dass Sie als Nutzer diese Website besucht haben. Es besteht hierbei\ndie M\u00f6glichkeit, dass Ihre IP-Adresse gespeichert wird. Sind Sie w\u00e4hrend des\nBesuchs auf dieser Website in Ihrem Facebook-Konto eingeloggt, werden die\ngenannten Informationen mit diesem verkn\u00fcpft.<\/p>\n\n\n\n<p>Nutzen Sie die Funktionen des Plugins \u2013 etwa\nindem Sie einen Beitrag teilen oder \u201eliken\u201c \u2013, werden die entsprechenden\nInformationen ebenfalls an die Facebook Inc. \u00fcbermittelt.<\/p>\n\n\n\n<p>M\u00f6chten Sie verhindern, dass die Facebook. Inc.\ndiese Daten mit Ihrem Facebook-Konto verkn\u00fcpft, loggen Sie sich bitte vor dem\nBesuch dieser Website bei Facebook aus und l\u00f6schen Sie die gespeicherten\nCookies. \u00dcber Ihr Facebook-Profil k\u00f6nnen Sie weitere Einstellungen zur\nDatenverarbeitung f\u00fcr Werbezwecke t\u00e4tigen oder der Nutzung Ihrer Daten f\u00fcr\nWerbezwecke widersprechen. Zu den Einstellungen gelangen Sie hier: <\/p>\n\n\n\n<ul class=\"wp-block-list\"><li>Profileinstellungen\n     bei Facebook: <a href=\"https:\/\/www.facebook.com\/ads\/preferences\/?entry_product=ad_settings_screen\">https:\/\/www.facebook.com\/ads\/preferences\/?entry_product=ad_settings_screen<\/a><\/li><li>Cookie-Deaktivierungsseite\n     der US-amerikanischen Website: <a href=\"http:\/\/optout.aboutads.info\/?c=2#!\/\">http:\/\/optout.aboutads.info\/?c=2#!\/<\/a><\/li><li>Cookie-Deaktivierungsseite\n     der europ\u00e4ischen Website: <a href=\"http:\/\/optout.networkadvertising.org\/?c=1#!\/\">http:\/\/optout.networkadvertising.org\/?c=1#!\/<\/a><\/li><\/ul>\n\n\n\n<p>Welche Daten, zu welchem Zweck und in welchem Umfang Facebook Daten erhebt, nutzt und verarbeitet und welche Rechte sowie Einstellungsm\u00f6glichkeiten Sie zum Schutz Ihrer Privatsph\u00e4re haben, k\u00f6nnen Sie in den Datenschutzrichtlinien von Facebook nachlesen. Diese finden Sie hier: <a href=\"https:\/\/www.facebook.com\/about\/privacy\/\">https:\/\/www.facebook.com\/about\/privacy\/<\/a> <\/p>\n\n\n\n<p><strong>Nutzung\nvon Instagram<\/strong><strong><\/strong><\/p>\n\n\n\n<p>Auf unseren Seiten sind Funktionen\ndes Dienstes Instagram eingebunden. Diese Funktionen werden angeboten durch die\nInstagram Inc., 1601 Willow Road, Menlo Park, CA, 94025, USA integriert. Wenn\nSie in Ihrem Instagram-Account eingeloggt sind k\u00f6nnen Sie durch Anklicken des\nInstagram-Buttons die Inhalte unserer Seiten mit Ihrem Instagram-Profil\nverlinken. Dadurch kann Instagram den Besuch unserer Seiten Ihrem Benutzerkonto\nzuordnen. Wir weisen darauf hin, dass wir als Anbieter der Seiten keine\nKenntnis vom Inhalt der \u00fcbermittelten Daten sowie deren Nutzung durch\nInstagram erhalten.<\/p>\n\n\n\n<p>Weitere Informationen hierzu finden Sie in der Datenschutzerkl\u00e4rung von Instagram:&nbsp;<a rel=\"noreferrer noopener\" href=\"http:\/\/instagram.com\/about\/legal\/privacy\/\" target=\"_blank\">http:\/\/instagram.com\/about\/legal\/privacy\/<\/a>  <\/p>\n\n\n\n<p><strong>Inhalte und Links auf unseren Seiten <\/strong><\/p>\n\n\n\n<p>Die Inhalte unserer Seiten wurden mit gr\u00f6\u00dfter\nSorgfalt erstellt. F\u00fcr die Richtigkeit, Vollst\u00e4ndigkeit und Aktualit\u00e4t der\nInhalte k\u00f6nnen wir jedoch keine Gew\u00e4hr \u00fcbernehmen. Als Dienstanbieter sind wir\ngem\u00e4\u00df \u00a7 7 Abs.1 TMG f\u00fcr eigene Inhalte auf diesen Seiten nach den allgemeinen\nGesetzen verantwortlich. Nach \u00a7\u00a7 8 bis 10 TMG sind wir als Dienstanbieter\njedoch nicht verpflichtet, \u00fcbermittelte oder gespeicherte fremde Informationen\nzu \u00fcberwachen oder nach Umst\u00e4nden zu forschen, die auf eine rechtswidrige\nT\u00e4tigkeit hinweisen. Verpflichtungen zur Entfernung oder Sperrung der Nutzung\nvon Informationen nach den allgemeinen Gesetzen bleiben hiervon unber\u00fchrt. Eine\ndiesbez\u00fcgliche Haftung ist jedoch erst ab dem Zeitpunkt der Kenntnis einer\nkonkreten Rechtsverletzung m\u00f6glich. Bei Bekanntwerden von entsprechenden\nRechtsverletzungen werden wir diese Inhalte umgehend entfernen.<\/p>\n\n\n\n<p>Unser Angebot enth\u00e4lt Links zu externen\nWebseiten Dritter, auf deren Inhalte wir keinen Einfluss haben.<\/p>\n\n\n\n<p>Wir k\u00f6nnen f\u00fcr diese fremden Inhalte also\nkeine Gew\u00e4hr \u00fcbernehmen. F\u00fcr die Inhalte der verlinkten Seiten ist stets der\njeweilige Anbieter oder Betreiber der Seiten verantwortlich.<\/p>\n\n\n\n<p>Die verlinkten Seiten wurden zum Zeitpunkt\nder Verlinkung auf m\u00f6gliche Rechtsverst\u00f6\u00dfe \u00fcberpr\u00fcft. Rechtswidrige Inhalte\nwaren zum Zeitpunkt der Verlinkung nicht erkennbar. Eine permanente inhaltliche\nKontrolle der verlinkten Seiten ist jedoch ohne konkrete Anhaltspunkte einer\nRechtsverletzung nicht zumutbar. Bei Bekanntwerden von Rechtsverletzungen\nwerden wir derartige Links umgehend entfernen.<\/p>\n\n\n\n<p>Fragen und Anregungen zum Datenschutz sind\nuns sehr willkommen und wichtig.<\/p>\n","protected":false},"excerpt":{"rendered":"<p>Personenbezogene Daten (nachfolgend zumeist nur \u201eDaten\u201c genannt) werden von uns nur im Rahmen der Erforderlichkeit sowie zum Zwecke der Bereitstellung eines funktionsf\u00e4higen und nutzerfreundlichen Internetauftritts, inklusive seiner Inhalte und der dort angebotenen Leistungen, verarbeitet. Gem\u00e4\u00df Art. 4 Ziffer 1. der Verordnung (EU) 2016\/679, also der Datenschutz-Grundverordnung (nachfolgend nur \u201eDSGVO\u201c genannt), gilt als \u201eVerarbeitung\u201c jeder mit [&hellip;]<\/p>\n","protected":false},"author":1,"featured_media":0,"parent":0,"menu_order":0,"comment_status":"closed","ping_status":"closed","template":"","meta":{"footnotes":""},"class_list":["post-4273","page","type-page","status-publish","hentry"],"_links":{"self":[{"href":"https:\/\/datteleria.de\/de\/wp-json\/wp\/v2\/pages\/4273","targetHints":{"allow":["GET"]}}],"collection":[{"href":"https:\/\/datteleria.de\/de\/wp-json\/wp\/v2\/pages"}],"about":[{"href":"https:\/\/datteleria.de\/de\/wp-json\/wp\/v2\/types\/page"}],"author":[{"embeddable":true,"href":"https:\/\/datteleria.de\/de\/wp-json\/wp\/v2\/users\/1"}],"replies":[{"embeddable":true,"href":"https:\/\/datteleria.de\/de\/wp-json\/wp\/v2\/comments?post=4273"}],"version-history":[{"count":3,"href":"https:\/\/datteleria.de\/de\/wp-json\/wp\/v2\/pages\/4273\/revisions"}],"predecessor-version":[{"id":4818,"href":"https:\/\/datteleria.de\/de\/wp-json\/wp\/v2\/pages\/4273\/revisions\/4818"}],"wp:attachment":[{"href":"https:\/\/datteleria.de\/de\/wp-json\/wp\/v2\/media?parent=4273"}],"curies":[{"name":"wp","href":"https:\/\/api.w.org\/{rel}","templated":true}]}}