{"id":4270,"date":"2019-03-25T15:32:45","date_gmt":"2019-03-25T15:32:45","guid":{"rendered":"https:\/\/datteleria.de\/?page_id=4270"},"modified":"2019-08-27T20:39:31","modified_gmt":"2019-08-27T18:39:31","slug":"allgemeine-geschaeftsbedingungen","status":"publish","type":"page","link":"https:\/\/datteleria.de\/de\/allgemeine-geschaeftsbedingungen\/","title":{"rendered":"ALLGEMEINE GESCH\u00c4FTSBEDINGUNGEN DER DATTELERIA"},"content":{"rendered":"\n<p><a>Allgemeine Gesch\u00e4ftsbedingungen<\/a><\/p>\n\n\n\n<p>der Datteleria <\/p>\n\n\n\n<p>1.&nbsp;&nbsp;&nbsp;&nbsp;&nbsp;&nbsp; Allgemeines<\/p>\n\n\n\n<p>Alle\nLeistungen, die vom Onlineshop f\u00fcr den Kunden erbracht werden, erfolgen\nausschlie\u00dflich auf der Grundlage der nachfolgenden Allgemeinen\nGesch\u00e4ftsbedingungen. Abweichende Regelungen haben nur dann Geltung, wenn sie\nzwischen Onlineshop und Kunde individuell vereinbart wurden.<\/p>\n\n\n\n<p>2.&nbsp;&nbsp;&nbsp;&nbsp;&nbsp;&nbsp; Vertragsschluss<\/p>\n\n\n\n<p>2.1&nbsp;&nbsp;&nbsp;&nbsp; Die Angebote des Onlineshops im Internet\nstellen eine unverbindliche Aufforderung an den Kunden dar, im Onlineshop Waren\nzu bestellen.<\/p>\n\n\n\n<p>2.2&nbsp;&nbsp;&nbsp;&nbsp; Durch die Bestellung der gew\u00fcnschten Waren\nim Internet gibt der Kunde ein verbindliches Angebot auf Abschluss eines\nKaufvertrages ab.<\/p>\n\n\n\n<p>2.3&nbsp;&nbsp;&nbsp;&nbsp; Der Onlineshop best\u00e4tigt den Zugang der\nBestellung sp\u00e4testens 3\u20135 Werktage nach Zugang\nder Bestellung. Die Bestellbest\u00e4tigung wie auch die Entgegennahme einer\ntelefonischen Bestellung stellen noch keine rechtsgesch\u00e4ftliche Annahme\nunsererseits dar. Die Angebotsannahme durch uns erfolgt erst, indem wir die\nWare zum Versand an Sie bringen. Sie erhalten eine schriftliche\nVersandbest\u00e4tigung per E-Mail. Der Kunde ist jedoch h\u00f6chstens 14 Tage an sein\nAngebot gebunden.<\/p>\n\n\n\n<p>2.4&nbsp;&nbsp;&nbsp;&nbsp; Vertragsgegenstand ist die vom Kunden\nbestellte Ware. Bez\u00fcglich der Beschaffenheit gilt die Angebotsbeschreibung, im\n\u00dcbrigen gilt \u00a7 434 Abs.1 Satz 3 BGB.<\/p>\n\n\n\n<p>3. Widerrufsbelehrung<\/p>\n\n\n\n<p><strong>Widerrufsrecht<\/strong><\/p>\n\n\n\n<p>Sie\nhaben das Recht, binnen vierzehn Tagen ohne Angabe von Gr\u00fcnden diesen Vertrag\nzu widerrufen. Die Widerrufsfrist betr\u00e4gt vierzehn Tage ab dem Tag an dem Sie\noder ein von Ihnen benannter Dritter, der nicht der Bef\u00f6rderer ist, die Waren\nin Besitz genommen haben bzw. hat<strong>.<\/strong>\nUm Ihr Widerrufsrecht auszu\u00fcben, m\u00fcssen Sie uns <\/p>\n\n\n\n<p>&nbsp;&nbsp;&nbsp;&nbsp;&nbsp;&nbsp;&nbsp;&nbsp;&nbsp;&nbsp;&nbsp;&nbsp;&nbsp;&nbsp;&nbsp;&nbsp;&nbsp;&nbsp;&nbsp;&nbsp;&nbsp;&nbsp;&nbsp;&nbsp; Onlinehandel: Datteleria\n&#8211; Import von Datteln und Dattelprodukten<\/p>\n\n\n\n<p>&nbsp;&nbsp;&nbsp;&nbsp;&nbsp;&nbsp;&nbsp;&nbsp;&nbsp;&nbsp;&nbsp;&nbsp;&nbsp;&nbsp;&nbsp;&nbsp;&nbsp;&nbsp;&nbsp;&nbsp;&nbsp;&nbsp;&nbsp;&nbsp; Inhaber: Frau Hadil\nKhalili<\/p>\n\n\n\n<p>\u00a0\u00a0\u00a0\u00a0\u00a0\u00a0\u00a0\u00a0\u00a0\u00a0\u00a0\u00a0\u00a0\u00a0\u00a0\u00a0\u00a0\u00a0\u00a0\u00a0\u00a0\u00a0\u00a0\u00a0 Pfladergasse 5, 86150 Augsburg<\/p>\n\n\n\n<p>&nbsp;&nbsp;&nbsp;&nbsp;&nbsp;&nbsp;&nbsp;&nbsp;&nbsp;&nbsp;&nbsp;&nbsp;&nbsp;&nbsp;&nbsp;&nbsp;&nbsp;&nbsp;&nbsp;&nbsp;&nbsp;&nbsp;&nbsp;&nbsp; Telefonnummer&nbsp;&nbsp;&nbsp;&nbsp;&nbsp;015758830322<\/p>\n\n\n\n<p>&nbsp;&nbsp;&nbsp;&nbsp;&nbsp;&nbsp;&nbsp;&nbsp; &nbsp;&nbsp;&nbsp;&nbsp;&nbsp;&nbsp;&nbsp;&nbsp;&nbsp;&nbsp;&nbsp;&nbsp;&nbsp;&nbsp;&nbsp; E-Mail:\ninfo@datteleria.de <\/p>\n\n\n\n<p>mittels\neiner eindeutigen Erkl\u00e4rung (z.B. ein mit der Post versandter Brief, Telefax\noder E-Mail) \u00fcber Ihren Entschluss, diesen Vertrag zu widerrufen, informieren.\nSie k\u00f6nnen daf\u00fcr das beigef\u00fcgte Muster-Widerrufsformular verwenden, das jedoch\nnicht vorgeschrieben ist. <\/p>\n\n\n\n<p>Zur\nWahrung der Widerrufsfrist reicht es aus, dass Sie die Mitteilung \u00fcber die\nAus\u00fcbung des Widerrufsrechts vor Ablauf der Widerrufsfrist absenden.<\/p>\n\n\n\n<p><strong>Folgen des Widerrufs<\/strong><\/p>\n\n\n\n<p>Wenn\nSie diesen Vertrag widerrufen, haben wir Ihnen alle Zahlungen, die wir von\nIhnen erhalten haben, einschlie\u00dflich der Lieferkosten (mit Ausnahme der\nzus\u00e4tzlichen Kosten, die sich daraus ergeben, dass Sie eine andere Art der\nLieferung als die von uns angebotene, g\u00fcnstigste Standardlieferung gew\u00e4hlt\nhaben), unverz\u00fcglich und sp\u00e4testens binnen vierzehn Tagen ab dem Tag\nzur\u00fcckzuzahlen, an dem die Mitteilung \u00fcber Ihren Widerruf dieses Vertrags bei\nuns eingegangen ist. F\u00fcr diese R\u00fcckzahlung verwenden wir dasselbe\nZahlungsmittel, das Sie bei der urspr\u00fcnglichen Transaktion eingesetzt haben, es\nsei denn, mit Ihnen wurde ausdr\u00fccklich etwas anderes vereinbart; in keinem Fall\nwerden Ihnen wegen dieser R\u00fcckzahlung Entgelte berechnet<strong>. <\/strong>Wir k\u00f6nnen die R\u00fcckzahlung verweigern, bis wir die Waren wieder\nzur\u00fcckerhalten haben oder bis Sie den Nachweis erbracht haben, dass Sie die\nWaren zur\u00fcckgesandt haben, je nachdem, welches der fr\u00fchere Zeitpunkt ist.<\/p>\n\n\n\n<p>&nbsp;<br>\nSie haben die Waren unverz\u00fcglich und in jedem Fall sp\u00e4testens binnen vierzehn Tagen\nab dem Tag, an dem Sie uns \u00fcber den Widerruf dieses Vertrags unterrichten, an\nuns zur\u00fcckzusenden oder zu \u00fcbergeben. Die Frist ist gewahrt, wenn Sie die Waren\nvor Ablauf der Frist von vierzehn Tagen absenden. Die unmittelbaren Kosten der\nR\u00fccksendung sind von Ihnen zu tragen. <\/p>\n\n\n\n<p><a><strong>Erl\u00f6schen\ndes Widerrufsrechts<\/strong><\/a><\/p>\n\n\n\n<p>Die im Online-Shop\nerh\u00e4ltlichen Produkte sind Lebensmittel, welche unter anderem leicht\nverderblich sind. Ihr Widerrufsrecht kann vorzeitig erl\u00f6schen, wenn Sie die\nVersiegelung der Ware nach der Lieferung entfernen, da die Ware dann nicht mehr\nzur R\u00fcckgabe geeignet ist. <\/p>\n\n\n\n<p><strong>Ende\nder Widerrufsbelehrung<\/strong><\/p>\n\n\n\n<p><a><strong>Muster-Widerrufsformular <\/strong><\/a><\/p>\n\n\n\n<p><strong>Wenn\nSie den Vertrag widerrufen wollen, dann f\u00fcllen Sie bitte dieses Formular aus\nund senden Sie es zur\u00fcck an:<\/strong><\/p>\n\n\n\n<p>Datteleria <\/p>\n\n\n\n<p>Frau Hadil Khalili<\/p>\n\n\n\n<p>Pfladergasse 5, 86150 Augsburg<\/p>\n\n\n\n<p>E-Mail: <a href=\"mailto:info@datteleria.de\">info@datteleria.de<\/a> <\/p>\n\n\n\n<p>Hiermit widerrufe(n)\nich\/wir*) den von mir\/uns*) abgeschlossenen Vertrag \u00fcber den Kauf der folgenden\nWaren:<\/p>\n\n\n\n<p>&#8230;&#8230;&#8230;&#8230;&#8230;&#8230;&#8230;&#8230;&#8230;&#8230;&#8230;&#8230;&#8230;&#8230;&#8230;&#8230;&#8230;&#8230;&#8230;&#8230;&#8230;&#8230;&#8230;&#8230;&#8230;&#8230;&#8230;&#8230;&#8230;&#8230;&#8230;&#8230;&#8230;&#8230;&#8230;&#8230;&#8230;&#8230;&#8230;&#8230;&#8230;&#8230;&#8230;&#8230;&#8230;&#8230;&#8230;&#8230;&#8230;&#8230;&#8230;&#8230;&#8230;&#8230;&#8230;&#8230;&#8230;&#8230;&#8230;&#8230;&#8230;&#8230;&#8230;&#8230;&#8230;&#8230;&#8230;&#8230;(Bezeichnung\nder Ware, &nbsp;Anzahl, ggf. Bestellnr. und\nPreis)<\/p>\n\n\n\n<p>Bestellt am *)\n&#8230;&#8230;&#8230;&#8230;&#8230;&#8230;&#8230;&#8230;&#8230;&#8230;&#8230;\/erhalten am&#8230;&#8230;&#8230;&#8230;&#8230;&#8230;&#8230;&#8230;&#8230;.*)<\/p>\n\n\n\n<p>Name des \/ der\nVerbraucher(s)<\/p>\n\n\n\n<p>Anschrift des \/ der\nVerbraucher(s)<\/p>\n\n\n\n<p>Datum<\/p>\n\n\n\n<p>Unterschrift des\/der\nVerbraucher(s) (nur bei Mitteilung auf Papier)<\/p>\n\n\n\n<p>*) Unzutreffendes streichen <\/p>\n\n\n\n<p>4.&nbsp;&nbsp;&nbsp;&nbsp;&nbsp;&nbsp; Lieferung<\/p>\n\n\n\n<p>4.1&nbsp;&nbsp;&nbsp;&nbsp; Alle Artikel werden innerhalb von 3-5\nWerktagen, sofern ab Lager verf\u00fcgbar, in den Versand gegeben.<\/p>\n\n\n\n<p>Die Lieferung erfolgt weltweit.\n<\/p>\n\n\n\n<p>4.2&nbsp;&nbsp;&nbsp;&nbsp; Die Lieferzeit innerhalb Deutschlands\nbetr\u00e4gt, sofern nicht beim Angebot anders angegeben, 3-5 Werktage. Die\nLieferung erfolgt also sp\u00e4testens innerhalb von 10 Arbeitstagen (Montag bis\nFreitag, Feiertage ausgenommen) nach Erteilung des Zahlungsauftrags an das\n\u00fcberweisende Kreditinstitut (bei Vorkasse, Sofort\u00fcberweisung, Kreditkarte) bzw.\nnach Vertragsschluss (giropay).<\/p>\n\n\n\n<p>Bei\nAuslandslieferungen betr\u00e4gt die Lieferzeit, sofern nicht beim Angebot anders\nangegeben, 5-7 Werktage. Die Lieferung erfolgt also sp\u00e4testens innerhalb von 12\nArbeitstagen (Montag bis Freitag, Feiertage ausgenommen) nach Erteilung des\nZahlungsauftrags an das \u00fcberweisende Kreditinstitut (bei Vorkasse,\nSofort\u00fcberweisung, Kreditkarte) bzw. nach Vertragsschluss (giropay).<\/p>\n\n\n\n<p>4.3&nbsp;&nbsp;&nbsp;&nbsp; Sollte ein Artikel kurzfristig nicht\nverf\u00fcgbar sein, informieren wir Sie per E-Mail \u00fcber die zu erwartende\nLieferzeit, sofern uns eine E-Mail-Adresse von Ihnen vorliegt.<\/p>\n\n\n\n<p>5.&nbsp;&nbsp;&nbsp;&nbsp;&nbsp;&nbsp; Verpackungs- und Versandkosten <\/p>\n\n\n\n<p>5.1&nbsp;&nbsp;&nbsp;&nbsp; Wir sichern Ihnen zu, dass die Datteln oder\nDattel-Produkte sicher verpackt in h\u00f6chster Qualit\u00e4t zugestellt werden.<\/p>\n\n\n\n<p>5.2&nbsp;&nbsp;&nbsp;&nbsp; F\u00fcr Lieferung innerhalb Deutschlands und\nVerpackungskosten berechnen wir 5,95 \u20ac.<\/p>\n\n\n\n<p>5.3&nbsp;&nbsp;&nbsp;&nbsp; Bei Bestellungen mit einem Bestellwert \u00fcber\n45 EUR liefern wir innerhalb Deutschlands versandkostenfrei.<\/p>\n\n\n\n<p>&nbsp;&nbsp;&nbsp;&nbsp;&nbsp;&nbsp;&nbsp;&nbsp;&nbsp; F\u00fcr Auslandslieferungen gilt die Versandkostenbefreiung bei\neinem Bestellwert \u00fcber 45 EUR nicht.<\/p>\n\n\n\n<p>6.&nbsp;&nbsp;&nbsp;&nbsp;&nbsp;&nbsp; Zahlung, Eigentumsvorbehalt<\/p>\n\n\n\n<p>6.1&nbsp;&nbsp;&nbsp;&nbsp; Die dargestellten Preise in diesem Shop\nsind <strong>Endpreise<\/strong> zuz\u00fcglich Versandkosten. Im Sinne von \u00a7 19 UStG wird <strong>keine\nUmsatzsteuer erhoben<\/strong> und demnach auch nicht ausgewiesen.<\/p>\n\n\n\n<p>Der\nKunde ist verpflichtet, den Kaufpreis unverz\u00fcglich nach Vertragsschluss per\n\u00dcberweisungen auf unser Konto zu zahlen.<\/p>\n\n\n\n<p>Bei\nZahlung per Vorkasse erhalten Sie von uns eine E-Mail mit den genauen\nRechnungsdaten. Bitte tragen Sie deshalb unbedingt Ihre E-Mail-Adresse in das\nBestellformular ein, damit wir mit Ihnen in Kontakt treten k\u00f6nnen. Bitte geben\nSie bei Ihrer \u00dcberweisung als Verwendungszweck Ihren Namen und die\nRechnungsnummer an, damit wir Ihren Zahlungseingang der Bestellung zuordnen\nk\u00f6nnen. <\/p>\n\n\n\n<ul class=\"wp-block-list\"><li><a href=\"mailto:info@datteleria.de\">info@datteleria.de<\/a> &nbsp;<\/li><\/ul>\n\n\n\n<p>6.3&nbsp;&nbsp;&nbsp;&nbsp; Bis zur vollst\u00e4ndigen Bezahlung bleiben die\ngelieferten Waren unser Eigentum (Eigentumsvorbehalt nach \u00a7\u00a7158, 449 BGB). \u00dcber\nZwangsvollstreckungsma\u00dfnahmen Dritter in die Vorbehaltsware hat uns der Kunde\nunverz\u00fcglich unter \u00dcbergabe der f\u00fcr eine Intervention notwendigen Unterlagen zu\nunterrichten; dies gilt auch f\u00fcr Beeintr\u00e4chtigungen sonstiger Art. Unabh\u00e4ngig\ndavon hat der Kunde bereits im Vorhinein die Dritten auf die an der Ware\nbestehenden Rechte hinzuweisen.<\/p>\n\n\n\n<p>7.&nbsp;&nbsp;&nbsp;&nbsp;&nbsp;&nbsp; Gew\u00e4hrleistung<\/p>\n\n\n\n<p>Ist\ndie Nacherf\u00fcllung im Wege der Ersatzlieferung erfolgt, ist der Besteller dazu\nverpflichtet, die zuerst gelieferte Ware innerhalb von 30\nTagen an uns auf unsere Kosten zur\u00fcckzusenden. Die R\u00fccksendung der mangelhaften\nWare hat nach den gesetzlichen Vorschriften zu erfolgen. Wir behalten uns vor,\nunter den gesetzlich geregelten Voraussetzungen Schadensersatz geltend zu\nmachen.<\/p>\n\n\n\n<p>8.&nbsp;&nbsp;&nbsp;&nbsp;&nbsp;&nbsp; M\u00e4ngelhaftung<\/p>\n\n\n\n<p>Information zur\nM\u00e4ngelhaftung:&nbsp; Es gilt die gesetzliche\nM\u00e4ngelhaftung.<\/p>\n\n\n\n<p>9.&nbsp;&nbsp;&nbsp;&nbsp;&nbsp;&nbsp; Datenschutz<\/p>\n\n\n\n<p>Unsere\nDatenschutzerkl\u00e4rung ist unter (Link) abrufbar.<\/p>\n\n\n\n<p>10.&nbsp;&nbsp;&nbsp; Urheberrecht <\/p>\n\n\n\n<p>Die\ndurch die Seitenbetreiber erstellten Inhalte und Werke auf diesen Seiten\nunterliegen dem deutschen Urheberrecht. Die Vervielf\u00e4ltigung, Bearbeitung,\nVerbreitung und jede Art der Verwertung au\u00dferhalb der Grenzen des\nUrheberrechtes bed\u00fcrfen der schriftlichen Zustimmung des jeweiligen Autors bzw.\nErstellers. Downloads und Kopien dieser Seite sind nur f\u00fcr den privaten, nicht\nkommerziellen Gebrauch gestattet. Soweit die Inhalte auf dieser Seite nicht vom\nBetreiber erstellt wurden, werden die Urheberrechte Dritter beachtet.\nInsbesondere werden Inhalte Dritter als solche gekennzeichnet. Sollten Sie\ntrotzdem auf eine Urheberrechtsverletzung aufmerksam werden, bitten wir um\neinen entsprechenden Hinweis. Bei Bekanntwerden von Rechtsverletzungen werden\nwir derartige Inhalte umgehend entfernen. <\/p>\n\n\n\n<p>11.&nbsp;&nbsp;&nbsp; Sonstiges<\/p>\n\n\n\n<p>Zur\nBeilegung von Streitigkeiten im Online-Handel zwischen Verbraucher und H\u00e4ndler,\nhat die EU-Kommission eine Plattform (die sogenannte OS-Plattform)\neingerichtet. Diese Plattform sowie weitere Informationen erreichen sie unter\nfolgendem <\/p>\n\n\n\n<p>Link:\nhttp:\/\/ec.europa.eu\/consumers\/odr<\/p>\n\n\n\n<p>Wir nehmen nicht an einem Streitbeilegungsverfahren vor der\nVerbraucherschlichtungsstelle teil. <\/p>\n\n\n\n<p>12.&nbsp;&nbsp;&nbsp; Inhalte und Links auf unseren Seiten <\/p>\n\n\n\n<p>12.1&nbsp;&nbsp; Die Inhalte unserer Seiten wurden mit gr\u00f6\u00dfter\nSorgfalt erstellt. F\u00fcr die Richtigkeit, Vollst\u00e4ndigkeit und Aktualit\u00e4t der\nInhalte k\u00f6nnen wir jedoch keine Gew\u00e4hr \u00fcbernehmen. Als Dienstanbieter sind wir\ngem\u00e4\u00df \u00a7 7 Abs.1 TMG f\u00fcr eigene Inhalte auf diesen Seiten nach den allgemeinen\nGesetzen verantwortlich. Nach \u00a7\u00a7 8 bis 10 TMG sind wir als Dienstanbieter\njedoch nicht verpflichtet, \u00fcbermittelte oder gespeicherte fremde Informationen\nzu \u00fcberwachen oder nach Umst\u00e4nden zu forschen, die auf eine rechtswidrige\nT\u00e4tigkeit hinweisen. Verpflichtungen zur Entfernung oder Sperrung der Nutzung\nvon Informationen nach den allgemeinen Gesetzen bleiben hiervon unber\u00fchrt. Eine\ndiesbez\u00fcgliche Haftung ist jedoch erst ab dem Zeitpunkt der Kenntnis einer\nkonkreten Rechtsverletzung m\u00f6glich. Bei Bekanntwerden von entsprechenden\nRechtsverletzungen werden wir diese Inhalte umgehend entfernen.<\/p>\n\n\n\n<p>Unser\nAngebot enth\u00e4lt Links zu externen Webseiten Dritter, auf deren Inhalte wir\nkeinen Einfluss haben.<\/p>\n\n\n\n<p>Wir\nk\u00f6nnen f\u00fcr diese fremden Inhalte also keine Gew\u00e4hr \u00fcbernehmen. F\u00fcr die Inhalte\nder verlinkten Seiten ist stets der jeweilige Anbieter oder Betreiber der\nSeiten verantwortlich.<\/p>\n\n\n\n<p>Die\nverlinkten Seiten wurden zum Zeitpunkt der Verlinkung auf m\u00f6gliche\nRechtsverst\u00f6\u00dfe \u00fcberpr\u00fcft. Rechtswidrige Inhalte waren zum Zeitpunkt der\nVerlinkung nicht erkennbar. Eine permanente inhaltliche Kontrolle der\nverlinkten Seiten ist jedoch ohne konkrete Anhaltspunkte einer Rechtsverletzung\nnicht zumutbar. Bei Bekanntwerden von Rechtsverletzungen werden wir derartige\nLinks umgehend entfernen.<\/p>\n\n\n\n<p>13.&nbsp;&nbsp;&nbsp; Schlussbestimmungen<\/p>\n\n\n\n<p>Die\nGeltung des UN-Kaufrechts wird ausgeschlossen, es gilt deutsches Recht. Mit\neiner Bestellung werden die Allgemeinen Gesch\u00e4ftsbedingungen des Onlineshops\nanerkannt. <\/p>\n\n\n\n<p>Hat\nder Kunde keinen allgemeinen Gerichtsstand in Deutschland oder in einem anderen\nEU-Mitgliedstaat, ist ausschlie\u00dflich Gerichtsstand f\u00fcr s\u00e4mtliche Streitigkeiten\naus diesem Vertrag unser Gesch\u00e4ftssitz.<\/p>\n","protected":false},"excerpt":{"rendered":"<p>Allgemeine Gesch\u00e4ftsbedingungen der Datteleria 1.&nbsp;&nbsp;&nbsp;&nbsp;&nbsp;&nbsp; Allgemeines Alle Leistungen, die vom Onlineshop f\u00fcr den Kunden erbracht werden, erfolgen ausschlie\u00dflich auf der Grundlage der nachfolgenden Allgemeinen Gesch\u00e4ftsbedingungen. Abweichende Regelungen haben nur dann Geltung, wenn sie zwischen Onlineshop und Kunde individuell vereinbart wurden. 2.&nbsp;&nbsp;&nbsp;&nbsp;&nbsp;&nbsp; Vertragsschluss 2.1&nbsp;&nbsp;&nbsp;&nbsp; Die Angebote des Onlineshops im Internet stellen eine unverbindliche Aufforderung an den [&hellip;]<\/p>\n","protected":false},"author":1,"featured_media":0,"parent":0,"menu_order":0,"comment_status":"closed","ping_status":"closed","template":"","meta":{"footnotes":""},"class_list":["post-4270","page","type-page","status-publish","hentry"],"_links":{"self":[{"href":"https:\/\/datteleria.de\/de\/wp-json\/wp\/v2\/pages\/4270","targetHints":{"allow":["GET"]}}],"collection":[{"href":"https:\/\/datteleria.de\/de\/wp-json\/wp\/v2\/pages"}],"about":[{"href":"https:\/\/datteleria.de\/de\/wp-json\/wp\/v2\/types\/page"}],"author":[{"embeddable":true,"href":"https:\/\/datteleria.de\/de\/wp-json\/wp\/v2\/users\/1"}],"replies":[{"embeddable":true,"href":"https:\/\/datteleria.de\/de\/wp-json\/wp\/v2\/comments?post=4270"}],"version-history":[{"count":5,"href":"https:\/\/datteleria.de\/de\/wp-json\/wp\/v2\/pages\/4270\/revisions"}],"predecessor-version":[{"id":4821,"href":"https:\/\/datteleria.de\/de\/wp-json\/wp\/v2\/pages\/4270\/revisions\/4821"}],"wp:attachment":[{"href":"https:\/\/datteleria.de\/de\/wp-json\/wp\/v2\/media?parent=4270"}],"curies":[{"name":"wp","href":"https:\/\/api.w.org\/{rel}","templated":true}]}}