{"id":4241,"date":"2019-03-20T11:07:15","date_gmt":"2019-03-20T11:07:15","guid":{"rendered":"https:\/\/datteleria.de\/why-dates\/"},"modified":"2019-04-17T14:19:19","modified_gmt":"2019-04-17T12:19:19","slug":"warum-datteln","status":"publish","type":"page","link":"https:\/\/datteleria.de\/de\/warum-datteln\/","title":{"rendered":"Warum Datteln?"},"content":{"rendered":"<div class=\"wpb-content-wrapper\"><p>[vc_row][vc_column][vc_column_text]<\/p>\n<h2 style=\"text-align: center;\">Warum Datteln?<\/h2>\n<p>[\/vc_column_text][vc_column_text]Haben Sie sich schon einmal gefragt, was passieren w\u00fcrde, wenn Sie damit anfingen, Datteln zu essen? M\u00f6glicherweise nicht! Die meisten Menschen haben Datteln und ihre gesundheitlichen Vorz\u00fcge eher weniger im Blick. Dabei sind Datteln hinsichtlich ihrer gesundheitlichen Wirkung absolut erstaunlich. Essen Sie drei Datteln pro Tag und erleben Sie, wie ihr K\u00f6rper davon profitiert!<\/p>\n<p>Datteln geh\u00f6ren zu den ges\u00fcndesten Fr\u00fcchten \u00fcberhaupt, denn sie beinhalten eine ganze Menge wichtiger N\u00e4hrstoffe, u.a. die Spurenelemente Kupfer, Kalium und Mangan, Ballaststoffe, Vitamin B6 und Magnesium.<\/p>\n<p>Ebenso wissen nur Wenige um ihre Vorteile beim Abnehmen: Datteln sind enorm verdauungsf\u00f6rdernd, helfen bei Verstopfung und verbessern die Verdauungsfunktion.<\/p>\n<p>Das in den Datteln enthaltene Magnesium reduziert Bluthochdruck, Kalium unterst\u00fctzt zudem die Herzt\u00e4tigkeit.<\/p>\n<p><a href=\"https:\/\/datteleria.de\/de\/das-wunder-der-datteln\/\">Datteln unterst\u00fctzen den K\u00f6rper auch in der Schwangerschaft. Frauen, die w\u00e4hrend der Schwangerschaft Datteln konsumierten, zeigten verbesserte K\u00f6rperfunktionen und leichtere Geburtsvorg\u00e4nge. Ebenso helfen Datteln bei der R\u00fcckbildung nach der Schwangerschaft.<\/a>[\/vc_column_text][\/vc_column][\/vc_row]<\/p>\n<\/div>","protected":false},"excerpt":{"rendered":"<p>[vc_row][vc_column][vc_column_text] Warum Datteln? [\/vc_column_text][vc_column_text]Haben Sie sich schon einmal gefragt, was passieren w\u00fcrde, wenn Sie damit anfingen, Datteln zu essen? M\u00f6glicherweise nicht! Die meisten Menschen haben Datteln und ihre gesundheitlichen Vorz\u00fcge eher weniger im Blick. Dabei sind Datteln hinsichtlich ihrer gesundheitlichen Wirkung absolut erstaunlich. Essen Sie drei Datteln pro Tag und erleben Sie, wie ihr K\u00f6rper [&hellip;]<\/p>\n","protected":false},"author":1,"featured_media":0,"parent":0,"menu_order":0,"comment_status":"closed","ping_status":"closed","template":"","meta":{"footnotes":""},"class_list":["post-4241","page","type-page","status-publish","hentry"],"_links":{"self":[{"href":"https:\/\/datteleria.de\/de\/wp-json\/wp\/v2\/pages\/4241","targetHints":{"allow":["GET"]}}],"collection":[{"href":"https:\/\/datteleria.de\/de\/wp-json\/wp\/v2\/pages"}],"about":[{"href":"https:\/\/datteleria.de\/de\/wp-json\/wp\/v2\/types\/page"}],"author":[{"embeddable":true,"href":"https:\/\/datteleria.de\/de\/wp-json\/wp\/v2\/users\/1"}],"replies":[{"embeddable":true,"href":"https:\/\/datteleria.de\/de\/wp-json\/wp\/v2\/comments?post=4241"}],"version-history":[{"count":5,"href":"https:\/\/datteleria.de\/de\/wp-json\/wp\/v2\/pages\/4241\/revisions"}],"predecessor-version":[{"id":4576,"href":"https:\/\/datteleria.de\/de\/wp-json\/wp\/v2\/pages\/4241\/revisions\/4576"}],"wp:attachment":[{"href":"https:\/\/datteleria.de\/de\/wp-json\/wp\/v2\/media?parent=4241"}],"curies":[{"name":"wp","href":"https:\/\/api.w.org\/{rel}","templated":true}]}}