{"id":4226,"date":"2017-03-20T01:57:25","date_gmt":"2017-03-20T01:57:25","guid":{"rendered":"https:\/\/datteleria.de\/about-us\/"},"modified":"2019-05-05T15:26:11","modified_gmt":"2019-05-05T13:26:11","slug":"uber-uns","status":"publish","type":"page","link":"https:\/\/datteleria.de\/de\/uber-uns\/","title":{"rendered":"\u00dcber uns"},"content":{"rendered":"<div class=\"wpb-content-wrapper\"><p>[vc_row el_class=&#8221;row-makeby&#8221;][vc_column width=&#8221;7\/12&#8243;]<div class=\"section-title-container alus-section-title not-margin \"><div class=\"section-title-main\"><span class=\"font-500 \" style=\"font-size:24px \" >Datteleria<\/span><\/div><b><\/b><\/div>[vc_column_text el_class=&#8221;font-pri-home&#8221; css=&#8221;.vc_custom_1553088962948{margin-top: 7px !important;margin-bottom: 20px !important;}&#8221;]<\/p>\n<p style=\"font-size: 42px; line-height: 48px; text-align: center;\">Wer wir sind?<\/p>\n<p>[\/vc_column_text][vc_column_text css=&#8221;.vc_custom_1557062554422{margin-bottom: 25px !important;}&#8221;]<\/p>\n<p style=\"text-align: center;\">Willkommen in einer einzigartigen Welt, die wunderbaren Geschmack und hohen N\u00e4hrwert und miteinander verbindet!<\/p>\n<p style=\"text-align: center;\">\nAufgrund meiner Leidenschaft f\u00fcr die Pflanzen und die Natur habe ich Agrarwissenschaften studiert. Meiner festen \u00dcberzeugung nach, schenkt uns die Erde einen wunderbaren Reichtum an Lebensmitteln, die wir brauchen, ja dar\u00fcber hinaus auch wichtige Heilmittel f\u00fcr unsere Gesundheit.<\/p>\n<p style=\"text-align: center;\">\nW\u00e4hrend meiner langj\u00e4hrigen Arbeit in Dubai, in den Bereichen Landwirtschaft und Ern\u00e4hrung, habe ich intensiv nach einer qualitativen Verbesserung von Fr\u00fcchten, die in der Region wachsen gesucht.<\/p>\n<p style=\"text-align: center;\">\nIch habe bei meiner Arbeit die Dattelfrucht ins Zentrum meiner Arbeit gestellt, wegen ihrer unglaublichen Vielseitigkeit, ihrer erstaunlichen Vorz\u00fcge und ihres delikaten Geschmacks.<\/p>\n<p style=\"text-align: center;\">\nDeshalb ist es mein Wunsch diese hochwertige und vielseitig verwendbare Frucht vielen Menschen n\u00e4her zu bringen.<\/p>\n<p>[\/vc_column_text][vc_column_text]<\/p>\n<h3 style=\"text-align: center;\"><em><strong>Hadil Khalili<\/strong><\/em><\/h3>\n<p>[\/vc_column_text][\/vc_column][vc_column width=&#8221;5\/12&#8243;]\t\t\t<div class=\"alus-images-shortcode layout-grid columns-1   \" >\n\t\t\t\t<div class=\"images-gallery\">\n\t\t\t\t\n\t\t\t\t\t<div class=\"images-gallery-item\">\n\t\t\t\t\t\t\t\t\t\t\t\t<img loading=\"lazy\" decoding=\"async\" width=\"200\" height=\"300\" src=\"https:\/\/datteleria.de\/wp-content\/uploads\/2019\/02\/Khalili-07--200x300.jpg\" class=\"attachment-medium size-medium\" alt=\"Hadil Khalili\" srcset=\"https:\/\/datteleria.de\/wp-content\/uploads\/2019\/02\/Khalili-07--200x300.jpg 200w, https:\/\/datteleria.de\/wp-content\/uploads\/2019\/02\/Khalili-07-.jpg 600w\" sizes=\"auto, (max-width: 200px) 100vw, 200px\" \/>\t\t\t\t\t\t\t\t\t\t\t<\/div>\n\t\t\t\t\t\t\t\t\t<\/div>\n\t<\/div>\n\n\t[\/vc_column][\/vc_row][vc_row css=&#8221;.vc_custom_1532276275962{margin-bottom: 60px !important;}&#8221;][vc_column]<div class=\"section-title-container alus-section-title bordered-v2 \"><b><\/b><div class=\"section-title-main\"><span class=\"font-600 \" style=\"font-size:24px \" >Unsere Vision<\/span><\/div><b><\/b><\/div>[vc_column_text]&nbsp;<\/p>\n<p style=\"text-align: center;\">Wir m\u00f6chten unseren Kunden diese orientalische Frucht in ihrer vielf\u00e4ltigen Erscheinung in unseren werthaltigen Produkten vorstellen.<br \/>\nWir garantieren Ihnen, dass wir uns jedwede M\u00fche geben Ihre Erwartungen hinsichtlich Geschmack, Pr\u00e4sentation und Qualit\u00e4t zu erf\u00fcllen.<br \/>\nWir bieten nur das Beste vom Besten.<\/p>\n<p>[\/vc_column_text][\/vc_column][\/vc_row]<\/p>\n<\/div>","protected":false},"excerpt":{"rendered":"<p>[vc_row el_class=&#8221;row-makeby&#8221;][vc_column width=&#8221;7\/12&#8243;][vc_column_text el_class=&#8221;font-pri-home&#8221; css=&#8221;.vc_custom_1553088962948{margin-top: 7px !important;margin-bottom: 20px !important;}&#8221;] Wer wir sind? [\/vc_column_text][vc_column_text css=&#8221;.vc_custom_1557062554422{margin-bottom: 25px !important;}&#8221;] Willkommen in einer einzigartigen Welt, die wunderbaren Geschmack und hohen N\u00e4hrwert und miteinander verbindet! Aufgrund meiner Leidenschaft f\u00fcr die Pflanzen und die Natur habe ich Agrarwissenschaften studiert. Meiner festen \u00dcberzeugung nach, schenkt uns die Erde einen wunderbaren Reichtum an [&hellip;]<\/p>\n","protected":false},"author":1,"featured_media":0,"parent":0,"menu_order":0,"comment_status":"closed","ping_status":"closed","template":"","meta":{"footnotes":""},"class_list":["post-4226","page","type-page","status-publish","hentry"],"_links":{"self":[{"href":"https:\/\/datteleria.de\/de\/wp-json\/wp\/v2\/pages\/4226","targetHints":{"allow":["GET"]}}],"collection":[{"href":"https:\/\/datteleria.de\/de\/wp-json\/wp\/v2\/pages"}],"about":[{"href":"https:\/\/datteleria.de\/de\/wp-json\/wp\/v2\/types\/page"}],"author":[{"embeddable":true,"href":"https:\/\/datteleria.de\/de\/wp-json\/wp\/v2\/users\/1"}],"replies":[{"embeddable":true,"href":"https:\/\/datteleria.de\/de\/wp-json\/wp\/v2\/comments?post=4226"}],"version-history":[{"count":5,"href":"https:\/\/datteleria.de\/de\/wp-json\/wp\/v2\/pages\/4226\/revisions"}],"predecessor-version":[{"id":4700,"href":"https:\/\/datteleria.de\/de\/wp-json\/wp\/v2\/pages\/4226\/revisions\/4700"}],"wp:attachment":[{"href":"https:\/\/datteleria.de\/de\/wp-json\/wp\/v2\/media?parent=4226"}],"curies":[{"name":"wp","href":"https:\/\/api.w.org\/{rel}","templated":true}]}}